{"id":8135,"date":"2020-04-29T12:38:04","date_gmt":"2020-04-29T16:38:04","guid":{"rendered":"https:\/\/www.bromontmontagne.com\/maps-of-the-mountain\/carte-ski\/"},"modified":"2026-03-26T13:49:16","modified_gmt":"2026-03-26T17:49:16","slug":"ski","status":"publish","type":"page","link":"https:\/\/www.bromontmontagne.com\/en\/maps-of-the-mountain\/ski\/","title":{"rendered":"onglet &#8211; Map ski"},"content":{"rendered":"<div class=\"wpb-content-wrapper\"><p>[vc_row][vc_column][vc_bloc_spacer spacer_hauteur=&#8221;65_&#8221;][vc_bloc_titre_texte titre=&#8221;3D Map&#8221; alignement=&#8221;centre&#8221;]Explore the mountain in 3D to better understand the 7 slopsides and help you situate yourself during your visit.[\/vc_bloc_titre_texte][\/vc_column][\/vc_row][vc_row][vc_column][vc_bloc_video_plyr_mp4 url_video=&#8221;https:\/\/www.bromontmontagne.com\/wp-content\/uploads\/2022\/12\/Video-Map_3D-2022.mp4&#8243; hidebouton=&#8221;yes&#8221; autoplay=&#8221;yes&#8221; boutonlien=&#8221;url:%2Fen%2Fmaps-of-the-mountain%2F3d-map%2F|title:Open%20the%20map|target:_blank&#8221; img_video=&#8221;24975&#8243;][vc_bloc_spacer spacer_hauteur=&#8221;100_&#8221;][\/vc_column][\/vc_row][vc_row][vc_column][vc_bloc_activite act1_img=&#8221;24971&#8243; act1_titre=&#8221;INTERACTIVE<br \/>\nMAP&#8221; act1_desc=&#8221;Discover the entire ski area according to your preferences.&#8221; act1_lien=&#8221;url:%2Fen%2Fmaps-of-the-mountain%2Finteractive-map%2F|title:Open%20the%20map&#8221; act2_img=&#8221;35541&#8243; act2_titre=&#8221;DOWNLOADABLE<br \/>\nMAP&#8221; act2_desc=&#8221;Download the complete trail map.&#8221; act2_lien=&#8221;url:https%3A%2F%2Fwww.bromontmontagne.com%2Fwp-content%2Fuploads%2F2026%2F01%2FCarte_Ski_Web_10x6-2026-VF.pdf|title:DOWNLOAD%20THE%20MAP%20(PDF)&#8221;][vc_bloc_spacer spacer_hauteur=&#8221;100_&#8221; spacer_niveau=&#8221;s2&#8243;][\/vc_column][\/vc_row][vc_row el_class=&#8221;.carte_montagne&#8221;][vc_column][vc_bloc_titre_texte surtitre=&#8221;The mountain&#8221; titre=&#8221;Statistics&#8221; alignement=&#8221;centre&#8221;][\/vc_bloc_titre_texte][vc_bloc_fiche_technique nb_pc=&#8221;6&#8243; pc_1_txt_1=&#8221;123&#8243; pc_1_txt_2=&#8221;trails and<br \/>\nglades&#8221; pc_2_txt_1=&#8221;90&#8243; pc_2_txt_2=&#8221;night<br \/>\nskiing&#8221; pc_3_txt_1=&#8221;7&#8243; pc_3_txt_2=&#8221;mountainsides&#8221; pc_4_txt_1=&#8221;1 520&#8243; pc_4_txt_2=&#8221;snow<br \/>\nguns&#8221; pc_5_txt_1=&#8221;9&#8243; pc_5_txt_2=&#8221;SnowPrks&#8221; pc_6_txt_1=&#8221;28&#8243; pc_6_txt_2=&#8221;glades&#8221; nb_ps=&#8221;4&#8243; ps_1_txt_1=&#8221;4,05 Km<sup>2<\/sup>&#8221; ps_1_txt_2=&#8221;total area&#8221; ps_2_txt_1=&#8221;1,82 km<sup>2<\/sup>&#8221; ps_2_txt_2=&#8221;ski area&#8221; ps_3_txt_1=&#8221;358 m&#8221; ps_3_txt_2=&#8221;vertical drop (from top to bottom)&#8221; ps_4_txt_1=&#8221;550 m&#8221; ps_4_txt_2=&#8221;altitude&#8221; pc_1_ico=&#8221;3964&#8243; pc_2_ico=&#8221;3966&#8243; pc_3_ico=&#8221;3968&#8243; pc_4_ico=&#8221;4177&#8243; pc_5_ico=&#8221;4179&#8243; pc_6_ico=&#8221;4181&#8243;][\/vc_column][\/vc_row][vc_row][vc_column][vc_bloc_titre_texte titre=&#8221;The 7 mountainsides&#8221; alignement=&#8221;centre&#8221;][\/vc_bloc_titre_texte][vc_bloc_spacer spacer_hauteur=&#8221;65_&#8221; spacer_marge=&#8221;mb&#8221;][vc_bloc_video_plyr id_video=&#8221;9SpgB2G_E7w&#8221;][vc_bloc_spacer spacer_hauteur=&#8221;65_&#8221; spacer_marge=&#8221;mb&#8221;][vc_bloc_fiche_versant vr_nom=&#8221;Mont Soleil&#8221; vr_nom_stitre=&#8221;Initiation&#8221; vr_activite=&#8221;1&#8243; vr_desc=&#8221;Because there is no age limit to learn snow sports, Mont Soleil is the starting point thanks to its initiation slopes. You will find there the Pente-\u00c9cole as well as 7 other slopes and glades to fall in love with ski.&#8221; vr_piste_facile=&#8221;4&#8243; vr_piste_inter=&#8221;4&#8243; vr_piste_diff=&#8221;0&#8243; vr_piste_tdiff=&#8221;0&#8243; vr_piste_enneigees=&#8221;6&#8243; vr_piste_eclairees=&#8221;8&#8243; vr_sousbois=&#8221;2&#8243; vr_remontees=&#8221;#1 Tapis magique<br \/>\n#2 Quad chairlift of Mont Soleil&#8221;][vc_bloc_fiche_versant vr_nom=&#8221;Versant du Village&#8221; vr_nom_stitre=&#8221;All Inclusive&#8221; vr_activite=&#8221;1&#8243; vr_desc=&#8221;This slope side is undoubtedly the heart of the mountain! Accessible for all levels and including two SnowPrks, the Versant du Village has everything to satisfy you without getting bored. Gather at the new Chalet du Sommet for the best apr\u00e8s-ski!&#8221; vr_piste_facile=&#8221;6&#8243; vr_piste_inter=&#8221;8&#8243; vr_piste_diff=&#8221;9&#8243; vr_piste_tdiff=&#8221;8&#8243; vr_piste_enneigees=&#8221;25&#8243; vr_piste_eclairees=&#8221;23&#8243; vr_sousbois=&#8221;4&#8243; vr_remontees=&#8221;#3 Quad chairlift &#8211; La Directe<br \/>\n#4 Six-pack chairlift &amp; Gondolas &#8211; L&#8217;Express du Village&#8221;][vc_bloc_fiche_versant vr_nom=&#8221;Versant du Lac&#8221; vr_nom_stitre=&#8221;Exciting&#8221; vr_activite=&#8221;1&#8243; vr_desc=&#8221;The Versant du Lac is definitely appreciated and known by all! It is the second most popular side of the mountain. It is characterized as being both reassuring and accessible. Moreover, this slope hides 6 glades allowing you to take on new challenges every time!&#8221; vr_piste_facile=&#8221;7&#8243; vr_piste_inter=&#8221;12&#8243; vr_piste_diff=&#8221;2&#8243; vr_piste_tdiff=&#8221;3&#8243; vr_piste_enneigees=&#8221;17&#8243; vr_piste_eclairees=&#8221;22&#8243; vr_sousbois=&#8221;6&#8243; vr_remontees=&#8221;#5 Detachable quad lift &#8211; L&#8217;Express du Lac&#8221;][vc_bloc_fiche_versant vr_nom=&#8221;Versant des \u00c9pinettes&#8221; vr_nom_stitre=&#8221;Surprising&#8221; vr_activite=&#8221;1&#8243; vr_desc=&#8221;With such a beautiful variety of groomed trails and glades, this is the ideal option for finding tranquility. It is also a mountainside on which you will find several natural trails! This slope is worth being known and its different slopes will surprise you.&#8221; vr_piste_facile=&#8221;2&#8243; vr_piste_inter=&#8221;5&#8243; vr_piste_diff=&#8221;4&#8243; vr_piste_tdiff=&#8221;4&#8243; vr_piste_enneigees=&#8221;8&#8243; vr_piste_eclairees=&#8221;8&#8243; vr_sousbois=&#8221;4&#8243; vr_remontees=&#8221;#6 Quad chairlift &#8211; L&#8217;Express des \u00c9pinettes.&#8221;][vc_bloc_fiche_versant vr_nom=&#8221;Versant du Midi&#8221; vr_nom_stitre=&#8221;Panoramic&#8221; vr_activite=&#8221;1&#8243; vr_desc=&#8221;The view is worth the detour! Crossing this side of the mountain, you will be transported to a completely different environment. Panoramic view, nature and calm are there.&#8221; vr_piste_facile=&#8221;4&#8243; vr_piste_inter=&#8221;5&#8243; vr_piste_diff=&#8221;0&#8243; vr_piste_tdiff=&#8221;0&#8243; vr_piste_enneigees=&#8221;7&#8243; vr_piste_eclairees=&#8221;8&#8243; vr_sousbois=&#8221;2&#8243; vr_remontees=&#8221;#7 Quad chairlift du Midi&#8221;][vc_bloc_fiche_versant vr_nom=&#8221;Versant de la C\u00f4te Ouest&#8221; vr_nom_stitre=&#8221;Disorientated&#8221; vr_activite=&#8221;1&#8243; vr_desc=&#8221;Did you know we had a double chair? This is where the lift is commonly known as the &#8220;love chair&#8220; is located. The West Coast Slope allows you to go on an adventure in a natural and wooded environment. Rumor has it that it is THE place to ski in stormy weather.&#8221; vr_piste_facile=&#8221;5&#8243; vr_piste_inter=&#8221;3&#8243; vr_piste_diff=&#8221;5&#8243; vr_piste_tdiff=&#8221;5&#8243; vr_piste_enneigees=&#8221;10&#8243; vr_piste_eclairees=&#8221;9&#8243; vr_sousbois=&#8221;4&#8243; vr_remontees=&#8221;#8 Double chairlift de la C\u00f4te Ouest&#8221;][vc_bloc_fiche_versant vr_nom=&#8221;Versant des Cantons&#8221; vr_nom_stitre=&#8221;Family&#8221; vr_activite=&#8221;1&#8243; vr_desc=&#8221;Appreciated by beginners and families, the Versant des Cantons is the perfect transition between Mont Soleil and Mont Brome. The trails are wide and the vertical drop is low, making the experience more than enjoyable.&#8221; vr_piste_facile=&#8221;5&#8243; vr_piste_inter=&#8221;7&#8243; vr_piste_diff=&#8221;5&#8243; vr_piste_tdiff=&#8221;1&#8243; vr_piste_enneigees=&#8221;9&#8243; vr_piste_eclairees=&#8221;12&#8243; vr_sousbois=&#8221;6&#8243; vr_remontees=&#8221;#9 Quad chairlift des Cantons&#8221;][vc_bloc_spacer spacer_hauteur=&#8221;100_&#8221; spacer_niveau=&#8221;s2&#8243;][\/vc_column][\/vc_row][vc_row row_size=&#8221;vc_row_small&#8221; disable_element=&#8221;yes&#8221;][vc_column][vc_bloc_titre_texte titre=&#8221;Signature circuits&#8221; alignement=&#8221;centre&#8221;]Discover the mountain differently with classic tours for all kinds![\/vc_bloc_titre_texte][vc_bloc_spacer spacer_hauteur=&#8221;100_&#8221;][\/vc_column][\/vc_row][vc_row disable_element=&#8221;yes&#8221;][vc_column][vc_bloc_activite act1_img=&#8221;4402&#8243; act1_titre=&#8221;Family<br \/>\ncircuit&#8221; act1_desc=&#8221;To discover all the slopes with the family and at the rhythm of children or new skiers.&#8221; act1_lien=&#8221;url:https%3A%2F%2Fwww.bromontmontagne.com%2Fwp-content%2Fuploads%2F2020%2F09%2FEN_FAMILY_CIRCUIT.pdf|title:Download%20the%20map%20(PDF)|target:_blank&#8221; act2_img=&#8221;4169&#8243; act2_titre=&#8221;Adventure<br \/>\ncircuit&#8221; act2_desc=&#8221;Here is a selection of the best trails for skiers seeking an adrenaline rush.&#8221; act2_lien=&#8221;url:https%3A%2F%2Fwww.bromontmontagne.com%2Fwp-content%2Fuploads%2F2020%2F09%2FEN_ADVENTURE_ZONE.pdf|title:Download%20the%20map%20(PDF)|target:_blank&#8221;][vc_bloc_spacer spacer_hauteur=&#8221;100_&#8221; spacer_niveau=&#8221;s2&#8243;][vc_bloc_activite act1_img=&#8221;4171&#8243; act1_titre=&#8221;Panoramic<br \/>\ncircuit&#8221; act1_desc=&#8221;Contemplative circuit<br \/>\nSome points of view are breathtaking, follow the route of the most beautiful landscapes in the mountains.&#8221; act1_lien=&#8221;url:https%3A%2F%2Fwww.bromontmontagne.com%2Fwp-content%2Fuploads%2F2020%2F09%2FEN_PANORAMIC.pdf|title:Download%20the%20map%20(PDF)|target:_blank&#8221; act2_img=&#8221;4175&#8243; act2_titre=&#8221;Grand tour<br \/>\ncircuit&#8221; act2_desc=&#8221;Come and enjoy all the slopes in one circuit. Each slope is represented by its most popular track.&#8221; act2_lien=&#8221;url:https%3A%2F%2Fwww.bromontmontagne.com%2Fwp-content%2Fuploads%2F2020%2F09%2FEN_GRAND_TOUR.pdf|title:Download%20the%20map%20(PDF)|target:_blank&#8221;][vc_bloc_spacer spacer_hauteur=&#8221;100_&#8221; spacer_niveau=&#8221;s2&#8243;][\/vc_column][\/vc_row][vc_row][vc_column][vc_bloc_texte_img_2col surtitre=&#8221;Guides&#8221; titre=&#8221;Guided tours&#8221; btn=&#8221;url:https%3A%2F%2Fwww.bromontmontagne.com%2Fen%2Fguides%2F|title:More%20details&#8221; img=&#8221;20062&#8243;]<\/p>\n<div class=\"desc wp_editor\">\n<p>Are you a first-time skier or do you want to learn more about the mountain? Have a guided tour for free on weekends to discover our ski area.<\/p>\n<\/div>\n<p>[\/vc_bloc_texte_img_2col][vc_bloc_spacer spacer_hauteur=&#8221;100_&#8221; spacer_niveau=&#8221;s2&#8243;][vc_bloc_texte_img_2col surtitre=&#8221;SnowPrks&#8221; titre=&#8221;Discover the SnowPrks&#8221; inverse=&#8221;inverse&#8221; btn=&#8221;url:%2Fen%2Fdiscover-the-mountain%2Fsnowprks%2F|title:More%20details||&#8221; img=&#8221;33114&#8243;]Practice freestyle at your own pace! The snow parks offer several levels of difficulty and various specialties for adrenaline lovers. Take on new challenges all season long.[\/vc_bloc_texte_img_2col][vc_bloc_spacer spacer_hauteur=&#8221;_&#8221; spacer_niveau=&#8221;s2&#8243;][\/vc_column][\/vc_row][vc_row][vc_column][vc_bloc_levier_achat titre=&#8221;Go on the slopes!&#8221; btn_1_lien=&#8221;url:%2Fen%2Fski-season-passes%2F|title:Season%20passes||&#8221; btn_2_lien=&#8221;url:%2Fen%2Fski-tickets%2F|title:Tickets||&#8221;]To take advantage of the 123 trails spread over 7 slope sides, discover the new Chalet du Sommet and maybe even go night skiing.[\/vc_bloc_levier_achat][\/vc_column][\/vc_row][vc_row disable_element=&#8221;yes&#8221;][vc_column][vc_bloc_infoprix titre=&#8221;Restaurants&#8221; nv_bordure_titre=&#8221;bordure_titre&#8221;]<strong>Demandez votre carte fid\u00e9lit\u00e9!<\/strong><\/p>\n<p>Apr\u00e8s 4 achats de cr\u00e8me glac\u00e9e molle, de slush ou de frites, obtenez-en un petit format gratuitement!<\/p>\n<p class=\"txt-legal\">1 gratuit\u00e9 de petit format offerte par facture et par carte poin\u00e7onn\u00e9e 4 fois. Valide pour les abonn\u00e9s de la saison 2021 du Parc aquatique et\/ou du v\u00e9lo de montagne. Ne peut \u00eatre jumel\u00e9 \u00e0 aucune autre promotion. Non remboursable. Non transf\u00e9rable. Non monnayable.<\/p>\n<p>[\/vc_bloc_infoprix][\/vc_column][\/vc_row][vc_row disable_element=&#8221;yes&#8221;][vc_column][vc_bloc_infoprix titre=&#8221;Restaurants&#8221; nv_bordure_titre=&#8221;bordure_titre&#8221;]<strong>Demandez votre carte fid\u00e9lit\u00e9!<\/strong><\/p>\n<p>Apr\u00e8s 4 achats de cr\u00e8me glac\u00e9e molle, de slush ou de frites, obtenez-en un petit format gratuitement!<\/p>\n<p class=\"txt-legal\">1 gratuit\u00e9 de petit format offerte par facture et par carte poin\u00e7onn\u00e9e 4 fois. Valide pour les abonn\u00e9s de la saison 2021 du Parc aquatique et\/ou du v\u00e9lo de montagne. Ne peut \u00eatre jumel\u00e9 \u00e0 aucune autre promotion. Non remboursable. Non transf\u00e9rable. Non monnayable.<\/p>\n<p>[\/vc_bloc_infoprix][\/vc_column][\/vc_row][vc_row disable_element=&#8221;yes&#8221;][vc_column][vc_bloc_infoprix titre=&#8221;Restaurants&#8221; nv_bordure_titre=&#8221;bordure_titre&#8221;]<strong>Demandez votre carte fid\u00e9lit\u00e9!<\/strong><\/p>\n<p>Apr\u00e8s 4 achats de cr\u00e8me glac\u00e9e molle, de slush ou de frites, obtenez-en un petit format gratuitement!<\/p>\n<p class=\"txt-legal\">1 gratuit\u00e9 de petit format offerte par facture et par carte poin\u00e7onn\u00e9e 4 fois. Valide pour les abonn\u00e9s de la saison 2021 du Parc aquatique et\/ou du v\u00e9lo de montagne. Ne peut \u00eatre jumel\u00e9 \u00e0 aucune autre promotion. Non remboursable. Non transf\u00e9rable. Non monnayable.<\/p>\n<p>[\/vc_bloc_infoprix][\/vc_column][\/vc_row]<\/p>\n<\/div>","protected":false},"excerpt":{"rendered":"<p>[vc_row][vc_column][vc_bloc_spacer spacer_hauteur=&#8221;65_&#8221;][vc_bloc_titre_texte titre=&#8221;3D Map&#8221; alignement=&#8221;centre&#8221;]Explore the mountain in 3D to better understand the 7 slopsides and help you situate yourself during your visit.[\/vc_bloc_titre_texte][\/vc_column][\/vc_row][vc_row][vc_column][vc_bloc_video_plyr_mp4 url_video=&#8221;https:\/\/www.bromontmontagne.com\/wp-content\/uploads\/2022\/12\/Video-Map_3D-2022.mp4&#8243; hidebouton=&#8221;yes&#8221; autoplay=&#8221;yes&#8221; boutonlien=&#8221;url:%2Fen%2Fmaps-of-the-mountain%2F3d-map%2F|title:Open%20the%20map|target:_blank&#8221; img_video=&#8221;24975&#8243;][vc_bloc_spacer spacer_hauteur=&#8221;100_&#8221;][\/vc_column][\/vc_row][vc_row][vc_column][vc_bloc_activite act1_img=&#8221;24971&#8243; act1_titre=&#8221;INTERACTIVE MAP&#8221; act1_desc=&#8221;Discover the entire ski area according to your preferences.&#8221; act1_lien=&#8221;url:%2Fen%2Fmaps-of-the-mountain%2Finteractive-map%2F|title:Open%20the%20map&#8221; act2_img=&#8221;35541&#8243; act2_titre=&#8221;DOWNLOADABLE MAP&#8221; act2_desc=&#8221;Download the complete trail map.&#8221; act2_lien=&#8221;url:https%3A%2F%2Fwww.bromontmontagne.com%2Fwp-content%2Fuploads%2F2026%2F01%2FCarte_Ski_Web_10x6-2026-VF.pdf|title:DOWNLOAD%20THE%20MAP%20(PDF)&#8221;][vc_bloc_spacer spacer_hauteur=&#8221;100_&#8221; spacer_niveau=&#8221;s2&#8243;][\/vc_column][\/vc_row][vc_row el_class=&#8221;.carte_montagne&#8221;][vc_column][vc_bloc_titre_texte surtitre=&#8221;The [&hellip;]<\/p>\n","protected":false},"author":4,"featured_media":0,"parent":8130,"menu_order":554,"comment_status":"closed","ping_status":"closed","template":"","meta":{"_acf_changed":false,"footnotes":""},"class_list":["post-8135","page","type-page","status-publish","hentry"],"acf":[],"yoast_head":"<!-- This site is optimized with the Yoast SEO plugin v27.1.1 - https:\/\/yoast.com\/product\/yoast-seo-wordpress\/ -->\n<title>onglet - Map ski - Bromont, montagne d&#039;exp\u00e9riences<\/title>\n<meta name=\"robots\" content=\"noindex, nofollow\" \/>\n<meta property=\"og:locale\" content=\"en_US\" \/>\n<meta property=\"og:type\" content=\"article\" \/>\n<meta property=\"og:title\" content=\"onglet - Map ski - Bromont, montagne d&#039;exp\u00e9riences\" \/>\n<meta property=\"og:description\" content=\"[vc_row][vc_column][vc_bloc_spacer spacer_hauteur=&#8221;65_&#8221;][vc_bloc_titre_texte titre=&#8221;3D Map&#8221; alignement=&#8221;centre&#8221;]Explore the mountain in 3D to better understand the 7 slopsides and help you situate yourself during your visit.[\/vc_bloc_titre_texte][\/vc_column][\/vc_row][vc_row][vc_column][vc_bloc_video_plyr_mp4 url_video=&#8221;https:\/\/www.bromontmontagne.com\/wp-content\/uploads\/2022\/12\/Video-Map_3D-2022.mp4&#8243; hidebouton=&#8221;yes&#8221; autoplay=&#8221;yes&#8221; boutonlien=&#8221;url:%2Fen%2Fmaps-of-the-mountain%2F3d-map%2F|title:Open%20the%20map|target:_blank&#8221; img_video=&#8221;24975&#8243;][vc_bloc_spacer spacer_hauteur=&#8221;100_&#8221;][\/vc_column][\/vc_row][vc_row][vc_column][vc_bloc_activite act1_img=&#8221;24971&#8243; act1_titre=&#8221;INTERACTIVE MAP&#8221; act1_desc=&#8221;Discover the entire ski area according to your preferences.&#8221; act1_lien=&#8221;url:%2Fen%2Fmaps-of-the-mountain%2Finteractive-map%2F|title:Open%20the%20map&#8221; act2_img=&#8221;35541&#8243; act2_titre=&#8221;DOWNLOADABLE MAP&#8221; act2_desc=&#8221;Download the complete trail map.&#8221; act2_lien=&#8221;url:https%3A%2F%2Fwww.bromontmontagne.com%2Fwp-content%2Fuploads%2F2026%2F01%2FCarte_Ski_Web_10x6-2026-VF.pdf|title:DOWNLOAD%20THE%20MAP%20(PDF)&#8221;][vc_bloc_spacer spacer_hauteur=&#8221;100_&#8221; spacer_niveau=&#8221;s2&#8243;][\/vc_column][\/vc_row][vc_row el_class=&#8221;.carte_montagne&#8221;][vc_column][vc_bloc_titre_texte surtitre=&#8221;The [&hellip;]\" \/>\n<meta property=\"og:url\" content=\"https:\/\/www.bromontmontagne.com\/en\/maps-of-the-mountain\/ski\/\" \/>\n<meta property=\"og:site_name\" content=\"Bromont, montagne d&#039;exp\u00e9riences\" \/>\n<meta property=\"article:modified_time\" content=\"2026-03-26T17:49:16+00:00\" \/>\n<meta property=\"og:image\" content=\"https:\/\/www.bromontmontagne.com\/wp-content\/uploads\/2020\/08\/BME-partage_FB.jpg\" \/>\n\t<meta property=\"og:image:width\" content=\"1200\" \/>\n\t<meta property=\"og:image:height\" content=\"630\" \/>\n\t<meta property=\"og:image:type\" content=\"image\/jpeg\" \/>\n<meta name=\"twitter:card\" content=\"summary_large_image\" \/>\n<meta name=\"twitter:label1\" content=\"Est. reading time\" \/>\n\t<meta name=\"twitter:data1\" content=\"7 minutes\" \/>\n<script type=\"application\/ld+json\" class=\"yoast-schema-graph\">{\"@context\":\"https:\/\/schema.org\",\"@graph\":[{\"@type\":\"WebPage\",\"@id\":\"https:\/\/www.bromontmontagne.com\/en\/maps-of-the-mountain\/ski\/\",\"url\":\"https:\/\/www.bromontmontagne.com\/en\/maps-of-the-mountain\/ski\/\",\"name\":\"onglet - Map ski - Bromont, montagne d&#039;exp\u00e9riences\",\"isPartOf\":{\"@id\":\"https:\/\/www.bromontmontagne.com\/en\/#website\"},\"datePublished\":\"2020-04-29T16:38:04+00:00\",\"dateModified\":\"2026-03-26T17:49:16+00:00\",\"breadcrumb\":{\"@id\":\"https:\/\/www.bromontmontagne.com\/en\/maps-of-the-mountain\/ski\/#breadcrumb\"},\"inLanguage\":\"en-CA\",\"potentialAction\":[{\"@type\":\"ReadAction\",\"target\":[\"https:\/\/www.bromontmontagne.com\/en\/maps-of-the-mountain\/ski\/\"]}]},{\"@type\":\"BreadcrumbList\",\"@id\":\"https:\/\/www.bromontmontagne.com\/en\/maps-of-the-mountain\/ski\/#breadcrumb\",\"itemListElement\":[{\"@type\":\"ListItem\",\"position\":1,\"name\":\"Homepage\",\"item\":\"https:\/\/www.bromontmontagne.com\/en\/accueil\/\"},{\"@type\":\"ListItem\",\"position\":2,\"name\":\"Maps of the Mountain\",\"item\":\"https:\/\/www.bromontmontagne.com\/en\/maps-of-the-mountain\/\"},{\"@type\":\"ListItem\",\"position\":3,\"name\":\"onglet &#8211; Map ski\"}]},{\"@type\":\"WebSite\",\"@id\":\"https:\/\/www.bromontmontagne.com\/en\/#website\",\"url\":\"https:\/\/www.bromontmontagne.com\/en\/\",\"name\":\"Bromont, montagne d&#039;exp\u00e9riences\",\"description\":\"\",\"potentialAction\":[{\"@type\":\"SearchAction\",\"target\":{\"@type\":\"EntryPoint\",\"urlTemplate\":\"https:\/\/www.bromontmontagne.com\/en\/?s={search_term_string}\"},\"query-input\":{\"@type\":\"PropertyValueSpecification\",\"valueRequired\":true,\"valueName\":\"search_term_string\"}}],\"inLanguage\":\"en-CA\"}]}<\/script>\n<!-- \/ Yoast SEO plugin. -->","yoast_head_json":{"title":"onglet - Map ski - Bromont, montagne d&#039;exp\u00e9riences","robots":{"index":"noindex","follow":"nofollow"},"og_locale":"en_US","og_type":"article","og_title":"onglet - Map ski - Bromont, montagne d&#039;exp\u00e9riences","og_description":"[vc_row][vc_column][vc_bloc_spacer spacer_hauteur=&#8221;65_&#8221;][vc_bloc_titre_texte titre=&#8221;3D Map&#8221; alignement=&#8221;centre&#8221;]Explore the mountain in 3D to better understand the 7 slopsides and help you situate yourself during your visit.[\/vc_bloc_titre_texte][\/vc_column][\/vc_row][vc_row][vc_column][vc_bloc_video_plyr_mp4 url_video=&#8221;https:\/\/www.bromontmontagne.com\/wp-content\/uploads\/2022\/12\/Video-Map_3D-2022.mp4&#8243; hidebouton=&#8221;yes&#8221; autoplay=&#8221;yes&#8221; boutonlien=&#8221;url:%2Fen%2Fmaps-of-the-mountain%2F3d-map%2F|title:Open%20the%20map|target:_blank&#8221; img_video=&#8221;24975&#8243;][vc_bloc_spacer spacer_hauteur=&#8221;100_&#8221;][\/vc_column][\/vc_row][vc_row][vc_column][vc_bloc_activite act1_img=&#8221;24971&#8243; act1_titre=&#8221;INTERACTIVE MAP&#8221; act1_desc=&#8221;Discover the entire ski area according to your preferences.&#8221; act1_lien=&#8221;url:%2Fen%2Fmaps-of-the-mountain%2Finteractive-map%2F|title:Open%20the%20map&#8221; act2_img=&#8221;35541&#8243; act2_titre=&#8221;DOWNLOADABLE MAP&#8221; act2_desc=&#8221;Download the complete trail map.&#8221; act2_lien=&#8221;url:https%3A%2F%2Fwww.bromontmontagne.com%2Fwp-content%2Fuploads%2F2026%2F01%2FCarte_Ski_Web_10x6-2026-VF.pdf|title:DOWNLOAD%20THE%20MAP%20(PDF)&#8221;][vc_bloc_spacer spacer_hauteur=&#8221;100_&#8221; spacer_niveau=&#8221;s2&#8243;][\/vc_column][\/vc_row][vc_row el_class=&#8221;.carte_montagne&#8221;][vc_column][vc_bloc_titre_texte surtitre=&#8221;The [&hellip;]","og_url":"https:\/\/www.bromontmontagne.com\/en\/maps-of-the-mountain\/ski\/","og_site_name":"Bromont, montagne d&#039;exp\u00e9riences","article_modified_time":"2026-03-26T17:49:16+00:00","og_image":[{"width":1200,"height":630,"url":"https:\/\/www.bromontmontagne.com\/wp-content\/uploads\/2020\/08\/BME-partage_FB.jpg","type":"image\/jpeg"}],"twitter_card":"summary_large_image","twitter_misc":{"Est. reading time":"7 minutes"},"schema":{"@context":"https:\/\/schema.org","@graph":[{"@type":"WebPage","@id":"https:\/\/www.bromontmontagne.com\/en\/maps-of-the-mountain\/ski\/","url":"https:\/\/www.bromontmontagne.com\/en\/maps-of-the-mountain\/ski\/","name":"onglet - Map ski - Bromont, montagne d&#039;exp\u00e9riences","isPartOf":{"@id":"https:\/\/www.bromontmontagne.com\/en\/#website"},"datePublished":"2020-04-29T16:38:04+00:00","dateModified":"2026-03-26T17:49:16+00:00","breadcrumb":{"@id":"https:\/\/www.bromontmontagne.com\/en\/maps-of-the-mountain\/ski\/#breadcrumb"},"inLanguage":"en-CA","potentialAction":[{"@type":"ReadAction","target":["https:\/\/www.bromontmontagne.com\/en\/maps-of-the-mountain\/ski\/"]}]},{"@type":"BreadcrumbList","@id":"https:\/\/www.bromontmontagne.com\/en\/maps-of-the-mountain\/ski\/#breadcrumb","itemListElement":[{"@type":"ListItem","position":1,"name":"Homepage","item":"https:\/\/www.bromontmontagne.com\/en\/accueil\/"},{"@type":"ListItem","position":2,"name":"Maps of the Mountain","item":"https:\/\/www.bromontmontagne.com\/en\/maps-of-the-mountain\/"},{"@type":"ListItem","position":3,"name":"onglet &#8211; Map ski"}]},{"@type":"WebSite","@id":"https:\/\/www.bromontmontagne.com\/en\/#website","url":"https:\/\/www.bromontmontagne.com\/en\/","name":"Bromont, montagne d&#039;exp\u00e9riences","description":"","potentialAction":[{"@type":"SearchAction","target":{"@type":"EntryPoint","urlTemplate":"https:\/\/www.bromontmontagne.com\/en\/?s={search_term_string}"},"query-input":{"@type":"PropertyValueSpecification","valueRequired":true,"valueName":"search_term_string"}}],"inLanguage":"en-CA"}]}},"_links":{"self":[{"href":"https:\/\/www.bromontmontagne.com\/en\/wp-json\/wp\/v2\/pages\/8135","targetHints":{"allow":["GET"]}}],"collection":[{"href":"https:\/\/www.bromontmontagne.com\/en\/wp-json\/wp\/v2\/pages"}],"about":[{"href":"https:\/\/www.bromontmontagne.com\/en\/wp-json\/wp\/v2\/types\/page"}],"author":[{"embeddable":true,"href":"https:\/\/www.bromontmontagne.com\/en\/wp-json\/wp\/v2\/users\/4"}],"replies":[{"embeddable":true,"href":"https:\/\/www.bromontmontagne.com\/en\/wp-json\/wp\/v2\/comments?post=8135"}],"version-history":[{"count":17,"href":"https:\/\/www.bromontmontagne.com\/en\/wp-json\/wp\/v2\/pages\/8135\/revisions"}],"predecessor-version":[{"id":57515,"href":"https:\/\/www.bromontmontagne.com\/en\/wp-json\/wp\/v2\/pages\/8135\/revisions\/57515"}],"up":[{"embeddable":true,"href":"https:\/\/www.bromontmontagne.com\/en\/wp-json\/wp\/v2\/pages\/8130"}],"wp:attachment":[{"href":"https:\/\/www.bromontmontagne.com\/en\/wp-json\/wp\/v2\/media?parent=8135"}],"curies":[{"name":"wp","href":"https:\/\/api.w.org\/{rel}","templated":true}]}}