{"id":8085,"date":"2020-08-21T08:27:32","date_gmt":"2020-08-21T12:27:32","guid":{"rendered":"https:\/\/www.bromontmontagne.com\/discover-the-mountain\/discount-benefits\/rabais-privileges-parc-aquatique\/"},"modified":"2025-11-19T10:45:43","modified_gmt":"2025-11-19T15:45:43","slug":"water-park","status":"publish","type":"page","link":"https:\/\/www.bromontmontagne.com\/en\/discover-the-mountain\/discount-benefits\/water-park\/","title":{"rendered":"onglet &#8211; Discount benefits &#8211; Water park"},"content":{"rendered":"<div class=\"wpb-content-wrapper\"><p>[vc_row][vc_column][vc_column_text css=&#8221;&#8221;]<\/p>\n<h5 style=\"text-align: center;\">Upcoming discounts for the 2026 season<\/h5>\n<p>[\/vc_column_text][\/vc_column][\/vc_row][vc_row row_size=&#8221;vc_row_small&#8221; disable_element=&#8221;yes&#8221;][vc_column][vc_bloc_spacer spacer_hauteur=&#8221;20_&#8221;][vc_bloc_bouton nb_bouton=&#8221;6&#8243; bouton_1=&#8221;url:%23alamontagneparc|title:%C3%80%20la%20montagne&#8221; bouton_2=&#8221;url:%23restaurationparc|title:Restauration&#8221; bouton_3=&#8221;url:%23soinsdetenteparc|title:Soins%20et%20d%C3%A9tente&#8221; bouton_4=&#8221;url:%23hebergementparc|title:H%C3%A9bergement&#8221; bouton_5=&#8221;url:%23commercantsparc|title:Commer%C3%A7ants%20locaux&#8221; alignement=&#8221;centre&#8221; color_btn=&#8221;button outline-blue&#8221;][vc_bloc_spacer spacer_hauteur=&#8221;100_&#8221;][vc_bloc_spacer spacer_hauteur=&#8221;30_&#8221;][\/vc_column][\/vc_row][vc_row disable_element=&#8221;yes&#8221; el_id=&#8221;alamontagneparc&#8221;][vc_column][vc_bloc_titre surtitre=&#8221;Season pass holders only&#8221; titre=&#8221;2025 BENEFITS AT THE MOUNTAIN&#8221; alignement=&#8221;centre&#8221;]To take advantage of these privileges, season pass holders must show proof of purchase of the pass. A valid photo ID card may also be required. Promotional or free season passes do not entitle you to these privileges.[\/vc_bloc_titre][vc_bloc_spacer spacer_hauteur=&#8221;30_&#8221;][vc_bloc_privileges_client categorie=&#8221;1&#8243; titre=&#8221;Ticket Booth&#8221; legal=&#8221;Upon presentation of your 2025 season pass.&#8221; logo_partenaire=&#8221;34764&#8243;]<\/p>\n<ul>\n<li>Add the Hiss\u00e9o season pass for $25 by calling Customer Service<\/li>\n<li>50% discount on a gondola ride ticket in fall 2025<\/li>\n<\/ul>\n<p>You must make the purchase on-site to avail the discount.[\/vc_bloc_privileges_client][vc_bloc_privileges_client categorie=&#8221;1&#8243; titre=&#8221;Boutique&#8221; logo_partenaire=&#8221;34770&#8243; siteweb=&#8221;url:%2Fen%2Fboutique%2F|title:Boutique&#8221; legal=&#8221;Cannot be combined with any other offer or promotion. Upon presentation of the 2025 Water Park season pass.&#8221;]<\/p>\n<ul>\n<li>10% discount on swimwear, mountain bike apparel and accessories<\/li>\n<\/ul>\n<p>[\/vc_bloc_privileges_client][vc_bloc_spacer spacer_hauteur=&#8221;100_&#8221;][\/vc_column][\/vc_row][vc_row disable_element=&#8221;yes&#8221;][vc_column][vc_bloc_privileges_client nouveau=&#8221;yes&#8221; categorie=&#8221;99&#8243; titre=&#8221;Tanguay&#8221; logo_partenaire=&#8221;42644&#8243; siteweb=&#8221;url:http%3A%2F%2Fwww.tanguay.ca%2F|title:Visit%20Tanguay|target:_blank&#8221;]<strong>Exclusive discount for Water Park season pass holders<\/strong><\/p>\n<p>Mountain season pass holders benefit from a Tanguay cash credit applicable on a new purchase before taxes.<\/p>\n<ul>\n<li>Water Park 2025 season pass holders (18 years and over): 1 credit of $100 applicable on a bill of $500 before taxes. An e-mail containing unique codes will be sent to season pass holders in mid-July.<\/li>\n<\/ul>\n<p class=\"txt-legal\"><strong>Conditions of use and exclusions<\/strong><\/p>\n<p class=\"txt-legal\">Offer valid until October 31, 2025. Can be used for a new purchase online, in store or by phone. Tanguay money is applicable on the amount before taxes. Holders of multiple season passes will receive a single code, corresponding to the most advantageous discount among those to which they are entitled. No accumulation possible.<\/p>\n<p>[\/vc_bloc_privileges_client][\/vc_column][\/vc_row][vc_row disable_element=&#8221;yes&#8221;][vc_column][vc_bloc_titre surtitre=&#8221;Season pass &amp; ticket holders&#8221; titre=&#8221;2025 BENEFITS AT LOCAL PARTNERS&#8221; alignement=&#8221;centre&#8221;]This summer, our clients can take advantage of exclusive offers at various partner shops, hotels, and restaurants. To take advantage of these privileges, season pass must show proof of purchase of the pass. A valid photo ID card may also be required.[\/vc_bloc_titre][vc_bloc_spacer spacer_hauteur=&#8221;30_&#8221;][\/vc_column][\/vc_row][vc_row disable_element=&#8221;yes&#8221; el_id=&#8221;contest&#8221;][vc_column][vc_bloc_ss_page titre=&#8221;Contest&#8221; btn=&#8221;url:%2Fen%2Fbromont-privileges-contest%2F|title:Participate&#8221; img=&#8221;29229&#8243;]<\/p>\n<p data-pm-slice=\"1 1 []\">Visit our partners for a chance to win your 2026 Water Park season pass.<\/p>\n<p data-pm-slice=\"1 1 []\">*M2Move, Toujours Mikes Bromont, and Pizzeria No.900 Bromont.<\/p>\n<p>[\/vc_bloc_ss_page][vc_bloc_spacer spacer_hauteur=&#8221;65_&#8221;][\/vc_column][\/vc_row][vc_row disable_element=&#8221;yes&#8221;][vc_column][vc_bloc_privileges_client nouveau=&#8221;yes&#8221; categorie=&#8221;4&#8243; titre=&#8221;Pub MacIntosh Bromont&#8221; legal=&#8221;Excludes burgers on the specials board. Cannot be combined with any other offer. Proof of season pass required&#8221; siteweb=&#8221;url:https%3A%2F%2Fwww.macintoshrestaurant.com%2Fmacinstosh-eng|target:_blank&#8221; logo_partenaire=&#8221;39161&#8243;]<\/p>\n<ul>\n<li data-renderer-start-pos=\"1284\">40% off on beef, chicken, or vegetarian burgers<\/li>\n<\/ul>\n<p>[\/vc_bloc_privileges_client][vc_bloc_privileges_client nouveau=&#8221;yes&#8221; categorie=&#8221;4&#8243; titre=&#8221;Toujours Mikes Bromont&#8221; legal=&#8221;Valid only in the dining room at Toujours Mikes in Bromont. Cannot be combined or redeemed for cash. Expiration: October 31, 2025. Proof of season pass required.&#8221; logo_partenaire=&#8221;47256&#8243; siteweb=&#8221;url:https%3A%2F%2Ftoujoursmikes.ca%2Ftoujours-mikes-bromont%3Futm_source%3Dwebsite%26utm_medium%3Dmontagnebromont%26utm_campaign%3DMontagne%23heures-d-ouverture|target:_blank&#8221;]<\/p>\n<ul>\n<li>10% off on regular-priced orders<\/li>\n<\/ul>\n<p>[\/vc_bloc_privileges_client][vc_bloc_privileges_client categorie=&#8221;4&#8243; titre=&#8221;Pizzeria No.900 Bromont&#8221; legal=&#8221;Does not apply to any other offer. Proof of season pass required.&#8221; logo_partenaire=&#8221;39698&#8243; siteweb=&#8221;url:https%3A%2F%2Fno900.com%2Fen%2Fpages%2Fbromont-no-900-pizzeria-napolitaine|target:_blank&#8221;]<\/p>\n<ul>\n<li>15% off the bill for takeout<\/li>\n<\/ul>\n<p>[\/vc_bloc_privileges_client][vc_bloc_privileges_client nouveau=&#8221;yes&#8221; categorie=&#8221;2&#8243; titre=&#8221;M2Move&#8221; legal=&#8221;Must be activated before October 13, 2025. Proof of season pass required.&#8221; logo_partenaire=&#8221;34401&#8243; siteweb=&#8221;url:https%3A%2F%2Fm2move.ca%2F|target:_blank&#8221;]<\/p>\n<ul>\n<li>10% off GYM | STUDIO access and online training programs (subscriptions and regular-priced punch cards)<\/li>\n<\/ul>\n<p>[\/vc_bloc_privileges_client][vc_bloc_privileges_client nouveau=&#8221;yes&#8221; categorie=&#8221;99&#8243; titre=&#8221;Kibou Th\u00e9 Inc.&#8221; legal=&#8221;Online only. Promo code: BROMONT10. Proof of season pass required.&#8221; logo_partenaire=&#8221;47258&#8243; siteweb=&#8221;url:https%3A%2F%2Fkiboutea.com%2F|target:_blank&#8221;]<\/p>\n<ul>\n<li>10% off<\/li>\n<\/ul>\n<p>[\/vc_bloc_privileges_client][vc_bloc_privileges_client nouveau=&#8221;yes&#8221; categorie=&#8221;99&#8243; titre=&#8221;\u00c9picerie Fut\u00e9e&#8221; legal=&#8221;Cannot be combined with any other offer. Proof of season pass required.&#8221; logo_partenaire=&#8221;47260&#8243; siteweb=&#8221;url:https%3A%2F%2Fwww.epiceriefutee.com%2F|target:_blank&#8221;]<\/p>\n<ul>\n<li>10% off the total bill before taxes<\/li>\n<\/ul>\n<p>[\/vc_bloc_privileges_client][vc_bloc_privileges_client categorie=&#8221;99&#8243; titre=&#8221;Hotel Bromont&#8221; legal=&#8221;Cannot be applied to booking.com, hotel.com rates, groups, or packages. Proof of season pass required.&#8221; logo_partenaire=&#8221;34417&#8243; siteweb=&#8221;url:https%3A%2F%2Fhotelbromont.com%2F|target:_blank&#8221;]<\/p>\n<ul>\n<li>$10 off per night, per room<\/li>\n<\/ul>\n<p>[\/vc_bloc_privileges_client][vc_bloc_privileges_client nouveau=&#8221;yes&#8221; categorie=&#8221;99&#8243; titre=&#8221;Camping des sommets Bromont&#8221; legal=&#8221;Cannot be combined with any other offer. Proof of season pass required.&#8221; logo_partenaire=&#8221;47263&#8243; siteweb=&#8221;url:https%3A%2F%2Fcampingdessommetsbromont.com%2Fen%2F|target:_blank&#8221;]<\/p>\n<ul>\n<li>10% off<\/li>\n<\/ul>\n<p>[\/vc_bloc_privileges_client][\/vc_column][\/vc_row][vc_row disable_element=&#8221;yes&#8221;][vc_column][vc_bloc_privileges_client categorie=&#8221;2&#8243; titre=&#8221;Am\u00e9rispa&#8221; legal=&#8221;Ne peut \u00eatre jumel\u00e9 \u00e0 une autre offre ou rabais. Sous r\u00e9serve de disponibilit\u00e9.&#8221; logo_partenaire=&#8221;34403&#8243; siteweb=&#8221;url:https%3A%2F%2Famerispa.ca%2Fchateau-bromont%2F|target:_blank&#8221;]<\/p>\n<ul>\n<li>Samedi et dimanche : 10% de rabais sur un soin de 50 min et plus INCLUANT les manucures et p\u00e9dicures.<\/li>\n<li>Lundi au vendredi : 15% de rabais sur un soin de 50 min et plus INCLUANT les manucures et p\u00e9dicures.<\/li>\n<li>En tout temps : 50% sur l\u2019acc\u00e8s aux bains.<\/li>\n<\/ul>\n<p>[\/vc_bloc_privileges_client][vc_bloc_privileges_client categorie=&#8221;99&#8243; titre=&#8221;Domaine Ch\u00e2teau-Bromont&#8221; logo_partenaire=&#8221;34415&#8243; siteweb=&#8221;url:https%3A%2F%2Fchateaubromont.com%2F|target:_blank&#8221;]<\/p>\n<ul>\n<li>20 % de rabais sur le meilleur prix disponible du jour par chambre et par nuit\u00e9e<\/li>\n<\/ul>\n<p>[\/vc_bloc_privileges_client][\/vc_column][\/vc_row][vc_row disable_element=&#8221;yes&#8221;][vc_column][vc_bloc_infoprix titre=&#8221;Restaurants&#8221; nv_bordure_titre=&#8221;bordure_titre&#8221;]<strong>Demandez votre carte fid\u00e9lit\u00e9!<\/strong><\/p>\n<p>Apr\u00e8s 4 achats de cr\u00e8me glac\u00e9e molle, de slush ou de frites, obtenez-en un petit format gratuitement!<\/p>\n<p class=\"txt-legal\">1 gratuit\u00e9 de petit format offerte par facture et par carte poin\u00e7onn\u00e9e 4 fois. Valide pour les abonn\u00e9s de la saison 2021 du Parc aquatique et\/ou du v\u00e9lo de montagne. Ne peut \u00eatre jumel\u00e9 \u00e0 aucune autre promotion. Non remboursable. Non transf\u00e9rable. Non monnayable.<\/p>\n<p>[\/vc_bloc_infoprix][\/vc_column][\/vc_row]<\/p>\n<\/div>","protected":false},"excerpt":{"rendered":"<p>[vc_row][vc_column][vc_column_text css=&#8221;&#8221;] Upcoming discounts for the 2026 season [\/vc_column_text][\/vc_column][\/vc_row][vc_row row_size=&#8221;vc_row_small&#8221; disable_element=&#8221;yes&#8221;][vc_column][vc_bloc_spacer spacer_hauteur=&#8221;20_&#8221;][vc_bloc_bouton nb_bouton=&#8221;6&#8243; bouton_1=&#8221;url:%23alamontagneparc|title:%C3%80%20la%20montagne&#8221; bouton_2=&#8221;url:%23restaurationparc|title:Restauration&#8221; bouton_3=&#8221;url:%23soinsdetenteparc|title:Soins%20et%20d%C3%A9tente&#8221; bouton_4=&#8221;url:%23hebergementparc|title:H%C3%A9bergement&#8221; bouton_5=&#8221;url:%23commercantsparc|title:Commer%C3%A7ants%20locaux&#8221; alignement=&#8221;centre&#8221; color_btn=&#8221;button outline-blue&#8221;][vc_bloc_spacer spacer_hauteur=&#8221;100_&#8221;][vc_bloc_spacer spacer_hauteur=&#8221;30_&#8221;][\/vc_column][\/vc_row][vc_row disable_element=&#8221;yes&#8221; el_id=&#8221;alamontagneparc&#8221;][vc_column][vc_bloc_titre surtitre=&#8221;Season pass holders only&#8221; titre=&#8221;2025 BENEFITS AT THE MOUNTAIN&#8221; alignement=&#8221;centre&#8221;]To take advantage of these privileges, season pass holders must show proof of purchase of the pass. A valid photo ID [&hellip;]<\/p>\n","protected":false},"author":4,"featured_media":0,"parent":8078,"menu_order":571,"comment_status":"closed","ping_status":"closed","template":"","meta":{"_acf_changed":false,"footnotes":""},"class_list":["post-8085","page","type-page","status-publish","hentry"],"acf":[],"yoast_head":"<!-- This site is optimized with the Yoast SEO plugin v27.1.1 - https:\/\/yoast.com\/product\/yoast-seo-wordpress\/ -->\n<title>onglet - Discount benefits - Water park - Bromont, montagne d&#039;exp\u00e9riences<\/title>\n<meta name=\"robots\" content=\"noindex, nofollow\" \/>\n<meta property=\"og:locale\" content=\"en_US\" \/>\n<meta property=\"og:type\" content=\"article\" \/>\n<meta property=\"og:title\" content=\"onglet - Discount benefits - Water park - Bromont, montagne d&#039;exp\u00e9riences\" \/>\n<meta property=\"og:description\" content=\"[vc_row][vc_column][vc_column_text css=&#8221;&#8221;] Upcoming discounts for the 2026 season [\/vc_column_text][\/vc_column][\/vc_row][vc_row row_size=&#8221;vc_row_small&#8221; disable_element=&#8221;yes&#8221;][vc_column][vc_bloc_spacer spacer_hauteur=&#8221;20_&#8221;][vc_bloc_bouton nb_bouton=&#8221;6&#8243; bouton_1=&#8221;url:%23alamontagneparc|title:%C3%80%20la%20montagne&#8221; bouton_2=&#8221;url:%23restaurationparc|title:Restauration&#8221; bouton_3=&#8221;url:%23soinsdetenteparc|title:Soins%20et%20d%C3%A9tente&#8221; bouton_4=&#8221;url:%23hebergementparc|title:H%C3%A9bergement&#8221; bouton_5=&#8221;url:%23commercantsparc|title:Commer%C3%A7ants%20locaux&#8221; alignement=&#8221;centre&#8221; color_btn=&#8221;button outline-blue&#8221;][vc_bloc_spacer spacer_hauteur=&#8221;100_&#8221;][vc_bloc_spacer spacer_hauteur=&#8221;30_&#8221;][\/vc_column][\/vc_row][vc_row disable_element=&#8221;yes&#8221; el_id=&#8221;alamontagneparc&#8221;][vc_column][vc_bloc_titre surtitre=&#8221;Season pass holders only&#8221; titre=&#8221;2025 BENEFITS AT THE MOUNTAIN&#8221; alignement=&#8221;centre&#8221;]To take advantage of these privileges, season pass holders must show proof of purchase of the pass. A valid photo ID [&hellip;]\" \/>\n<meta property=\"og:url\" content=\"https:\/\/www.bromontmontagne.com\/en\/discover-the-mountain\/discount-benefits\/water-park\/\" \/>\n<meta property=\"og:site_name\" content=\"Bromont, montagne d&#039;exp\u00e9riences\" \/>\n<meta property=\"article:modified_time\" content=\"2025-11-19T15:45:43+00:00\" \/>\n<meta property=\"og:image\" content=\"https:\/\/www.bromontmontagne.com\/wp-content\/uploads\/2020\/08\/BME-partage_FB.jpg\" \/>\n\t<meta property=\"og:image:width\" content=\"1200\" \/>\n\t<meta property=\"og:image:height\" content=\"630\" \/>\n\t<meta property=\"og:image:type\" content=\"image\/jpeg\" \/>\n<meta name=\"twitter:card\" content=\"summary_large_image\" \/>\n<meta name=\"twitter:label1\" content=\"Est. reading time\" \/>\n\t<meta name=\"twitter:data1\" content=\"7 minutes\" \/>\n<script type=\"application\/ld+json\" class=\"yoast-schema-graph\">{\"@context\":\"https:\/\/schema.org\",\"@graph\":[{\"@type\":\"WebPage\",\"@id\":\"https:\/\/www.bromontmontagne.com\/en\/discover-the-mountain\/discount-benefits\/water-park\/\",\"url\":\"https:\/\/www.bromontmontagne.com\/en\/discover-the-mountain\/discount-benefits\/water-park\/\",\"name\":\"onglet - Discount benefits - Water park - Bromont, montagne d&#039;exp\u00e9riences\",\"isPartOf\":{\"@id\":\"https:\/\/www.bromontmontagne.com\/en\/#website\"},\"datePublished\":\"2020-08-21T12:27:32+00:00\",\"dateModified\":\"2025-11-19T15:45:43+00:00\",\"breadcrumb\":{\"@id\":\"https:\/\/www.bromontmontagne.com\/en\/discover-the-mountain\/discount-benefits\/water-park\/#breadcrumb\"},\"inLanguage\":\"en-CA\",\"potentialAction\":[{\"@type\":\"ReadAction\",\"target\":[\"https:\/\/www.bromontmontagne.com\/en\/discover-the-mountain\/discount-benefits\/water-park\/\"]}]},{\"@type\":\"BreadcrumbList\",\"@id\":\"https:\/\/www.bromontmontagne.com\/en\/discover-the-mountain\/discount-benefits\/water-park\/#breadcrumb\",\"itemListElement\":[{\"@type\":\"ListItem\",\"position\":1,\"name\":\"Homepage\",\"item\":\"https:\/\/www.bromontmontagne.com\/en\/accueil\/\"},{\"@type\":\"ListItem\",\"position\":2,\"name\":\"Discover the mountain\",\"item\":\"https:\/\/www.bromontmontagne.com\/en\/discover-the-mountain\/\"},{\"@type\":\"ListItem\",\"position\":3,\"name\":\"Discount Benefits\",\"item\":\"https:\/\/www.bromontmontagne.com\/en\/discover-the-mountain\/discount-benefits\/\"},{\"@type\":\"ListItem\",\"position\":4,\"name\":\"onglet &#8211; Discount benefits &#8211; Water park\"}]},{\"@type\":\"WebSite\",\"@id\":\"https:\/\/www.bromontmontagne.com\/en\/#website\",\"url\":\"https:\/\/www.bromontmontagne.com\/en\/\",\"name\":\"Bromont, montagne d&#039;exp\u00e9riences\",\"description\":\"\",\"potentialAction\":[{\"@type\":\"SearchAction\",\"target\":{\"@type\":\"EntryPoint\",\"urlTemplate\":\"https:\/\/www.bromontmontagne.com\/en\/?s={search_term_string}\"},\"query-input\":{\"@type\":\"PropertyValueSpecification\",\"valueRequired\":true,\"valueName\":\"search_term_string\"}}],\"inLanguage\":\"en-CA\"}]}<\/script>\n<!-- \/ Yoast SEO plugin. -->","yoast_head_json":{"title":"onglet - Discount benefits - Water park - Bromont, montagne d&#039;exp\u00e9riences","robots":{"index":"noindex","follow":"nofollow"},"og_locale":"en_US","og_type":"article","og_title":"onglet - Discount benefits - Water park - Bromont, montagne d&#039;exp\u00e9riences","og_description":"[vc_row][vc_column][vc_column_text css=&#8221;&#8221;] Upcoming discounts for the 2026 season [\/vc_column_text][\/vc_column][\/vc_row][vc_row row_size=&#8221;vc_row_small&#8221; disable_element=&#8221;yes&#8221;][vc_column][vc_bloc_spacer spacer_hauteur=&#8221;20_&#8221;][vc_bloc_bouton nb_bouton=&#8221;6&#8243; bouton_1=&#8221;url:%23alamontagneparc|title:%C3%80%20la%20montagne&#8221; bouton_2=&#8221;url:%23restaurationparc|title:Restauration&#8221; bouton_3=&#8221;url:%23soinsdetenteparc|title:Soins%20et%20d%C3%A9tente&#8221; bouton_4=&#8221;url:%23hebergementparc|title:H%C3%A9bergement&#8221; bouton_5=&#8221;url:%23commercantsparc|title:Commer%C3%A7ants%20locaux&#8221; alignement=&#8221;centre&#8221; color_btn=&#8221;button outline-blue&#8221;][vc_bloc_spacer spacer_hauteur=&#8221;100_&#8221;][vc_bloc_spacer spacer_hauteur=&#8221;30_&#8221;][\/vc_column][\/vc_row][vc_row disable_element=&#8221;yes&#8221; el_id=&#8221;alamontagneparc&#8221;][vc_column][vc_bloc_titre surtitre=&#8221;Season pass holders only&#8221; titre=&#8221;2025 BENEFITS AT THE MOUNTAIN&#8221; alignement=&#8221;centre&#8221;]To take advantage of these privileges, season pass holders must show proof of purchase of the pass. A valid photo ID [&hellip;]","og_url":"https:\/\/www.bromontmontagne.com\/en\/discover-the-mountain\/discount-benefits\/water-park\/","og_site_name":"Bromont, montagne d&#039;exp\u00e9riences","article_modified_time":"2025-11-19T15:45:43+00:00","og_image":[{"width":1200,"height":630,"url":"https:\/\/www.bromontmontagne.com\/wp-content\/uploads\/2020\/08\/BME-partage_FB.jpg","type":"image\/jpeg"}],"twitter_card":"summary_large_image","twitter_misc":{"Est. reading time":"7 minutes"},"schema":{"@context":"https:\/\/schema.org","@graph":[{"@type":"WebPage","@id":"https:\/\/www.bromontmontagne.com\/en\/discover-the-mountain\/discount-benefits\/water-park\/","url":"https:\/\/www.bromontmontagne.com\/en\/discover-the-mountain\/discount-benefits\/water-park\/","name":"onglet - Discount benefits - Water park - Bromont, montagne d&#039;exp\u00e9riences","isPartOf":{"@id":"https:\/\/www.bromontmontagne.com\/en\/#website"},"datePublished":"2020-08-21T12:27:32+00:00","dateModified":"2025-11-19T15:45:43+00:00","breadcrumb":{"@id":"https:\/\/www.bromontmontagne.com\/en\/discover-the-mountain\/discount-benefits\/water-park\/#breadcrumb"},"inLanguage":"en-CA","potentialAction":[{"@type":"ReadAction","target":["https:\/\/www.bromontmontagne.com\/en\/discover-the-mountain\/discount-benefits\/water-park\/"]}]},{"@type":"BreadcrumbList","@id":"https:\/\/www.bromontmontagne.com\/en\/discover-the-mountain\/discount-benefits\/water-park\/#breadcrumb","itemListElement":[{"@type":"ListItem","position":1,"name":"Homepage","item":"https:\/\/www.bromontmontagne.com\/en\/accueil\/"},{"@type":"ListItem","position":2,"name":"Discover the mountain","item":"https:\/\/www.bromontmontagne.com\/en\/discover-the-mountain\/"},{"@type":"ListItem","position":3,"name":"Discount Benefits","item":"https:\/\/www.bromontmontagne.com\/en\/discover-the-mountain\/discount-benefits\/"},{"@type":"ListItem","position":4,"name":"onglet &#8211; Discount benefits &#8211; Water park"}]},{"@type":"WebSite","@id":"https:\/\/www.bromontmontagne.com\/en\/#website","url":"https:\/\/www.bromontmontagne.com\/en\/","name":"Bromont, montagne d&#039;exp\u00e9riences","description":"","potentialAction":[{"@type":"SearchAction","target":{"@type":"EntryPoint","urlTemplate":"https:\/\/www.bromontmontagne.com\/en\/?s={search_term_string}"},"query-input":{"@type":"PropertyValueSpecification","valueRequired":true,"valueName":"search_term_string"}}],"inLanguage":"en-CA"}]}},"_links":{"self":[{"href":"https:\/\/www.bromontmontagne.com\/en\/wp-json\/wp\/v2\/pages\/8085","targetHints":{"allow":["GET"]}}],"collection":[{"href":"https:\/\/www.bromontmontagne.com\/en\/wp-json\/wp\/v2\/pages"}],"about":[{"href":"https:\/\/www.bromontmontagne.com\/en\/wp-json\/wp\/v2\/types\/page"}],"author":[{"embeddable":true,"href":"https:\/\/www.bromontmontagne.com\/en\/wp-json\/wp\/v2\/users\/4"}],"replies":[{"embeddable":true,"href":"https:\/\/www.bromontmontagne.com\/en\/wp-json\/wp\/v2\/comments?post=8085"}],"version-history":[{"count":27,"href":"https:\/\/www.bromontmontagne.com\/en\/wp-json\/wp\/v2\/pages\/8085\/revisions"}],"predecessor-version":[{"id":53218,"href":"https:\/\/www.bromontmontagne.com\/en\/wp-json\/wp\/v2\/pages\/8085\/revisions\/53218"}],"up":[{"embeddable":true,"href":"https:\/\/www.bromontmontagne.com\/en\/wp-json\/wp\/v2\/pages\/8078"}],"wp:attachment":[{"href":"https:\/\/www.bromontmontagne.com\/en\/wp-json\/wp\/v2\/media?parent=8085"}],"curies":[{"name":"wp","href":"https:\/\/api.w.org\/{rel}","templated":true}]}}