{"id":8084,"date":"2020-08-13T16:53:52","date_gmt":"2020-08-13T20:53:52","guid":{"rendered":"https:\/\/www.bromontmontagne.com\/discover-the-mountain\/discount-benefits\/rabais-privileges-velo\/"},"modified":"2025-11-19T11:34:11","modified_gmt":"2025-11-19T16:34:11","slug":"mountain-biking","status":"publish","type":"page","link":"https:\/\/www.bromontmontagne.com\/en\/discover-the-mountain\/discount-benefits\/mountain-biking\/","title":{"rendered":"onglet &#8211; Discount benefits &#8211; Mountain biking"},"content":{"rendered":"<div class=\"wpb-content-wrapper\"><p>[vc_row][vc_column][vc_column_text css=&#8221;&#8221;]<\/p>\n<h5 style=\"text-align: center;\">Upcoming discounts for the 2026 season<\/h5>\n<p>[\/vc_column_text][\/vc_column][\/vc_row][vc_row disable_element=&#8221;yes&#8221;][vc_column][vc_bloc_titre surtitre=&#8221;Season pass holders only&#8221; titre=&#8221;2025 Benefits at the mountain&#8221; alignement=&#8221;centre&#8221;]To take advantage of these privileges, season pass holders must show proof of purchase of the pass. A valid photo ID card may also be required. Please note that the presentation of the reloadable card is not considered proof of purchase and\u00a0that promotional or free season passes do not entitle you to these privileges.[\/vc_bloc_titre][vc_bloc_spacer spacer_hauteur=&#8221;30_&#8221;][vc_bloc_privileges_client categorie=&#8221;1&#8243; titre=&#8221;Ticket booth&#8221; legal=&#8221;Upon presentation of proof of purchase of 2025-26 season pass at the Ticket Booth. Cannot be combined with any other offer or promotion.&#8221; logo_partenaire=&#8221;34764&#8243; siteweb=&#8221;url:%2Fen%2Fmountain-biking-season-passes-and-tickets%2F|title:Tickets&#8221;]<strong>All season pass holders<\/strong><\/p>\n<ul>\n<li>2 x 50% discount on a 2025 Unlimited Mountain Bike ticket<\/li>\n<li>1 x 25% discount on a 2025 Hiss\u00e9o ticket (reservation by phone)<\/li>\n<li>Gondola ride: Free until Oct. 13, 2025 upon presentation of your season pass<\/li>\n<\/ul>\n<p>You must make the purchase on-site to avail the discount.[\/vc_bloc_privileges_client][vc_bloc_privileges_client categorie=&#8221;1&#8243; titre=&#8221;Boutique&#8221; legal=&#8221;Cannot be combined with any other offer or promotion. Upon presentation of the 2025 season pass.&#8221; logo_partenaire=&#8221;34770&#8243; siteweb=&#8221;url:%2Fen%2Fboutique%2F|title:Boutique|target:_blank&#8221;]<\/p>\n<ul>\n<li>10% discount on swimwear, mountain biking apparel and accessories<\/li>\n<\/ul>\n<p>[\/vc_bloc_privileges_client][vc_bloc_privileges_client categorie=&#8221;1&#8243; titre=&#8221;Repair Shop&#8221; legal=&#8221;Cannot be combined with any other offer or promotion. Upon presentation of the 2025 season pass.&#8221; logo_partenaire=&#8221;34774&#8243; siteweb=&#8221;url:%2Fen%2Frepair-shop%2F|title:Repair%20shop&#8221;]<\/p>\n<ul>\n<li>10% discount on mountain biking parts<\/li>\n<\/ul>\n<p>[\/vc_bloc_privileges_client][vc_bloc_spacer spacer_hauteur=&#8221;100_&#8221;][\/vc_column][\/vc_row][vc_row disable_element=&#8221;yes&#8221;][vc_column][vc_bloc_privileges_client nouveau=&#8221;yes&#8221; categorie=&#8221;99&#8243; titre=&#8221;Tanguay&#8221; logo_partenaire=&#8221;42644&#8243; siteweb=&#8221;url:http%3A%2F%2Fwww.tanguay.ca%2F|title:Visit%20Tanguay|target:_blank&#8221;]<strong>Exclusive discount for Mountain Biking season pass holders<\/strong><\/p>\n<p>Mountain season pass holders benefit from a Tanguay cash credit applicable on a new purchase before taxes.<\/p>\n<ul>\n<li>Mountain Biking 2025 season pass holders (18 years and over): 1 credit of $100 applicable on a bill of $500 before taxes. An e-mail containing unique codes will be sent to season pass holders in mid-July.<\/li>\n<\/ul>\n<p class=\"txt-legal\"><strong>Conditions of use and exclusions<\/strong><\/p>\n<p class=\"txt-legal\">Offer valid until October 31, 2025. Can be used for a new purchase online, in store or by phone. Tanguay money is applicable on the amount before taxes. Holders of multiple season passes will receive a single code, corresponding to the most advantageous discount among those to which they are entitled. No accumulation possible.<\/p>\n<p>[\/vc_bloc_privileges_client][\/vc_column][\/vc_row][vc_row disable_element=&#8221;yes&#8221; el_id=&#8221;loon&#8221;][vc_column][vc_bloc_titre surtitre=&#8221;Season pass holders only&#8221; titre=&#8221;2024 Benefits at partners mountains&#8221; alignement=&#8221;centre&#8221;]<span style=\"color: #ee2737;\">2025 Benefits at the mountain details to come.<\/span><\/p>\n<p>To take advantage of these privileges, season pass holders\u00a0must show proof of purchase of the pass. A valid photo ID card may also be required. Please note that the presentation of the reloadable card\u00a0is not\u00a0considered proof of purchase.[\/vc_bloc_titre][vc_bloc_spacer spacer_hauteur=&#8221;30_&#8221;][vc_bloc_privileges_client nouveau=&#8221;yes&#8221; categorie=&#8221;99&#8243; titre=&#8221;Loon Mountain Bike Park&#8221; legal=&#8221;Valid any day of the 2024 bike season at Loon. Valid for Bromont season pass holder only. Tickets and codes are not transferable. Cannot be combined with any other offer or promotion.&#8221; logo_partenaire=&#8221;38652&#8243; siteweb=&#8221;url:https%3A%2F%2Fwww.loonmtn.com%2F|target:_blank&#8221;]A discount to discover Loon Mountain Bike Park, an incredible downhill biking center in New Hampshire! With its high-speed lift and over 20 km of trails through the White Mountain National Forest, Loon is well worth a visit.<\/p>\n<p><strong>Exclusive to Bike Unlimited season pass holders<\/strong><\/p>\n<ul>\n<li>Two US$30 day tickets valid at any time.<\/li>\n<\/ul>\n<p>Unique codes will be e-mailed to our Bike Unlimited season pass holders at the opening of the Loon biking season. Tickets with unique codes must be purchased on the <a href=\"http:\/\/shop.loonmtn.com\" target=\"_blank\" rel=\"noopener\">Loon<\/a> website.[\/vc_bloc_privileges_client][\/vc_column][\/vc_row][vc_row disable_element=&#8221;yes&#8221; el_id=&#8221;killington&#8221;][vc_column][vc_bloc_privileges_client nouveau=&#8221;yes&#8221; categorie=&#8221;99&#8243; titre=&#8221;Killington Mountain Bike Park&#8221; legal=&#8221;Tickets valid any day of the 2024 biking season at Killington Bike Park. Discount exclusive to Bromont bike pass holders.&#8221; siteweb=&#8221;url:https%3A%2F%2Fwww.killington.com%2F|target:_blank&#8221; logo_partenaire=&#8221;38967&#8243;]<\/p>\n<div class=\"flex flex-grow flex-col max-w-full\">\n<div class=\"min-h-[20px] text-message flex flex-col items-start whitespace-pre-wrap break-words [.text-message+&amp;]:mt-5 juice:w-full juice:items-end overflow-x-auto gap-2\" dir=\"auto\" data-message-author-role=\"assistant\" data-message-id=\"8c262335-b6f0-40cd-9ac0-72eb9fdc2ca4\">\n<div class=\"flex w-full flex-col gap-1 juice:empty:hidden juice:first:pt-[3px]\">\n<div class=\"markdown prose w-full break-words dark:prose-invert light\">\n<p>The <a href=\"https:\/\/www.killington.com\/\" target=\"_blank\" rel=\"noopener\">Killington Bike Park<\/a> features three high-speed lifts serving over 30 miles of trails. From beginner to expert and classic New England singletrack to Gravity Logic&#8217;s signature flow trails, Killington Bike Park has terrain suitable for everyone<\/p>\n<p>Exclusive to our mountain bike pass holders.<\/p>\n<\/div>\n<\/div>\n<\/div>\n<\/div>\n<ul>\n<li>35% off Mountain Bike Lift Tickets.<\/li>\n<\/ul>\n<p>The promotional code will be emailed to our bike pass holders at the beginning of June. Tickets with the promotional codes must be purchased on the Killington Bike Park <a href=\"https:\/\/www.killington.com\/\" target=\"_blank\" rel=\"noopener\">website<\/a> before June 30, 2024.[\/vc_bloc_privileges_client][vc_bloc_spacer spacer_hauteur=&#8221;100_&#8221;][\/vc_column][\/vc_row][vc_row disable_element=&#8221;yes&#8221; el_id=&#8221;privilegesbromont&#8221;][vc_column][vc_bloc_titre surtitre=&#8221;Season pass &amp; ticket holders&#8221; titre=&#8221;2025 BENEFITS AT LOCAL PARTNERS&#8221; alignement=&#8221;centre&#8221;]This summer, our clients can take advantage of exclusive offers at various partner shops, hotels, and restaurants. To take advantage of these privileges, season pass must show proof of purchase of the pass. A valid photo ID card may also be required.[\/vc_bloc_titre][vc_bloc_spacer spacer_hauteur=&#8221;30_&#8221;][\/vc_column][\/vc_row][vc_row disable_element=&#8221;yes&#8221; el_id=&#8221;contest&#8221;][vc_column][vc_bloc_ss_page titre=&#8221;Contest&#8221; btn=&#8221;url:%2Fen%2Fbromont-privileges-contest%2F|title:Participate&#8221; img=&#8221;28423&#8243;]<\/p>\n<p data-pm-slice=\"1 1 []\">Visit our partners for a chance to win your 2026 Water Park season pass.<\/p>\n<p data-pm-slice=\"1 1 []\">*M2Move, Toujours Mikes Bromont, and Pizzeria No.900 Bromont.<\/p>\n<p>[\/vc_bloc_ss_page][vc_bloc_spacer spacer_hauteur=&#8221;65_&#8221;][\/vc_column][\/vc_row][vc_row disable_element=&#8221;yes&#8221;][vc_column][vc_bloc_privileges_client nouveau=&#8221;yes&#8221; categorie=&#8221;4&#8243; titre=&#8221;Pub MacIntosh Bromont&#8221; legal=&#8221;Excludes burgers on the specials board. Cannot be combined with any other offer. Proof of season pass required&#8221; siteweb=&#8221;url:https%3A%2F%2Fwww.macintoshrestaurant.com%2Fmacinstosh-eng|target:_blank&#8221; logo_partenaire=&#8221;39161&#8243;]<\/p>\n<ul>\n<li data-renderer-start-pos=\"1284\">40% off on beef, chicken, or vegetarian burgers<\/li>\n<\/ul>\n<p>[\/vc_bloc_privileges_client][vc_bloc_privileges_client nouveau=&#8221;yes&#8221; categorie=&#8221;4&#8243; titre=&#8221;Toujours Mikes Bromont&#8221; legal=&#8221;Valid only in the dining room at Toujours Mikes in Bromont. Cannot be combined or redeemed for cash. Expiration: October 31, 2025. Proof of season pass required.&#8221; logo_partenaire=&#8221;47256&#8243; siteweb=&#8221;url:https%3A%2F%2Ftoujoursmikes.ca%2Ftoujours-mikes-bromont%3Futm_source%3Dwebsite%26utm_medium%3Dmontagnebromont%26utm_campaign%3DMontagne%23heures-d-ouverture|target:_blank&#8221;]<\/p>\n<ul>\n<li>10% off on regular-priced orders<\/li>\n<\/ul>\n<p>[\/vc_bloc_privileges_client][vc_bloc_privileges_client categorie=&#8221;4&#8243; titre=&#8221;Pizzeria No.900 Bromont&#8221; legal=&#8221;Does not apply to any other offer. Proof of season pass required.&#8221; logo_partenaire=&#8221;39698&#8243; siteweb=&#8221;url:https%3A%2F%2Fno900.com%2Fen%2Fpages%2Fbromont-no-900-pizzeria-napolitaine|target:_blank&#8221;]<\/p>\n<ul>\n<li>15% off the bill for takeout<\/li>\n<\/ul>\n<p>[\/vc_bloc_privileges_client][vc_bloc_privileges_client nouveau=&#8221;yes&#8221; categorie=&#8221;2&#8243; titre=&#8221;M2Move&#8221; legal=&#8221;Must be activated before October 13, 2025. Proof of season pass required.&#8221; logo_partenaire=&#8221;34401&#8243; siteweb=&#8221;url:https%3A%2F%2Fm2move.ca%2F|target:_blank&#8221;]<\/p>\n<ul>\n<li>10% off GYM | STUDIO access and online training programs (subscriptions and regular-priced punch cards)<\/li>\n<\/ul>\n<p>[\/vc_bloc_privileges_client][vc_bloc_privileges_client nouveau=&#8221;yes&#8221; categorie=&#8221;99&#8243; titre=&#8221;Kibou Th\u00e9 Inc.&#8221; legal=&#8221;Online only. Promo code: BROMONT10. Proof of season pass required.&#8221; logo_partenaire=&#8221;47258&#8243; siteweb=&#8221;url:https%3A%2F%2Fkiboutea.com%2F|target:_blank&#8221;]<\/p>\n<ul>\n<li>10% off<\/li>\n<\/ul>\n<p>[\/vc_bloc_privileges_client][vc_bloc_privileges_client nouveau=&#8221;yes&#8221; categorie=&#8221;99&#8243; titre=&#8221;\u00c9picerie Fut\u00e9e&#8221; legal=&#8221;Cannot be combined with any other offer. Proof of season pass required.&#8221; logo_partenaire=&#8221;47260&#8243; siteweb=&#8221;url:https%3A%2F%2Fwww.epiceriefutee.com%2F|target:_blank&#8221;]<\/p>\n<ul>\n<li>10% off the total bill before taxes<\/li>\n<\/ul>\n<p>[\/vc_bloc_privileges_client][vc_bloc_privileges_client categorie=&#8221;99&#8243; titre=&#8221;Hotel Bromont&#8221; legal=&#8221;Cannot be applied to booking.com, hotel.com rates, groups, or packages. Proof of season pass required.&#8221; logo_partenaire=&#8221;34417&#8243; siteweb=&#8221;url:https%3A%2F%2Fhotelbromont.com%2F|target:_blank&#8221;]<\/p>\n<ul>\n<li>$10 off per night, per room<\/li>\n<\/ul>\n<p>[\/vc_bloc_privileges_client][vc_bloc_privileges_client nouveau=&#8221;yes&#8221; categorie=&#8221;99&#8243; titre=&#8221;Camping des sommets Bromont&#8221; legal=&#8221;Cannot be combined with any other offer. Proof of season pass required.&#8221; logo_partenaire=&#8221;47263&#8243; siteweb=&#8221;url:https%3A%2F%2Fcampingdessommetsbromont.com%2Fen%2F|target:_blank&#8221;]<\/p>\n<ul>\n<li>10% off<\/li>\n<\/ul>\n<p>[\/vc_bloc_privileges_client][\/vc_column][\/vc_row][vc_row disable_element=&#8221;yes&#8221;][vc_column][vc_bloc_infoprix titre=&#8221;Restaurants&#8221; nv_bordure_titre=&#8221;bordure_titre&#8221;]<strong>Demandez votre carte fid\u00e9lit\u00e9!<\/strong><\/p>\n<p>Apr\u00e8s 4 achats de cr\u00e8me glac\u00e9e molle, de slush ou de frites, obtenez-en un petit format gratuitement!<\/p>\n<p class=\"txt-legal\">1 gratuit\u00e9 de petit format offerte par facture et par carte poin\u00e7onn\u00e9e 4 fois. Valide pour les abonn\u00e9s de la saison 2021 du Parc aquatique et\/ou du v\u00e9lo de montagne. Ne peut \u00eatre jumel\u00e9 \u00e0 aucune autre promotion. Non remboursable. Non transf\u00e9rable. Non monnayable.<\/p>\n<p>[\/vc_bloc_infoprix][\/vc_column][\/vc_row][vc_column][\/vc_column]<\/p>\n<\/div>","protected":false},"excerpt":{"rendered":"<p>[vc_row][vc_column][vc_column_text css=&#8221;&#8221;] Upcoming discounts for the 2026 season [\/vc_column_text][\/vc_column][\/vc_row][vc_row disable_element=&#8221;yes&#8221;][vc_column][vc_bloc_titre surtitre=&#8221;Season pass holders only&#8221; titre=&#8221;2025 Benefits at the mountain&#8221; alignement=&#8221;centre&#8221;]To take advantage of these privileges, season pass holders must show proof of purchase of the pass. A valid photo ID card may also be required. Please note that the presentation of the reloadable card is [&hellip;]<\/p>\n","protected":false},"author":4,"featured_media":0,"parent":8078,"menu_order":521,"comment_status":"closed","ping_status":"closed","template":"","meta":{"_acf_changed":false,"footnotes":""},"class_list":["post-8084","page","type-page","status-publish","hentry"],"acf":[],"yoast_head":"<!-- This site is optimized with the Yoast SEO plugin v27.1.1 - https:\/\/yoast.com\/product\/yoast-seo-wordpress\/ -->\n<title>onglet - Discount benefits - Mountain biking - Bromont, montagne d&#039;exp\u00e9riences<\/title>\n<meta name=\"robots\" content=\"noindex, nofollow\" \/>\n<meta property=\"og:locale\" content=\"en_US\" \/>\n<meta property=\"og:type\" content=\"article\" \/>\n<meta property=\"og:title\" content=\"onglet - Discount benefits - Mountain biking - Bromont, montagne d&#039;exp\u00e9riences\" \/>\n<meta property=\"og:description\" content=\"[vc_row][vc_column][vc_column_text css=&#8221;&#8221;] Upcoming discounts for the 2026 season [\/vc_column_text][\/vc_column][\/vc_row][vc_row disable_element=&#8221;yes&#8221;][vc_column][vc_bloc_titre surtitre=&#8221;Season pass holders only&#8221; titre=&#8221;2025 Benefits at the mountain&#8221; alignement=&#8221;centre&#8221;]To take advantage of these privileges, season pass holders must show proof of purchase of the pass. A valid photo ID card may also be required. Please note that the presentation of the reloadable card is [&hellip;]\" \/>\n<meta property=\"og:url\" content=\"https:\/\/www.bromontmontagne.com\/en\/discover-the-mountain\/discount-benefits\/mountain-biking\/\" \/>\n<meta property=\"og:site_name\" content=\"Bromont, montagne d&#039;exp\u00e9riences\" \/>\n<meta property=\"article:modified_time\" content=\"2025-11-19T16:34:11+00:00\" \/>\n<meta property=\"og:image\" content=\"https:\/\/www.bromontmontagne.com\/wp-content\/uploads\/2020\/08\/BME-partage_FB.jpg\" \/>\n\t<meta property=\"og:image:width\" content=\"1200\" \/>\n\t<meta property=\"og:image:height\" content=\"630\" \/>\n\t<meta property=\"og:image:type\" content=\"image\/jpeg\" \/>\n<meta name=\"twitter:card\" content=\"summary_large_image\" \/>\n<meta name=\"twitter:label1\" content=\"Est. reading time\" \/>\n\t<meta name=\"twitter:data1\" content=\"9 minutes\" \/>\n<script type=\"application\/ld+json\" class=\"yoast-schema-graph\">{\"@context\":\"https:\/\/schema.org\",\"@graph\":[{\"@type\":\"WebPage\",\"@id\":\"https:\/\/www.bromontmontagne.com\/en\/discover-the-mountain\/discount-benefits\/mountain-biking\/\",\"url\":\"https:\/\/www.bromontmontagne.com\/en\/discover-the-mountain\/discount-benefits\/mountain-biking\/\",\"name\":\"onglet - Discount benefits - Mountain biking - Bromont, montagne d&#039;exp\u00e9riences\",\"isPartOf\":{\"@id\":\"https:\/\/www.bromontmontagne.com\/en\/#website\"},\"datePublished\":\"2020-08-13T20:53:52+00:00\",\"dateModified\":\"2025-11-19T16:34:11+00:00\",\"breadcrumb\":{\"@id\":\"https:\/\/www.bromontmontagne.com\/en\/discover-the-mountain\/discount-benefits\/mountain-biking\/#breadcrumb\"},\"inLanguage\":\"en-CA\",\"potentialAction\":[{\"@type\":\"ReadAction\",\"target\":[\"https:\/\/www.bromontmontagne.com\/en\/discover-the-mountain\/discount-benefits\/mountain-biking\/\"]}]},{\"@type\":\"BreadcrumbList\",\"@id\":\"https:\/\/www.bromontmontagne.com\/en\/discover-the-mountain\/discount-benefits\/mountain-biking\/#breadcrumb\",\"itemListElement\":[{\"@type\":\"ListItem\",\"position\":1,\"name\":\"Homepage\",\"item\":\"https:\/\/www.bromontmontagne.com\/en\/accueil\/\"},{\"@type\":\"ListItem\",\"position\":2,\"name\":\"Discover the mountain\",\"item\":\"https:\/\/www.bromontmontagne.com\/en\/discover-the-mountain\/\"},{\"@type\":\"ListItem\",\"position\":3,\"name\":\"Discount Benefits\",\"item\":\"https:\/\/www.bromontmontagne.com\/en\/discover-the-mountain\/discount-benefits\/\"},{\"@type\":\"ListItem\",\"position\":4,\"name\":\"onglet &#8211; Discount benefits &#8211; Mountain biking\"}]},{\"@type\":\"WebSite\",\"@id\":\"https:\/\/www.bromontmontagne.com\/en\/#website\",\"url\":\"https:\/\/www.bromontmontagne.com\/en\/\",\"name\":\"Bromont, montagne d&#039;exp\u00e9riences\",\"description\":\"\",\"potentialAction\":[{\"@type\":\"SearchAction\",\"target\":{\"@type\":\"EntryPoint\",\"urlTemplate\":\"https:\/\/www.bromontmontagne.com\/en\/?s={search_term_string}\"},\"query-input\":{\"@type\":\"PropertyValueSpecification\",\"valueRequired\":true,\"valueName\":\"search_term_string\"}}],\"inLanguage\":\"en-CA\"}]}<\/script>\n<!-- \/ Yoast SEO plugin. -->","yoast_head_json":{"title":"onglet - Discount benefits - Mountain biking - Bromont, montagne d&#039;exp\u00e9riences","robots":{"index":"noindex","follow":"nofollow"},"og_locale":"en_US","og_type":"article","og_title":"onglet - Discount benefits - Mountain biking - Bromont, montagne d&#039;exp\u00e9riences","og_description":"[vc_row][vc_column][vc_column_text css=&#8221;&#8221;] Upcoming discounts for the 2026 season [\/vc_column_text][\/vc_column][\/vc_row][vc_row disable_element=&#8221;yes&#8221;][vc_column][vc_bloc_titre surtitre=&#8221;Season pass holders only&#8221; titre=&#8221;2025 Benefits at the mountain&#8221; alignement=&#8221;centre&#8221;]To take advantage of these privileges, season pass holders must show proof of purchase of the pass. A valid photo ID card may also be required. Please note that the presentation of the reloadable card is [&hellip;]","og_url":"https:\/\/www.bromontmontagne.com\/en\/discover-the-mountain\/discount-benefits\/mountain-biking\/","og_site_name":"Bromont, montagne d&#039;exp\u00e9riences","article_modified_time":"2025-11-19T16:34:11+00:00","og_image":[{"width":1200,"height":630,"url":"https:\/\/www.bromontmontagne.com\/wp-content\/uploads\/2020\/08\/BME-partage_FB.jpg","type":"image\/jpeg"}],"twitter_card":"summary_large_image","twitter_misc":{"Est. reading time":"9 minutes"},"schema":{"@context":"https:\/\/schema.org","@graph":[{"@type":"WebPage","@id":"https:\/\/www.bromontmontagne.com\/en\/discover-the-mountain\/discount-benefits\/mountain-biking\/","url":"https:\/\/www.bromontmontagne.com\/en\/discover-the-mountain\/discount-benefits\/mountain-biking\/","name":"onglet - Discount benefits - Mountain biking - Bromont, montagne d&#039;exp\u00e9riences","isPartOf":{"@id":"https:\/\/www.bromontmontagne.com\/en\/#website"},"datePublished":"2020-08-13T20:53:52+00:00","dateModified":"2025-11-19T16:34:11+00:00","breadcrumb":{"@id":"https:\/\/www.bromontmontagne.com\/en\/discover-the-mountain\/discount-benefits\/mountain-biking\/#breadcrumb"},"inLanguage":"en-CA","potentialAction":[{"@type":"ReadAction","target":["https:\/\/www.bromontmontagne.com\/en\/discover-the-mountain\/discount-benefits\/mountain-biking\/"]}]},{"@type":"BreadcrumbList","@id":"https:\/\/www.bromontmontagne.com\/en\/discover-the-mountain\/discount-benefits\/mountain-biking\/#breadcrumb","itemListElement":[{"@type":"ListItem","position":1,"name":"Homepage","item":"https:\/\/www.bromontmontagne.com\/en\/accueil\/"},{"@type":"ListItem","position":2,"name":"Discover the mountain","item":"https:\/\/www.bromontmontagne.com\/en\/discover-the-mountain\/"},{"@type":"ListItem","position":3,"name":"Discount Benefits","item":"https:\/\/www.bromontmontagne.com\/en\/discover-the-mountain\/discount-benefits\/"},{"@type":"ListItem","position":4,"name":"onglet &#8211; Discount benefits &#8211; Mountain biking"}]},{"@type":"WebSite","@id":"https:\/\/www.bromontmontagne.com\/en\/#website","url":"https:\/\/www.bromontmontagne.com\/en\/","name":"Bromont, montagne d&#039;exp\u00e9riences","description":"","potentialAction":[{"@type":"SearchAction","target":{"@type":"EntryPoint","urlTemplate":"https:\/\/www.bromontmontagne.com\/en\/?s={search_term_string}"},"query-input":{"@type":"PropertyValueSpecification","valueRequired":true,"valueName":"search_term_string"}}],"inLanguage":"en-CA"}]}},"_links":{"self":[{"href":"https:\/\/www.bromontmontagne.com\/en\/wp-json\/wp\/v2\/pages\/8084","targetHints":{"allow":["GET"]}}],"collection":[{"href":"https:\/\/www.bromontmontagne.com\/en\/wp-json\/wp\/v2\/pages"}],"about":[{"href":"https:\/\/www.bromontmontagne.com\/en\/wp-json\/wp\/v2\/types\/page"}],"author":[{"embeddable":true,"href":"https:\/\/www.bromontmontagne.com\/en\/wp-json\/wp\/v2\/users\/4"}],"replies":[{"embeddable":true,"href":"https:\/\/www.bromontmontagne.com\/en\/wp-json\/wp\/v2\/comments?post=8084"}],"version-history":[{"count":32,"href":"https:\/\/www.bromontmontagne.com\/en\/wp-json\/wp\/v2\/pages\/8084\/revisions"}],"predecessor-version":[{"id":53227,"href":"https:\/\/www.bromontmontagne.com\/en\/wp-json\/wp\/v2\/pages\/8084\/revisions\/53227"}],"up":[{"embeddable":true,"href":"https:\/\/www.bromontmontagne.com\/en\/wp-json\/wp\/v2\/pages\/8078"}],"wp:attachment":[{"href":"https:\/\/www.bromontmontagne.com\/en\/wp-json\/wp\/v2\/media?parent=8084"}],"curies":[{"name":"wp","href":"https:\/\/api.w.org\/{rel}","templated":true}]}}