{"id":8009,"date":"2020-08-07T13:16:51","date_gmt":"2020-08-07T17:16:51","guid":{"rendered":"https:\/\/www.bromontmontagne.com\/groups-and-business\/les-salles\/"},"modified":"2025-09-30T11:38:18","modified_gmt":"2025-09-30T15:38:18","slug":"rooms-rental","status":"publish","type":"page","link":"https:\/\/www.bromontmontagne.com\/en\/business-groups-celebrations\/rooms-rental\/","title":{"rendered":"Rooms Rental"},"content":{"rendered":"<div class=\"wpb-content-wrapper\"><p>[vc_row row_size=&#8221;vc_row_defaut&#8221; full_width=&#8221;stretch_row_content_no_spaces&#8221;][vc_column][vc_single_image image=&#8221;2326&#8243; img_size=&#8221;full&#8221;][vc_bloc_spacer spacer_hauteur=&#8221;100_&#8221; spacer_marge=&#8221;mt&#8221;][\/vc_column][\/vc_row][vc_row][vc_column][vc_bloc_titre_texte surtitre=&#8221;At the top of the mountain&#8221; titre=&#8221;Le Daffy&#8221; alignement=&#8221;centre&#8221;]Without a doubt our most impressive room, the Daffy makes every event great. Its abundant fenestration offers a breathtaking 360\u00b0 view. Contemporary and refined decoration, trendy furniture, and warm atmosphere, everything is set up to spend a good time at the top of the mountain.<\/p>\n<p data-pm-slice=\"1 1 []\"><strong>Surface area: 290 m\u00b2 | Capacity: 200 people<\/strong><br \/>\n<strong>Layout: theatre, banquet, cocktail<\/strong><\/p>\n<p>[\/vc_bloc_titre_texte][vc_bloc_spacer spacer_hauteur=&#8221;30_&#8221;][vc_single_image image=&#8221;49124&#8243; img_size=&#8221;full&#8221; css=&#8221;&#8221;][vc_bloc_spacer spacer_hauteur=&#8221;100_&#8221; spacer_marge=&#8221;mt&#8221;][\/vc_column][\/vc_row][vc_row][vc_column][vc_bloc_titre_texte surtitre=&#8221;At the top of the mountain&#8221; titre=&#8221;Salle Coupe du Monde&#8221; alignement=&#8221;centre&#8221;]With a breathtaking view of the Eastern Townships, the Salle Coupe du monde is a multifunctional space. Ideal for both corporate events and intimate gathering<\/p>\n<p><strong><br \/>\nSurface area: 92 m\u00b2 | Capacity: 75 people<\/strong><br \/>\n<strong>Layout: conference, half-moon, U-shape, banquet, and cocktail<\/strong>[\/vc_bloc_titre_texte][vc_bloc_spacer spacer_hauteur=&#8221;30_&#8221;][vc_single_image image=&#8221;49122&#8243; img_size=&#8221;full&#8221; css=&#8221;&#8221;][vc_bloc_spacer spacer_hauteur=&#8221;100_&#8221; spacer_marge=&#8221;mt&#8221;][\/vc_column][\/vc_row][vc_row][vc_column][vc_bloc_titre_texte surtitre=&#8221;Versant du Village&#8221; titre=&#8221;La D\u00e9barque&#8221; alignement=&#8221;centre&#8221;]Gathering and friendly, La D\u00e9barque offers a versatile space for business meetings or family gatherings\u2026and even shows thanks to its permanent stage! Located at the bottom of the slopes on the main mountainside, you\u2019ll be right in the middle of the action.<\/p>\n<p data-pm-slice=\"1 1 []\"><strong>Surface area: 200 m\u00b2 | Capacity: 175 people<\/strong><br \/>\n<strong>Layout: theatre, conference, half-moon, classroom, U-shape, banquet, and cocktail<\/strong><\/p>\n<p>[\/vc_bloc_titre_texte][vc_bloc_spacer spacer_hauteur=&#8221;30_&#8221;][vc_single_image image=&#8221;49126&#8243; img_size=&#8221;full&#8221; css=&#8221;&#8221;][vc_bloc_spacer spacer_hauteur=&#8221;100_&#8221; spacer_marge=&#8221;mt&#8221;][\/vc_column][\/vc_row][vc_row][vc_column][vc_bloc_titre_texte surtitre=&#8221;Versant du Village&#8221; titre=&#8221;Le Chapiteau&#8221; alignement=&#8221;centre&#8221;]Located directly within the Water Park, Le Chapiteau offers one of the most breathtaking mountain views. Versatile, this space adjusts to all groups and features an outdoor kitchen and bar. Picnic tables and lounge<br \/>\nthe unique ambiance.<\/p>\n<p data-pm-slice=\"1 1 []\"><strong>Surface area: 500 to 1,500 m\u00b2 | Capacity: 400 people<\/strong><\/p>\n<p>[\/vc_bloc_titre_texte][vc_bloc_spacer spacer_hauteur=&#8221;30_&#8221;][vc_single_image image=&#8221;49120&#8243; img_size=&#8221;full&#8221; css=&#8221;&#8221;][vc_bloc_spacer spacer_hauteur=&#8221;100_&#8221; spacer_marge=&#8221;mt&#8221;][\/vc_column][\/vc_row][vc_row][vc_column][vc_bloc_titre_texte surtitre=&#8221;Versant du Village&#8221; titre=&#8221;Chalet Soleil&#8221; alignement=&#8221;centre&#8221;]The Chalet Soleil, inaugurated in 2021, offers stunning views from its two floors. Equipped with a service point, it ensures guests\u2019 comfort for any event. Its proximity to the Wave Pool makes it the perfect location for a group outing at the mountain.<\/p>\n<p data-pm-slice=\"1 1 []\"><strong>Surface area: 200 m\u00b2 | Capacity: 150 people<\/strong><br \/>\n<strong>Layout: theatre, conference, half-moon, classroom, U-shape, banquet, and cocktail<\/strong><\/p>\n<p>[\/vc_bloc_titre_texte][vc_bloc_spacer spacer_hauteur=&#8221;30_&#8221;][vc_single_image image=&#8221;49128&#8243; img_size=&#8221;full&#8221; css=&#8221;&#8221;][vc_bloc_spacer spacer_hauteur=&#8221;100_&#8221; spacer_marge=&#8221;mt&#8221;][\/vc_column][\/vc_row][vc_row row_size=&#8221;vc_row_small&#8221; disable_element=&#8221;yes&#8221;][vc_column][vc_bloc_titre_texte surtitre=&#8221;Au Versant du Lac&#8221; titre=&#8221;Le Chalet du Lac&#8221; alignement=&#8221;centre&#8221;]La salle de tous les possibles ! Facilement accessible, modulable et avec une importante capacit\u00e9 d\u2019accueil, vous serez charm\u00e9 par son d\u00e9cor fra\u00eechement r\u00e9nov\u00e9. Entour\u00e9s d\u2019une for\u00eat mature, vivez votre \u00e9v\u00e9nement en symbiose avec la nature. [\/vc_bloc_titre_texte][vc_bloc_spacer spacer_hauteur=&#8221;100_&#8221; spacer_marge=&#8221;mt&#8221;][\/vc_column][\/vc_row][vc_row disable_element=&#8221;yes&#8221;][vc_column][vc_bloc_spacer spacer_hauteur=&#8221;20_&#8221; spacer_marge=&#8221;mt&#8221;][vc_bloc_prix]<strong>Superficie :<\/strong> 650 m<sup>2<\/sup><\/p>\n<p><strong>Capacit\u00e9 :<\/strong> 560 invit\u00e9s<\/p>\n<p><strong>Disposition :<\/strong> Th\u00e9\u00e2tre, conf\u00e9rence, demi-lune, \u00e9cole, en U, banquet et cocktail[\/vc_bloc_prix][vc_bloc_spacer spacer_hauteur=&#8221;100_&#8221; spacer_marge=&#8221;mt&#8221;][\/vc_column][\/vc_row]<\/p>\n<\/div>","protected":false},"excerpt":{"rendered":"<p>[vc_row row_size=&#8221;vc_row_defaut&#8221; full_width=&#8221;stretch_row_content_no_spaces&#8221;][vc_column][vc_single_image image=&#8221;2326&#8243; img_size=&#8221;full&#8221;][vc_bloc_spacer spacer_hauteur=&#8221;100_&#8221; spacer_marge=&#8221;mt&#8221;][\/vc_column][\/vc_row][vc_row][vc_column][vc_bloc_titre_texte surtitre=&#8221;At the top of the mountain&#8221; titre=&#8221;Le Daffy&#8221; alignement=&#8221;centre&#8221;]Without a doubt our most impressive room, the Daffy makes every event great. Its abundant fenestration offers a breathtaking 360\u00b0 view. Contemporary and refined decoration, trendy furniture, and warm atmosphere, everything is set up to spend a good time at [&hellip;]<\/p>\n","protected":false},"author":4,"featured_media":0,"parent":49877,"menu_order":613,"comment_status":"closed","ping_status":"closed","template":"","meta":{"_acf_changed":false,"footnotes":""},"class_list":["post-8009","page","type-page","status-publish","hentry"],"acf":[],"yoast_head":"<!-- This site is optimized with the Yoast SEO plugin v27.1.1 - https:\/\/yoast.com\/product\/yoast-seo-wordpress\/ -->\n<title>Rooms and Spaces Rental - Bromont, montagne d&#039;exp\u00e9riences<\/title>\n<meta name=\"description\" content=\"Small or large gatherings, indoor or outdoor, choose from our choice of rooms and space to hold your event.\" \/>\n<meta name=\"robots\" content=\"index, follow, max-snippet:-1, max-image-preview:large, max-video-preview:-1\" \/>\n<link rel=\"canonical\" href=\"https:\/\/www.bromontmontagne.com\/en\/business-groups-celebrations\/rooms-rental\/\" \/>\n<meta property=\"og:locale\" content=\"en_US\" \/>\n<meta property=\"og:type\" content=\"article\" \/>\n<meta property=\"og:title\" content=\"Rooms and Spaces Rental - Bromont, montagne d&#039;exp\u00e9riences\" \/>\n<meta property=\"og:description\" content=\"Small or large gatherings, indoor or outdoor, choose from our choice of rooms and space to hold your event.\" \/>\n<meta property=\"og:url\" content=\"https:\/\/www.bromontmontagne.com\/en\/business-groups-celebrations\/rooms-rental\/\" \/>\n<meta property=\"og:site_name\" content=\"Bromont, montagne d&#039;exp\u00e9riences\" \/>\n<meta property=\"article:modified_time\" content=\"2025-09-30T15:38:18+00:00\" \/>\n<meta property=\"og:image\" content=\"https:\/\/www.bromontmontagne.com\/wp-content\/uploads\/2020\/08\/BME-partage_FB.jpg\" \/>\n\t<meta property=\"og:image:width\" content=\"1200\" \/>\n\t<meta property=\"og:image:height\" content=\"630\" \/>\n\t<meta property=\"og:image:type\" content=\"image\/jpeg\" \/>\n<meta name=\"twitter:card\" content=\"summary_large_image\" \/>\n<meta name=\"twitter:label1\" content=\"Est. reading time\" \/>\n\t<meta name=\"twitter:data1\" content=\"4 minutes\" \/>\n<script type=\"application\/ld+json\" class=\"yoast-schema-graph\">{\"@context\":\"https:\/\/schema.org\",\"@graph\":[{\"@type\":\"WebPage\",\"@id\":\"https:\/\/www.bromontmontagne.com\/en\/business-groups-celebrations\/rooms-rental\/\",\"url\":\"https:\/\/www.bromontmontagne.com\/en\/business-groups-celebrations\/rooms-rental\/\",\"name\":\"Rooms and Spaces Rental - Bromont, montagne d&#039;exp\u00e9riences\",\"isPartOf\":{\"@id\":\"https:\/\/www.bromontmontagne.com\/en\/#website\"},\"datePublished\":\"2020-08-07T17:16:51+00:00\",\"dateModified\":\"2025-09-30T15:38:18+00:00\",\"description\":\"Small or large gatherings, indoor or outdoor, choose from our choice of rooms and space to hold your event.\",\"breadcrumb\":{\"@id\":\"https:\/\/www.bromontmontagne.com\/en\/business-groups-celebrations\/rooms-rental\/#breadcrumb\"},\"inLanguage\":\"en-CA\",\"potentialAction\":[{\"@type\":\"ReadAction\",\"target\":[\"https:\/\/www.bromontmontagne.com\/en\/business-groups-celebrations\/rooms-rental\/\"]}]},{\"@type\":\"BreadcrumbList\",\"@id\":\"https:\/\/www.bromontmontagne.com\/en\/business-groups-celebrations\/rooms-rental\/#breadcrumb\",\"itemListElement\":[{\"@type\":\"ListItem\",\"position\":1,\"name\":\"Homepage\",\"item\":\"https:\/\/www.bromontmontagne.com\/en\/\"},{\"@type\":\"ListItem\",\"position\":2,\"name\":\"Business, Groups &#038; Celebrations\",\"item\":\"https:\/\/www.bromontmontagne.com\/en\/business-groups-celebrations\/\"},{\"@type\":\"ListItem\",\"position\":3,\"name\":\"Rooms Rental\"}]},{\"@type\":\"WebSite\",\"@id\":\"https:\/\/www.bromontmontagne.com\/en\/#website\",\"url\":\"https:\/\/www.bromontmontagne.com\/en\/\",\"name\":\"Bromont, montagne d&#039;exp\u00e9riences\",\"description\":\"\",\"potentialAction\":[{\"@type\":\"SearchAction\",\"target\":{\"@type\":\"EntryPoint\",\"urlTemplate\":\"https:\/\/www.bromontmontagne.com\/en\/?s={search_term_string}\"},\"query-input\":{\"@type\":\"PropertyValueSpecification\",\"valueRequired\":true,\"valueName\":\"search_term_string\"}}],\"inLanguage\":\"en-CA\"}]}<\/script>\n<!-- \/ Yoast SEO plugin. -->","yoast_head_json":{"title":"Rooms and Spaces Rental - Bromont, montagne d&#039;exp\u00e9riences","description":"Small or large gatherings, indoor or outdoor, choose from our choice of rooms and space to hold your event.","robots":{"index":"index","follow":"follow","max-snippet":"max-snippet:-1","max-image-preview":"max-image-preview:large","max-video-preview":"max-video-preview:-1"},"canonical":"https:\/\/www.bromontmontagne.com\/en\/business-groups-celebrations\/rooms-rental\/","og_locale":"en_US","og_type":"article","og_title":"Rooms and Spaces Rental - Bromont, montagne d&#039;exp\u00e9riences","og_description":"Small or large gatherings, indoor or outdoor, choose from our choice of rooms and space to hold your event.","og_url":"https:\/\/www.bromontmontagne.com\/en\/business-groups-celebrations\/rooms-rental\/","og_site_name":"Bromont, montagne d&#039;exp\u00e9riences","article_modified_time":"2025-09-30T15:38:18+00:00","og_image":[{"width":1200,"height":630,"url":"https:\/\/www.bromontmontagne.com\/wp-content\/uploads\/2020\/08\/BME-partage_FB.jpg","type":"image\/jpeg"}],"twitter_card":"summary_large_image","twitter_misc":{"Est. reading time":"4 minutes"},"schema":{"@context":"https:\/\/schema.org","@graph":[{"@type":"WebPage","@id":"https:\/\/www.bromontmontagne.com\/en\/business-groups-celebrations\/rooms-rental\/","url":"https:\/\/www.bromontmontagne.com\/en\/business-groups-celebrations\/rooms-rental\/","name":"Rooms and Spaces Rental - Bromont, montagne d&#039;exp\u00e9riences","isPartOf":{"@id":"https:\/\/www.bromontmontagne.com\/en\/#website"},"datePublished":"2020-08-07T17:16:51+00:00","dateModified":"2025-09-30T15:38:18+00:00","description":"Small or large gatherings, indoor or outdoor, choose from our choice of rooms and space to hold your event.","breadcrumb":{"@id":"https:\/\/www.bromontmontagne.com\/en\/business-groups-celebrations\/rooms-rental\/#breadcrumb"},"inLanguage":"en-CA","potentialAction":[{"@type":"ReadAction","target":["https:\/\/www.bromontmontagne.com\/en\/business-groups-celebrations\/rooms-rental\/"]}]},{"@type":"BreadcrumbList","@id":"https:\/\/www.bromontmontagne.com\/en\/business-groups-celebrations\/rooms-rental\/#breadcrumb","itemListElement":[{"@type":"ListItem","position":1,"name":"Homepage","item":"https:\/\/www.bromontmontagne.com\/en\/"},{"@type":"ListItem","position":2,"name":"Business, Groups &#038; Celebrations","item":"https:\/\/www.bromontmontagne.com\/en\/business-groups-celebrations\/"},{"@type":"ListItem","position":3,"name":"Rooms Rental"}]},{"@type":"WebSite","@id":"https:\/\/www.bromontmontagne.com\/en\/#website","url":"https:\/\/www.bromontmontagne.com\/en\/","name":"Bromont, montagne d&#039;exp\u00e9riences","description":"","potentialAction":[{"@type":"SearchAction","target":{"@type":"EntryPoint","urlTemplate":"https:\/\/www.bromontmontagne.com\/en\/?s={search_term_string}"},"query-input":{"@type":"PropertyValueSpecification","valueRequired":true,"valueName":"search_term_string"}}],"inLanguage":"en-CA"}]}},"_links":{"self":[{"href":"https:\/\/www.bromontmontagne.com\/en\/wp-json\/wp\/v2\/pages\/8009","targetHints":{"allow":["GET"]}}],"collection":[{"href":"https:\/\/www.bromontmontagne.com\/en\/wp-json\/wp\/v2\/pages"}],"about":[{"href":"https:\/\/www.bromontmontagne.com\/en\/wp-json\/wp\/v2\/types\/page"}],"author":[{"embeddable":true,"href":"https:\/\/www.bromontmontagne.com\/en\/wp-json\/wp\/v2\/users\/4"}],"replies":[{"embeddable":true,"href":"https:\/\/www.bromontmontagne.com\/en\/wp-json\/wp\/v2\/comments?post=8009"}],"version-history":[{"count":12,"href":"https:\/\/www.bromontmontagne.com\/en\/wp-json\/wp\/v2\/pages\/8009\/revisions"}],"predecessor-version":[{"id":50748,"href":"https:\/\/www.bromontmontagne.com\/en\/wp-json\/wp\/v2\/pages\/8009\/revisions\/50748"}],"up":[{"embeddable":true,"href":"https:\/\/www.bromontmontagne.com\/en\/wp-json\/wp\/v2\/pages\/49877"}],"wp:attachment":[{"href":"https:\/\/www.bromontmontagne.com\/en\/wp-json\/wp\/v2\/media?parent=8009"}],"curies":[{"name":"wp","href":"https:\/\/api.w.org\/{rel}","templated":true}]}}