{"id":7964,"date":"2020-02-25T09:49:13","date_gmt":"2020-02-25T14:49:13","guid":{"rendered":"https:\/\/www.bromontmontagne.com\/randonnee-alpine\/"},"modified":"2026-02-25T10:12:19","modified_gmt":"2026-02-25T15:12:19","slug":"alpine-touring","status":"publish","type":"page","link":"https:\/\/www.bromontmontagne.com\/en\/alpine-touring\/","title":{"rendered":"Alpine touring"},"content":{"rendered":"<div class=\"wpb-content-wrapper\"><p>[vc_row][vc_column][vc_bloc_spacer spacer_hauteur=&#8221;100_&#8221;][vc_bloc_titre_texte titre=&#8221;See you at the top!&#8221; alignement=&#8221;centre&#8221;]<span style=\"font-weight: 400;\">Climb the mountain differently with alpine touring, snowshoeing or hiking and enjoy the most beautiful mountain landscapes. With different circuits for all levels, reach the summit at your own pace and hurtle down your favorite trails.<\/span>[\/vc_bloc_titre_texte][vc_bloc_spacer spacer_hauteur=&#8221;20_&#8221;][\/vc_column][\/vc_row][vc_row][vc_column][vc_bloc_bouton nb_bouton=&#8221;4&#8243; bouton_1=&#8221;url:%2Fen%2Fmaps-of-the-mountain%2F%3Fact%3D2|title:Trails%20map&#8221; bouton_3=&#8221;url:%2Fen%2Fdetailed-conditions%2F|title:Conditions|target:_blank&#8221; bouton_4=&#8221;url:%2Fen%2Fdetailed-schedule%2F%3Fact%3D1|title:Schedule&#8221; alignement=&#8221;centre&#8221; color_btn=&#8221;button outline-blue&#8221;][vc_bloc_spacer spacer_hauteur=&#8221;65_&#8221;][\/vc_column][\/vc_row][vc_row el_id=&#8221;Alpinetouring&#8221;][vc_column][vc_bloc_titre titre=&#8221;Alpine touring&#8221;]<strong>Snowshoeing and hiking is forbidden on alpine touring trails.<\/strong><\/p>\n<p>The climbing trails and the ascent corridors open one (1) hour before the opening of the mountainside on which they are located and close one (1) hour before it closes. When the mountainside is closed, the trails are open from sunrise to sunset.[\/vc_bloc_titre][vc_bloc_prix_v2 titre=&#8221;DAILY TICKET&#8221; c1_titre=&#8221;2025-26 ski season<br \/>\npass holder*&#8221; c1_promo=&#8221;promo&#8221; c2_titre=&#8221;Regular rates&#8221; hide_economie=&#8221;1&#8243; p1_titre=&#8221;6 y\/o and +&#8221; p1_prix1=&#8221;14.50&#8243; p1_prix2=&#8221;29&#8243; p2_titre=&#8221;5 y\/o and -&#8221; p2_prix1=&#8221;0&#8243; p2_prix2=&#8221;0&#8243; levier_content=&#8221;To obtain this rate, please present yourself and your season pass at the Ticket Office.&#8221; keyecom1=&#8221;RandoAlp_Date_Fixe_EN&#8221; titre_btn_ecom=&#8221;Buy now&#8221; legal=&#8221;Valid for the 2025-26 season. A valid access pass is required to use the climbing trails and the ascent corridors, whether you\u2019re a day visitor or a season pass holder. You can get your pass at the Versant du Village Ticket Office or Rental Shop, or at the Versant du Lac Ticket Office.&#8221;][\/vc_bloc_prix_v2][vc_bloc_spacer spacer_hauteur=&#8221;30_&#8221;][\/vc_column][\/vc_row][vc_row disable_element=&#8221;yes&#8221;][vc_column][vc_bloc_titre titre=&#8221;Alpine touring&#8221;]<strong>Snowshoeing and hiking is forbidden on alpine touring trails.<\/strong><\/p>\n<p>The climbing trails and the ascent corridors open one (1) hour before the opening of the mountainside on which they are located and close one (1) hour before it closes. When the mountainside is closed, the trails are open from sunrise to sunset.[\/vc_bloc_titre][vc_bloc_spacer spacer_hauteur=&#8221;30_&#8221;][vc_bloc_prix_v3 titre=&#8221;SEASON PASS&#8221; c1_titre=&#8221;Rates&#8221; c1_promo=&#8221;promo&#8221; hide_economie=&#8221;1&#8243; p1_titre=&#8221;2025-26 ski season pass holder&#8221; p1_prix1=&#8221;99&#8243; p2_titre=&#8221;6 years old and +&#8221; p2_prix1=&#8221;179&#8243; p3_titre=&#8221;5 years old and -&#8221; p3_prix1=&#8221;0&#8243; idecom1=&#8221;3893&#8243; titre_btn_ecom=&#8221;Buy&#8221; legal=&#8221;Valid for the 2025-26 season. A valid access pass is required to use the climbing trails and the ascent corridors, whether you\u2019re a day visitor or a season pass holder. You can get your pass at the Versant du Village Ticket Office or Rental Shop, or at the Versant du Lac Ticket Office.&#8221;][\/vc_bloc_prix_v3][vc_bloc_prix_v2 titre=&#8221;DAILY TICKET&#8221; c1_titre=&#8221;2025-26 ski season<br \/>\npass holder*&#8221; c1_promo=&#8221;promo&#8221; c2_titre=&#8221;Regular rates&#8221; hide_economie=&#8221;1&#8243; p1_titre=&#8221;6 y\/o and +&#8221; p1_prix1=&#8221;14.50&#8243; p1_prix2=&#8221;29&#8243; p2_titre=&#8221;5 y\/o and -&#8221; p2_prix1=&#8221;0&#8243; p2_prix2=&#8221;0&#8243; levier_content=&#8221;To obtain this rate, please present yourself and your season pass at the Ticket Office.&#8221; keyecom1=&#8221;RandoAlp_Date_Fixe_EN&#8221; titre_btn_ecom=&#8221;Buy now&#8221; legal=&#8221;Valid for the 2025-26 season. A valid access pass is required to use the climbing trails and the ascent corridors, whether you\u2019re a day visitor or a season pass holder. You can get your pass at the Versant du Village Ticket Office or Rental Shop, or at the Versant du Lac Ticket Office.&#8221;][\/vc_bloc_prix_v2][vc_bloc_spacer spacer_hauteur=&#8221;30_&#8221;][\/vc_column][\/vc_row][vc_row][vc_column][vc_bloc_spacer spacer_hauteur=&#8221;100_&#8221;][vc_bloc_titre_texte titre=&#8221;Alpine touring equipment rental&#8221;]All alpine touring equipment is provided so you can fully enjoy the experience, regardless of your skill level. You\u2019ll have access to all the essential gear, including skis, boots, climbing skins, and telescopic poles, to set out well prepared.[\/vc_bloc_titre_texte][vc_bloc_bouton nb_bouton=&#8221;1&#8243; bouton_1=&#8221;url:https%3A%2F%2Fwww.bromontmontagne.com%2Fen%2Fequipment-rental%2F%23locationrandonneealpine|title:Explore%20the%20options|target:_blank&#8221; color_btn=&#8221;button outline-blue&#8221;][vc_bloc_spacer spacer_hauteur=&#8221;100_&#8221;][\/vc_column][\/vc_row][vc_row][vc_column][vc_bloc_spacer spacer_hauteur=&#8221;100_&#8221;][vc_bloc_titre_texte titre=&#8221;Programme Acc\u00e8s Nature&#8221;]Just like this summer, it\u2019s back this winter! Acc\u00e8s Nature is an initiative of the Parcs r\u00e9gionaux du Qu\u00e9bec (PARQ). This program allows you to discover Quebec&#8217;s regional parks <strong>free of charge<\/strong>, and experience the benefits of the great outdoors. Get your hiking trail ticket 24 hours in advance! Limited quantity.[\/vc_bloc_titre_texte][vc_bloc_bouton nb_bouton=&#8221;1&#8243; bouton_1=&#8221;url:https%3A%2F%2Fwww.aventurequebec.ca%2Fen%2Fregional-parks%2Fregional-parks-quebec|title:Acc%C3%A8s%20Nature%20registration|target:_blank&#8221; color_btn=&#8221;button outline-blue&#8221;][vc_bloc_spacer spacer_hauteur=&#8221;100_&#8221;][\/vc_column][\/vc_row][vc_row el_id=&#8221;Reglesrandonnee&#8221;][vc_column][vc_bloc_titre titre=&#8221;Snowshoeing\/Hiking&#8221;]<strong>Note that the trails are the same for both activities.<\/strong><\/p>\n<p>Open from sunrise to sunset.[\/vc_bloc_titre][vc_bloc_prix titre=&#8221;DAILY TICKET&#8221; p1_titre=&#8221;Adult&#8221; p1_prix=&#8221;9,57&#8243; p2_titre=&#8221;Youth (13-17 years old)&#8221; p2_prix=&#8221;6,96&#8243; p3_titre=&#8221;Chil (6-12 years old)&#8221; p3_prix=&#8221;6,96&#8243; p4_titre=&#8221;Toddler (5 years old and under)&#8221; p4_prix=&#8221;Free&#8221; p4_montant=&#8221;no_dollar&#8221; btn_url=&#8221;url:https%3A%2F%2Fwww.aventurequebec.ca%2Fen%2Fregional-parks%2Fregional-parks-quebec|title:Acc%C3%A8s%20Nature&#8221; titre_btn_ecom=&#8221;Buy now&#8221; legal=&#8221;Valid for the 2025\u201326 season. A valid access pass is required to use the snowshoeing trails, whether you\u2019re a day visitor or a season pass holder. You can get your pass at the Versant du Village Ticket Office or Rental Shop, or at the Versant du Lac Ticket Office.&#8221;]Valid for the snowshoeing and hiking trails of Bromont, montagne d&#8217;exp\u00e9riences and <a href=\"https:\/\/parcdessommets.com\/en\/\">Parc des Sommets<\/a>.[\/vc_bloc_prix][vc_bloc_spacer spacer_hauteur=&#8221;65_&#8221;][vc_bloc_separateur][\/vc_column][\/vc_row][vc_row][vc_column][vc_bloc_spacer spacer_hauteur=&#8221;30_&#8221;][vc_column_text css=&#8221;&#8221;]<strong>Climbing trails and the ascent corridors schedule<\/strong><\/p>\n<p>Open one (1) hour before the opening of the mountainside on which they are located and close one (1) hour before it closes. When the mountainside is closed, the trails are open from sunrise to sunset.[\/vc_column_text][vc_bloc_spacer spacer_hauteur=&#8221;30_&#8221;][vc_column_text css=&#8221;&#8221;]<strong>Snowshoeing\/hiking trails schedule<\/strong><\/p>\n<p>All trails are open from sunrise to sunset.[\/vc_column_text][vc_bloc_spacer spacer_hauteur=&#8221;30_&#8221;][vc_bloc_separateur][vc_bloc_spacer spacer_hauteur=&#8221;30_&#8221;][vc_column_text]<strong>In case of an emergency<\/strong><\/p>\n<p>Ascent trails are <strong>not patrolled<\/strong>. For any assistance, please refer to a Bromont, montagne d&#8217;exp\u00e9riences&#8217;s staff<br \/>\nmember.<\/p>\n<p>The patrol can be reached by telephone at 1-866-276-6668, option 5 during the station&#8217;s business hours. Outside of these<br \/>\nhours, call <strong>911<\/strong>.<\/p>\n<p>Bromont, montagne d&#8217;exp\u00e9rience reserves the right to charge a $250 fee for any request for assistance outside its business<br \/>\nhours and\/or off marked trails.[\/vc_column_text][\/vc_column][\/vc_row][vc_row][vc_column][vc_bloc_spacer spacer_hauteur=&#8221;30_&#8221;][vc_bloc_separateur][vc_bloc_spacer spacer_hauteur=&#8221;30_&#8221;][vc_column_text]<strong>Safety rules<\/strong><\/p>\n<ol>\n<li>Check and respect the opening and closing hours of the trails before starting the ascent.<\/li>\n<li>Respect the mountain&#8217;s code of conduct.<\/li>\n<li>Climb only by the designated and marked places. Stay visible and climb in single file. The snowshoe trail is the only one in which descent is permitted. It is forbidden to descend on the alpine hiking trails.<\/li>\n<li>It is forbidden to access closed trails, or trails that are being snowed or groomed. If you encounter a motorized vehicle (ATV, snow<br \/>\ngroomer), please stop at the edge of the trail. Snow grooming operations that require the use of a winch are a real danger to skiers who come into contact with the steel cable. The cable is 1000 meters long and difficult to see. Winches are marked with a blue flashing light. Never enter a trail in the presence of this flashing light.<\/li>\n<li>It is forbidden to go up the ski slopes intended for downhill skiing except when the signalisation authorizes it.<\/li>\n<li>Pets are not allowed in the trails.<\/li>\n<li>Baby carriers are not permitted on alpine touring trails.<\/li>\n<\/ol>\n<p>[\/vc_column_text][\/vc_column][\/vc_row][vc_row][vc_column][vc_bloc_spacer spacer_hauteur=&#8221;30_&#8221;][vc_bloc_separateur][vc_bloc_spacer spacer_hauteur=&#8221;30_&#8221;][vc_column_text]<strong>Tips while in the mountain <\/strong><\/p>\n<p>Before leaving, make sure to be adequately dressed. It is often colder at the top.<\/p>\n<p>Make sure you are in good physical shape and have the proper equipment. Bring a whistle, food, a change of clothes, a first aid kit and a headlamp.<\/p>\n<p>Climbing alone is not recommended. If this is the case, inform someone close to you about your mountain trip. Carry a charged cell phone with you. Warning! The mobile phone network does not reach all parts of the mountain. Knowledge of first aid is strongly recommended.<\/p>\n<p>Follow this sign to guide you in the trails<\/p>\n<p><img decoding=\"async\" class=\"alignnone wp-image-12203 lazyload\" data-src=\"https:\/\/www.bromontmontagne.com\/wp-content\/uploads\/2020\/12\/raquette-2020-1.jpg\" alt=\"\" width=\"60\" height=\"57\" src=\"data:image\/svg+xml;base64,PHN2ZyB3aWR0aD0iMSIgaGVpZ2h0PSIxIiB4bWxucz0iaHR0cDovL3d3dy53My5vcmcvMjAwMC9zdmciPjwvc3ZnPg==\" style=\"--smush-placeholder-width: 60px; --smush-placeholder-aspect-ratio: 60\/57;\" \/>\u00a0 <img decoding=\"async\" class=\"alignnone wp-image-12205 lazyload\" data-src=\"https:\/\/www.bromontmontagne.com\/wp-content\/uploads\/2020\/12\/2020-12-09-17_21_28-Photos.png\" alt=\"\" width=\"60\" height=\"58\" src=\"data:image\/svg+xml;base64,PHN2ZyB3aWR0aD0iMSIgaGVpZ2h0PSIxIiB4bWxucz0iaHR0cDovL3d3dy53My5vcmcvMjAwMC9zdmciPjwvc3ZnPg==\" style=\"--smush-placeholder-width: 60px; --smush-placeholder-aspect-ratio: 60\/58;\" \/><\/p>\n<ul>\n<li>Do not leave any waste or traces of your passage. Be respectful of the environment.<\/li>\n<li>Fatbike is forbidden in the trails.<\/li>\n<li>Pets are not allowed in our trails.<\/li>\n<\/ul>\n<p>By using the alpine hiking and snowshoeing trails, you acknowledge and agree to respect the safety rules, the mountain code of conduct<br \/>\nand other instructions and measures in force at the resort. In case of default, access may be terminated and confiscated without notice<br \/>\nor refund. You also accept the risks inherent to the practice of winter sports (ski touring, snowshoeing, downhill skiing, snowboarding).<br \/>\nYou assume full responsibility for any material damage or bodily injury resulting from such risks and dangers. Please be vigilant. This is your responsibility![\/vc_column_text][\/vc_column][\/vc_row][vc_row disable_element=&#8221;yes&#8221;][vc_column][vc_bloc_spacer spacer_hauteur=&#8221;30_&#8221;][vc_bloc_separateur][vc_bloc_spacer spacer_hauteur=&#8221;30_&#8221;][vc_column_text]<strong>COVID-19 : Preventive measures to be respected\u00a0<\/strong><\/p>\n<p>Bromont, montagne d&#8217;exp\u00e9riences is committed to putting in place all the resources necessary to allow its clientele to make a safe<br \/>\nvisit in times of pandemic. Any individual or group of individuals who do not respect one or more of the measures in place will have to<br \/>\nleave the premises at the request of the staff. Before entering our trails, you certify that you have read all of the <a href=\"https:\/\/www.bromontmontagne.com\/en\/preventive-measures-covid-19\/?act=1\" target=\"_blank\" rel=\"noopener noreferrer\">COVID-19 preventive measures<\/a>.[\/vc_column_text][\/vc_column][\/vc_row][vc_row disable_element=&#8221;yes&#8221;][vc_column][vc_bloc_spacer spacer_hauteur=&#8221;100_&#8221;][vc_bloc_separateur][vc_bloc_spacer spacer_hauteur=&#8221;65_&#8221;][vc_bloc_titre titre=&#8221;Thanks to our partner&#8221; alignement=&#8221;centre&#8221;][\/vc_bloc_titre][vc_single_image image=&#8221;6596&#8243; img_size=&#8221;full&#8221; alignment=&#8221;center&#8221;][vc_bloc_spacer spacer_hauteur=&#8221;65_&#8221;][vc_bloc_separateur][vc_bloc_spacer spacer_hauteur=&#8221;65_&#8221;][\/vc_column][\/vc_row]<\/p>\n<\/div>","protected":false},"excerpt":{"rendered":"<p>[vc_row][vc_column][vc_bloc_spacer spacer_hauteur=&#8221;100_&#8221;][vc_bloc_titre_texte titre=&#8221;See you at the top!&#8221; alignement=&#8221;centre&#8221;]Climb the mountain differently with alpine touring, snowshoeing or hiking and enjoy the most beautiful mountain landscapes. With different circuits for all levels, reach the summit at your own pace and hurtle down your favorite trails.[\/vc_bloc_titre_texte][vc_bloc_spacer spacer_hauteur=&#8221;20_&#8221;][\/vc_column][\/vc_row][vc_row][vc_column][vc_bloc_bouton nb_bouton=&#8221;4&#8243; bouton_1=&#8221;url:%2Fen%2Fmaps-of-the-mountain%2F%3Fact%3D2|title:Trails%20map&#8221; bouton_3=&#8221;url:%2Fen%2Fdetailed-conditions%2F|title:Conditions|target:_blank&#8221; bouton_4=&#8221;url:%2Fen%2Fdetailed-schedule%2F%3Fact%3D1|title:Schedule&#8221; alignement=&#8221;centre&#8221; color_btn=&#8221;button outline-blue&#8221;][vc_bloc_spacer spacer_hauteur=&#8221;65_&#8221;][\/vc_column][\/vc_row][vc_row el_id=&#8221;Alpinetouring&#8221;][vc_column][vc_bloc_titre titre=&#8221;Alpine touring&#8221;]Snowshoeing [&hellip;]<\/p>\n","protected":false},"author":4,"featured_media":0,"parent":0,"menu_order":511,"comment_status":"closed","ping_status":"closed","template":"","meta":{"_acf_changed":false,"footnotes":""},"class_list":["post-7964","page","type-page","status-publish","hentry"],"acf":[],"yoast_head":"<!-- This site is optimized with the Yoast SEO plugin v27.1.1 - https:\/\/yoast.com\/product\/yoast-seo-wordpress\/ -->\n<title>Alpine touring - Bromont, montagne d&#039;exp\u00e9riences<\/title>\n<meta name=\"description\" content=\"Discover 4 alpine hiking trails spread over 3 Versants! Admire the most beautiful landscapes with circuits for all levels.\" \/>\n<meta name=\"robots\" content=\"index, follow, max-snippet:-1, max-image-preview:large, max-video-preview:-1\" \/>\n<link rel=\"canonical\" href=\"https:\/\/www.bromontmontagne.com\/en\/alpine-touring\/\" \/>\n<meta property=\"og:locale\" content=\"en_US\" \/>\n<meta property=\"og:type\" content=\"article\" \/>\n<meta property=\"og:title\" content=\"Alpine touring - Bromont, montagne d&#039;exp\u00e9riences\" \/>\n<meta property=\"og:description\" content=\"Discover 4 alpine hiking trails spread over 3 Versants! Admire the most beautiful landscapes with circuits for all levels.\" \/>\n<meta property=\"og:url\" content=\"https:\/\/www.bromontmontagne.com\/en\/alpine-touring\/\" \/>\n<meta property=\"og:site_name\" content=\"Bromont, montagne d&#039;exp\u00e9riences\" \/>\n<meta property=\"article:modified_time\" content=\"2026-02-25T15:12:19+00:00\" \/>\n<meta property=\"og:image\" content=\"https:\/\/www.bromontmontagne.com\/wp-content\/uploads\/2020\/12\/raquette-2020-1.jpg\" \/>\n\t<meta property=\"og:image:width\" content=\"65\" \/>\n\t<meta property=\"og:image:height\" content=\"62\" \/>\n\t<meta property=\"og:image:type\" content=\"image\/jpeg\" \/>\n<meta name=\"twitter:card\" content=\"summary_large_image\" \/>\n<meta name=\"twitter:label1\" content=\"Est. reading time\" \/>\n\t<meta name=\"twitter:data1\" content=\"8 minutes\" \/>\n<script type=\"application\/ld+json\" class=\"yoast-schema-graph\">{\"@context\":\"https:\/\/schema.org\",\"@graph\":[{\"@type\":\"WebPage\",\"@id\":\"https:\/\/www.bromontmontagne.com\/en\/alpine-touring\/\",\"url\":\"https:\/\/www.bromontmontagne.com\/en\/alpine-touring\/\",\"name\":\"Alpine touring - Bromont, montagne d&#039;exp\u00e9riences\",\"isPartOf\":{\"@id\":\"https:\/\/www.bromontmontagne.com\/en\/#website\"},\"primaryImageOfPage\":{\"@id\":\"https:\/\/www.bromontmontagne.com\/en\/alpine-touring\/#primaryimage\"},\"image\":{\"@id\":\"https:\/\/www.bromontmontagne.com\/en\/alpine-touring\/#primaryimage\"},\"thumbnailUrl\":\"https:\/\/www.bromontmontagne.com\/wp-content\/uploads\/2020\/12\/raquette-2020-1.jpg\",\"datePublished\":\"2020-02-25T14:49:13+00:00\",\"dateModified\":\"2026-02-25T15:12:19+00:00\",\"description\":\"Discover 4 alpine hiking trails spread over 3 Versants! Admire the most beautiful landscapes with circuits for all levels.\",\"breadcrumb\":{\"@id\":\"https:\/\/www.bromontmontagne.com\/en\/alpine-touring\/#breadcrumb\"},\"inLanguage\":\"en-CA\",\"potentialAction\":[{\"@type\":\"ReadAction\",\"target\":[\"https:\/\/www.bromontmontagne.com\/en\/alpine-touring\/\"]}]},{\"@type\":\"ImageObject\",\"inLanguage\":\"en-CA\",\"@id\":\"https:\/\/www.bromontmontagne.com\/en\/alpine-touring\/#primaryimage\",\"url\":\"https:\/\/www.bromontmontagne.com\/wp-content\/uploads\/2020\/12\/raquette-2020-1.jpg\",\"contentUrl\":\"https:\/\/www.bromontmontagne.com\/wp-content\/uploads\/2020\/12\/raquette-2020-1.jpg\"},{\"@type\":\"BreadcrumbList\",\"@id\":\"https:\/\/www.bromontmontagne.com\/en\/alpine-touring\/#breadcrumb\",\"itemListElement\":[{\"@type\":\"ListItem\",\"position\":1,\"name\":\"Homepage\",\"item\":\"https:\/\/www.bromontmontagne.com\/en\/\"},{\"@type\":\"ListItem\",\"position\":2,\"name\":\"Alpine touring\"}]},{\"@type\":\"WebSite\",\"@id\":\"https:\/\/www.bromontmontagne.com\/en\/#website\",\"url\":\"https:\/\/www.bromontmontagne.com\/en\/\",\"name\":\"Bromont, montagne d&#039;exp\u00e9riences\",\"description\":\"\",\"potentialAction\":[{\"@type\":\"SearchAction\",\"target\":{\"@type\":\"EntryPoint\",\"urlTemplate\":\"https:\/\/www.bromontmontagne.com\/en\/?s={search_term_string}\"},\"query-input\":{\"@type\":\"PropertyValueSpecification\",\"valueRequired\":true,\"valueName\":\"search_term_string\"}}],\"inLanguage\":\"en-CA\"}]}<\/script>\n<!-- \/ Yoast SEO plugin. -->","yoast_head_json":{"title":"Alpine touring - Bromont, montagne d&#039;exp\u00e9riences","description":"Discover 4 alpine hiking trails spread over 3 Versants! Admire the most beautiful landscapes with circuits for all levels.","robots":{"index":"index","follow":"follow","max-snippet":"max-snippet:-1","max-image-preview":"max-image-preview:large","max-video-preview":"max-video-preview:-1"},"canonical":"https:\/\/www.bromontmontagne.com\/en\/alpine-touring\/","og_locale":"en_US","og_type":"article","og_title":"Alpine touring - Bromont, montagne d&#039;exp\u00e9riences","og_description":"Discover 4 alpine hiking trails spread over 3 Versants! Admire the most beautiful landscapes with circuits for all levels.","og_url":"https:\/\/www.bromontmontagne.com\/en\/alpine-touring\/","og_site_name":"Bromont, montagne d&#039;exp\u00e9riences","article_modified_time":"2026-02-25T15:12:19+00:00","og_image":[{"width":65,"height":62,"url":"https:\/\/www.bromontmontagne.com\/wp-content\/uploads\/2020\/12\/raquette-2020-1.jpg","type":"image\/jpeg"}],"twitter_card":"summary_large_image","twitter_misc":{"Est. reading time":"8 minutes"},"schema":{"@context":"https:\/\/schema.org","@graph":[{"@type":"WebPage","@id":"https:\/\/www.bromontmontagne.com\/en\/alpine-touring\/","url":"https:\/\/www.bromontmontagne.com\/en\/alpine-touring\/","name":"Alpine touring - Bromont, montagne d&#039;exp\u00e9riences","isPartOf":{"@id":"https:\/\/www.bromontmontagne.com\/en\/#website"},"primaryImageOfPage":{"@id":"https:\/\/www.bromontmontagne.com\/en\/alpine-touring\/#primaryimage"},"image":{"@id":"https:\/\/www.bromontmontagne.com\/en\/alpine-touring\/#primaryimage"},"thumbnailUrl":"https:\/\/www.bromontmontagne.com\/wp-content\/uploads\/2020\/12\/raquette-2020-1.jpg","datePublished":"2020-02-25T14:49:13+00:00","dateModified":"2026-02-25T15:12:19+00:00","description":"Discover 4 alpine hiking trails spread over 3 Versants! Admire the most beautiful landscapes with circuits for all levels.","breadcrumb":{"@id":"https:\/\/www.bromontmontagne.com\/en\/alpine-touring\/#breadcrumb"},"inLanguage":"en-CA","potentialAction":[{"@type":"ReadAction","target":["https:\/\/www.bromontmontagne.com\/en\/alpine-touring\/"]}]},{"@type":"ImageObject","inLanguage":"en-CA","@id":"https:\/\/www.bromontmontagne.com\/en\/alpine-touring\/#primaryimage","url":"https:\/\/www.bromontmontagne.com\/wp-content\/uploads\/2020\/12\/raquette-2020-1.jpg","contentUrl":"https:\/\/www.bromontmontagne.com\/wp-content\/uploads\/2020\/12\/raquette-2020-1.jpg"},{"@type":"BreadcrumbList","@id":"https:\/\/www.bromontmontagne.com\/en\/alpine-touring\/#breadcrumb","itemListElement":[{"@type":"ListItem","position":1,"name":"Homepage","item":"https:\/\/www.bromontmontagne.com\/en\/"},{"@type":"ListItem","position":2,"name":"Alpine touring"}]},{"@type":"WebSite","@id":"https:\/\/www.bromontmontagne.com\/en\/#website","url":"https:\/\/www.bromontmontagne.com\/en\/","name":"Bromont, montagne d&#039;exp\u00e9riences","description":"","potentialAction":[{"@type":"SearchAction","target":{"@type":"EntryPoint","urlTemplate":"https:\/\/www.bromontmontagne.com\/en\/?s={search_term_string}"},"query-input":{"@type":"PropertyValueSpecification","valueRequired":true,"valueName":"search_term_string"}}],"inLanguage":"en-CA"}]}},"_links":{"self":[{"href":"https:\/\/www.bromontmontagne.com\/en\/wp-json\/wp\/v2\/pages\/7964","targetHints":{"allow":["GET"]}}],"collection":[{"href":"https:\/\/www.bromontmontagne.com\/en\/wp-json\/wp\/v2\/pages"}],"about":[{"href":"https:\/\/www.bromontmontagne.com\/en\/wp-json\/wp\/v2\/types\/page"}],"author":[{"embeddable":true,"href":"https:\/\/www.bromontmontagne.com\/en\/wp-json\/wp\/v2\/users\/4"}],"replies":[{"embeddable":true,"href":"https:\/\/www.bromontmontagne.com\/en\/wp-json\/wp\/v2\/comments?post=7964"}],"version-history":[{"count":28,"href":"https:\/\/www.bromontmontagne.com\/en\/wp-json\/wp\/v2\/pages\/7964\/revisions"}],"predecessor-version":[{"id":56498,"href":"https:\/\/www.bromontmontagne.com\/en\/wp-json\/wp\/v2\/pages\/7964\/revisions\/56498"}],"wp:attachment":[{"href":"https:\/\/www.bromontmontagne.com\/en\/wp-json\/wp\/v2\/media?parent=7964"}],"curies":[{"name":"wp","href":"https:\/\/api.w.org\/{rel}","templated":true}]}}