{"id":7929,"date":"2020-04-01T13:12:25","date_gmt":"2020-04-01T17:12:25","guid":{"rendered":"https:\/\/www.bromontmontagne.com\/ski-2\/"},"modified":"2026-04-07T07:47:29","modified_gmt":"2026-04-07T11:47:29","slug":"ski","status":"publish","type":"page","link":"https:\/\/www.bromontmontagne.com\/en\/restauration\/ski\/","title":{"rendered":"onglet &#8211; Food services &#8211; Ski"},"content":{"rendered":"<div class=\"wpb-content-wrapper\"><p>[vc_row row_size=&#8221;vc_row_small&#8221; disable_element=&#8221;yes&#8221;][vc_column][vc_bloc_spacer spacer_hauteur=&#8221;20_&#8221; spacer_marge=&#8221;mt&#8221;][vc_bloc_titre_texte titre=&#8221;See you next year!&#8221; alignement=&#8221;centre&#8221;][\/vc_bloc_titre_texte][\/vc_column][\/vc_row][vc_row row_size=&#8221;vc_row_small&#8221; disable_element=&#8221;yes&#8221;][vc_column][vc_bloc_spacer spacer_hauteur=&#8221;20_&#8221; spacer_marge=&#8221;mt&#8221;][vc_bloc_titre_texte alignement=&#8221;centre&#8221;]<\/p>\n<h5>Get ready for the perfect ski day!<\/h5>\n<p>When purchasing your ski ticket online, take advantage of the discounted duo or trio meal option. There&#8217;s nothing better than a comforting meal to recharge between runs! This offer will be available on the checkout platform during your purchase. Enjoy your meal![\/vc_bloc_titre_texte][\/vc_column][\/vc_row][vc_row row_size=&#8221;vc_row_small&#8221;][vc_column][vc_bloc_spacer spacer_hauteur=&#8221;20_&#8221; spacer_marge=&#8221;mt&#8221;][vc_bloc_titre_texte]<\/p>\n<div>\n<div>Please note that schedules are subject to change without notice due to weather and attendance.<\/div>\n<\/div>\n<p>[\/vc_bloc_titre_texte][\/vc_column][\/vc_row][vc_row row_size=&#8221;vc_row_small&#8221; disable_element=&#8221;yes&#8221;][vc_column][vc_bloc_spacer spacer_hauteur=&#8221;20_&#8221; spacer_marge=&#8221;mt&#8221;][vc_bloc_titre titre=&#8221;POULES MOUILL\u00c9ES EVENT&#8221; stitre=&#8221;Versant du Village&#8221;][\/vc_bloc_titre][vc_column_text]<strong>Menu<\/strong><\/p>\n<p>Salad, Hawaiian pizza, sausage on a stick, chicken tray and a variety of drinks![\/vc_column_text][vc_bloc_bouton nb_bouton=&#8221;2&#8243; bouton_1=&#8221;url:https%3A%2F%2Fwww.bromontmontagne.com%2Fwp-content%2Fuploads%2F2023%2F04%2FPoules-Menu-complet-24&#215;36-vf.pdf|title:Poules%20mouill%C3%A9es%20menu|target:_blank&#8221; color_btn=&#8221;button outline-blue&#8221;][vc_bloc_spacer spacer_hauteur=&#8221;65_&#8221; spacer_marge=&#8221;mt&#8221;][vc_bloc_separateur][\/vc_column][\/vc_row][vc_row row_size=&#8221;vc_row_small&#8221;][vc_column][vc_bloc_spacer spacer_hauteur=&#8221;20_&#8221; spacer_marge=&#8221;mt&#8221;][vc_bloc_titre titre=&#8221;Chalet du Sommet&#8221; stitre=&#8221;Daffy \/ Escale \/ Salle Coupe du Monde&#8221;][\/vc_bloc_titre][vc_column_text css=&#8221;&#8221;]<strong>On the menu<br \/>\n<\/strong>Warm up with a good coffee at the summit while taking in the panoramic views! French onion soup, classic nachos, BBQ pulled-pork mac &amp; cheese and more are waiting for you. Treat yourself to a brownie or a maple tartlet to top it all off![\/vc_column_text][vc_column_text css=&#8221;&#8221;]<strong>Regular hours*<\/strong><\/p>\n<p>Hot meals served from 11 AM.<\/p>\n<ul>\n<li>Monday to Thursday: 10 AM to 2:30 PM<\/li>\n<li>Friday, Saturday &amp; Sunday: 9:30 AM to 2:30 PM<\/li>\n<\/ul>\n<p class=\"txt-legal\">*Variable hours for our three service points, based on event and corporate bookings as well as visitor traffic.<\/p>\n<p>[\/vc_column_text][vc_bloc_bouton nb_bouton=&#8221;3&#8243; bouton_1=&#8221;url:https%3A%2F%2Fwww.bromontmontagne.com%2Fwp-content%2Fuploads%2F2026%2F01%2FMenu-Chalet-Sommet-Daffy-WEB-EN-1.pdf|title:Le%20Daffy&#8221; bouton_2=&#8221;url:https%3A%2F%2Fwww.bromontmontagne.com%2Fwp-content%2Fuploads%2F2026%2F01%2FMenu-Chalet-Sommet-Escale-WEB-EN-1.pdf|title:L&#8217;Escale&#8221; bouton_3=&#8221;url:https%3A%2F%2Fwww.bromontmontagne.com%2Fwp-content%2Fuploads%2F2026%2F01%2FBM-Restauration-Menu-Salle_Coupe_Monde-WEB-VF-V2.pdf|title:Coupe%20du%20monde&#8221;][vc_bloc_spacer spacer_hauteur=&#8221;30_&#8221; spacer_marge=&#8221;mt&#8221;][vc_bloc_separateur][\/vc_column][\/vc_row][vc_row row_size=&#8221;vc_row_small&#8221;][vc_column][vc_bloc_spacer spacer_hauteur=&#8221;20_&#8221; spacer_marge=&#8221;mt&#8221;][vc_bloc_titre titre=&#8221;Bistro-bar La D\u00e9barque&#8221; stitre=&#8221;Chalet du Village&#8221;][\/vc_bloc_titre][vc_column_text css=&#8221;&#8221;]<strong>Menu<br \/>\n<\/strong>Discover shareable appetizers, pub classics, pizzas, and mountain-inspired specialties: Qu\u00e9bec cheese fondue, Qu\u00e9bec-style tartiflette, mac &amp; cheese, beef stew, and more. Check out our cocktail menu and curated wine selection![\/vc_column_text][vc_column_text css=&#8221;&#8221;]<b>Regular hours<\/b><\/p>\n<ul>\n<li>Monday to Sunday : 11 AM to 4:30 PM<\/li>\n<\/ul>\n<p>[\/vc_column_text][vc_bloc_bouton nb_bouton=&#8221;4&#8243; bouton_1=&#8221;url:https%3A%2F%2Fbooking.libroreserve.com%2F265cfa8bbaa1aaa%2FQC017277248432%2Fseat|title:Book%20a%20table&#8221; bouton_2=&#8221;url:https%3A%2F%2Fwww.bromontmontagne.com%2Fwp-content%2Fuploads%2F2026%2F03%2FEN-Menu-Debarque-Bouffe-8.5&#215;11-2026-VF.pdf|title:Food%20Menu&#8221; bouton_3=&#8221;url:%2Fwp-content%2Fuploads%2F2025%2F12%2FMenu-Debarque-Boisson-8.5&#215;11-FR-2026-VF.pdf|title:Drink%20menu&#8221; bouton_4=&#8221;url:%2Fwp-content%2Fuploads%2F2025%2F12%2FMenu-Debarque-NuitBlanche-8.5&#215;11-FR-2026-VF.pdf|title:Nuit%20Blanche%20Menu&#8221;][vc_bloc_spacer spacer_hauteur=&#8221;30_&#8221; spacer_marge=&#8221;mt&#8221;][vc_bloc_separateur][\/vc_column][\/vc_row][vc_row row_size=&#8221;vc_row_small&#8221;][vc_column][vc_bloc_spacer spacer_hauteur=&#8221;20_&#8221; spacer_marge=&#8221;mt&#8221;][vc_bloc_titre titre=&#8221;Halte-resto Le Refuge&#8221; stitre=&#8221;Chalet du Village&#8221;][\/vc_bloc_titre][vc_column_text css=&#8221;&#8221;]<strong>On the menu<\/strong><br \/>\nA wide variety of meals to satisfy every appetite: pizza-ghetti, chili, your classic snack bar favorites, and an Asian station. You\u2019ll also find plenty of snacks, hot drinks, and grab-and-go options![\/vc_column_text][vc_column_text css=&#8221;&#8221;]<strong>Regular hours<\/strong><\/p>\n<p>Hot meals served from 11 AM.<\/p>\n<ul>\n<li>Monday to Thursday: 8:30 AM to 10 PM<\/li>\n<li>Friday, Saturday &amp; Sunday: 8 AM to 4:30 PM<\/li>\n<\/ul>\n<p>[\/vc_column_text][vc_bloc_bouton nb_bouton=&#8221;2&#8243; bouton_1=&#8221;url:https%3A%2F%2Fwww.bromontmontagne.com%2Fwp-content%2Fuploads%2F2026%2F04%2FMenu-Refuge-Ecrans-tous-2026-VF-4.pdf|title:Regular%20menu&#8221;][vc_bloc_spacer spacer_hauteur=&#8221;30_&#8221; spacer_marge=&#8221;mt&#8221;][vc_bloc_separateur][\/vc_column][\/vc_row][vc_row row_size=&#8221;vc_row_small&#8221;][vc_column][vc_bloc_spacer spacer_hauteur=&#8221;20_&#8221;][vc_bloc_titre titre=&#8221;Halte-resto du Lac&#8221; stitre=&#8221;Chalet du Lac&#8221;][\/vc_bloc_titre][vc_column_text css=&#8221;&#8221;]<strong>Closed for the remainder of the 2025\u20132026 ski season. Thank you for your understanding, and we look forward to welcoming you back next season!<\/strong>[\/vc_column_text][vc_column_text css=&#8221;&#8221;]<strong>On the menu<\/strong><br \/>\nA wide variety of meals to satisfy everyone\u2019s appetite: pizza-ghetti, chili, classic snack bar favorites, salads, and sandwiches. You\u2019ll also find plenty of snacks, hot drinks, and ready-to-eat options![\/vc_column_text][vc_bloc_bouton nb_bouton=&#8221;1&#8243; bouton_1=&#8221;url:%2Fwp-content%2Fuploads%2F2025%2F12%2FBM-Restauration-Menu-Chalet-Lac-VF-WEB.pdf|title:Regular%20menu&#8221;][vc_bloc_spacer spacer_hauteur=&#8221;30_&#8221;][vc_bloc_separateur][\/vc_column][\/vc_row][vc_row row_size=&#8221;vc_row_small&#8221;][vc_column][vc_bloc_spacer spacer_hauteur=&#8221;20_&#8221;][vc_bloc_titre titre=&#8221;Halte-resto du Soleil&#8221; stitre=&#8221;Chalet Soleil&#8221;][\/vc_bloc_titre][vc_column_text css=&#8221;&#8221;]<strong>Closed for the remainder of the 2025\u20132026 ski season. Thank you for your understanding, and we look forward to welcoming you back next season!<\/strong>[\/vc_column_text][vc_column_text css=&#8221;&#8221;]<strong>On the menu<br \/>\n<\/strong>Craving a hot chocolate to warm up? We\u2019ve got you covered! Swing by and fuel up with our soups, salads, sandwiches, and snacks, the perfect break to recharge between runs![\/vc_column_text][vc_bloc_bouton nb_bouton=&#8221;1&#8243; bouton_1=&#8221;url:%2Fwp-content%2Fuploads%2F2025%2F12%2FChalet-Soleil-1920&#215;1080-1.pdf|title:Regular%20menu&#8221;][vc_bloc_spacer spacer_hauteur=&#8221;30_&#8221;][vc_bloc_separateur][\/vc_column][\/vc_row][vc_row row_size=&#8221;vc_row_small&#8221; disable_element=&#8221;yes&#8221;][vc_column][vc_bloc_titre titre=&#8221;Bar des pistes&#8221; stitre=&#8221;Outside, in front of Altitude&#8221;][\/vc_bloc_titre][vc_column_text css=&#8221;&#8221;]<strong>On the menu<br \/>\n<\/strong>Make the most of mountain events with the Bar des Pistes and its selection of beers, ready-to-drink beverages, non-alcoholic drinks and snacks.[\/vc_column_text][vc_column_text css=&#8221;&#8221;]<strong>Regular hours<\/strong><\/p>\n<p>Open in the evenings during <a href=\"https:\/\/www.bromontmontagne.com\/en\/events\/\">Nuits Blanches, Apr\u00e8s-Ski and Apr\u00e8s-Apr\u00e8s events.<\/a><\/p>\n<ul>\n<li>Saturday, Jan. 10 : 7 PM to midnight<\/li>\n<li>Saturday, Jan. 17 : 7 PM to 11 PM<\/li>\n<li>Saturday, Jan. 24 : 7 PM to midnight<\/li>\n<li>Saturday, Jan. 31 : 7 PM to 11 PM<\/li>\n<\/ul>\n<p>[\/vc_column_text][vc_bloc_bouton nb_bouton=&#8221;1&#8243; bouton_1=&#8221;url:https%3A%2F%2Fwww.bromontmontagne.com%2Fwp-content%2Fuploads%2F2025%2F12%2FMenu-Bar-des-pistes-2026-VF-WEB.pdf|title:Menu%20r%C3%A9gulier&#8221;][vc_bloc_spacer spacer_hauteur=&#8221;30_&#8221; spacer_marge=&#8221;mt&#8221;][vc_bloc_separateur][\/vc_column][\/vc_row][vc_row disable_element=&#8221;yes&#8221;][vc_column][vc_bloc_spacer spacer_hauteur=&#8221;20_&#8221; spacer_marge=&#8221;mt&#8221;][vc_bloc_spacer spacer_hauteur=&#8221;_&#8221;][vc_bloc_texte_img_2col titre=&#8221;Proud to support local producers!&#8221; btn=&#8221;url:%2Fen%2Fski-en%2Fbromont-recognized-by-aliments-du-quebec-au-menu%2F|title:Learn%20more&#8221; img=&#8221;11234&#8243;][\/vc_bloc_texte_img_2col][\/vc_column][\/vc_row]<\/p>\n<\/div>","protected":false},"excerpt":{"rendered":"<p>[vc_row row_size=&#8221;vc_row_small&#8221; disable_element=&#8221;yes&#8221;][vc_column][vc_bloc_spacer spacer_hauteur=&#8221;20_&#8221; spacer_marge=&#8221;mt&#8221;][vc_bloc_titre_texte titre=&#8221;See you next year!&#8221; alignement=&#8221;centre&#8221;][\/vc_bloc_titre_texte][\/vc_column][\/vc_row][vc_row row_size=&#8221;vc_row_small&#8221; disable_element=&#8221;yes&#8221;][vc_column][vc_bloc_spacer spacer_hauteur=&#8221;20_&#8221; spacer_marge=&#8221;mt&#8221;][vc_bloc_titre_texte alignement=&#8221;centre&#8221;] Get ready for the perfect ski day! When purchasing your ski ticket online, take advantage of the discounted duo or trio meal option. There&#8217;s nothing better than a comforting meal to recharge between runs! This offer will be available on [&hellip;]<\/p>\n","protected":false},"author":4,"featured_media":0,"parent":7932,"menu_order":586,"comment_status":"closed","ping_status":"closed","template":"","meta":{"_acf_changed":false,"footnotes":""},"class_list":["post-7929","page","type-page","status-publish","hentry"],"acf":[],"yoast_head":"<!-- This site is optimized with the Yoast SEO plugin v27.1.1 - https:\/\/yoast.com\/product\/yoast-seo-wordpress\/ -->\n<title>onglet - Food services - Ski - Bromont, montagne d&#039;exp\u00e9riences<\/title>\n<meta name=\"robots\" content=\"noindex, nofollow\" \/>\n<meta property=\"og:locale\" content=\"en_US\" \/>\n<meta property=\"og:type\" content=\"article\" \/>\n<meta property=\"og:title\" content=\"onglet - Food services - Ski - Bromont, montagne d&#039;exp\u00e9riences\" \/>\n<meta property=\"og:description\" content=\"[vc_row row_size=&#8221;vc_row_small&#8221; disable_element=&#8221;yes&#8221;][vc_column][vc_bloc_spacer spacer_hauteur=&#8221;20_&#8221; spacer_marge=&#8221;mt&#8221;][vc_bloc_titre_texte titre=&#8221;See you next year!&#8221; alignement=&#8221;centre&#8221;][\/vc_bloc_titre_texte][\/vc_column][\/vc_row][vc_row row_size=&#8221;vc_row_small&#8221; disable_element=&#8221;yes&#8221;][vc_column][vc_bloc_spacer spacer_hauteur=&#8221;20_&#8221; spacer_marge=&#8221;mt&#8221;][vc_bloc_titre_texte alignement=&#8221;centre&#8221;] Get ready for the perfect ski day! When purchasing your ski ticket online, take advantage of the discounted duo or trio meal option. There&#8217;s nothing better than a comforting meal to recharge between runs! This offer will be available on [&hellip;]\" \/>\n<meta property=\"og:url\" content=\"https:\/\/www.bromontmontagne.com\/en\/restauration\/ski\/\" \/>\n<meta property=\"og:site_name\" content=\"Bromont, montagne d&#039;exp\u00e9riences\" \/>\n<meta property=\"article:modified_time\" content=\"2026-04-07T11:47:29+00:00\" \/>\n<meta property=\"og:image\" content=\"https:\/\/www.bromontmontagne.com\/wp-content\/uploads\/2020\/08\/BME-partage_FB.jpg\" \/>\n\t<meta property=\"og:image:width\" content=\"1200\" \/>\n\t<meta property=\"og:image:height\" content=\"630\" \/>\n\t<meta property=\"og:image:type\" content=\"image\/jpeg\" \/>\n<meta name=\"twitter:card\" content=\"summary_large_image\" \/>\n<meta name=\"twitter:label1\" content=\"Est. reading time\" \/>\n\t<meta name=\"twitter:data1\" content=\"4 minutes\" \/>\n<script type=\"application\/ld+json\" class=\"yoast-schema-graph\">{\"@context\":\"https:\/\/schema.org\",\"@graph\":[{\"@type\":\"WebPage\",\"@id\":\"https:\/\/www.bromontmontagne.com\/en\/restauration\/ski\/\",\"url\":\"https:\/\/www.bromontmontagne.com\/en\/restauration\/ski\/\",\"name\":\"onglet - Food services - Ski - Bromont, montagne d&#039;exp\u00e9riences\",\"isPartOf\":{\"@id\":\"https:\/\/www.bromontmontagne.com\/en\/#website\"},\"datePublished\":\"2020-04-01T17:12:25+00:00\",\"dateModified\":\"2026-04-07T11:47:29+00:00\",\"breadcrumb\":{\"@id\":\"https:\/\/www.bromontmontagne.com\/en\/restauration\/ski\/#breadcrumb\"},\"inLanguage\":\"en-CA\",\"potentialAction\":[{\"@type\":\"ReadAction\",\"target\":[\"https:\/\/www.bromontmontagne.com\/en\/restauration\/ski\/\"]}]},{\"@type\":\"BreadcrumbList\",\"@id\":\"https:\/\/www.bromontmontagne.com\/en\/restauration\/ski\/#breadcrumb\",\"itemListElement\":[{\"@type\":\"ListItem\",\"position\":1,\"name\":\"Homepage\",\"item\":\"https:\/\/www.bromontmontagne.com\/en\/\"},{\"@type\":\"ListItem\",\"position\":2,\"name\":\"Food services\",\"item\":\"https:\/\/www.bromontmontagne.com\/en\/restauration\/\"},{\"@type\":\"ListItem\",\"position\":3,\"name\":\"onglet &#8211; Food services &#8211; Ski\"}]},{\"@type\":\"WebSite\",\"@id\":\"https:\/\/www.bromontmontagne.com\/en\/#website\",\"url\":\"https:\/\/www.bromontmontagne.com\/en\/\",\"name\":\"Bromont, montagne d&#039;exp\u00e9riences\",\"description\":\"\",\"potentialAction\":[{\"@type\":\"SearchAction\",\"target\":{\"@type\":\"EntryPoint\",\"urlTemplate\":\"https:\/\/www.bromontmontagne.com\/en\/?s={search_term_string}\"},\"query-input\":{\"@type\":\"PropertyValueSpecification\",\"valueRequired\":true,\"valueName\":\"search_term_string\"}}],\"inLanguage\":\"en-CA\"}]}<\/script>\n<!-- \/ Yoast SEO plugin. -->","yoast_head_json":{"title":"onglet - Food services - Ski - Bromont, montagne d&#039;exp\u00e9riences","robots":{"index":"noindex","follow":"nofollow"},"og_locale":"en_US","og_type":"article","og_title":"onglet - Food services - Ski - Bromont, montagne d&#039;exp\u00e9riences","og_description":"[vc_row row_size=&#8221;vc_row_small&#8221; disable_element=&#8221;yes&#8221;][vc_column][vc_bloc_spacer spacer_hauteur=&#8221;20_&#8221; spacer_marge=&#8221;mt&#8221;][vc_bloc_titre_texte titre=&#8221;See you next year!&#8221; alignement=&#8221;centre&#8221;][\/vc_bloc_titre_texte][\/vc_column][\/vc_row][vc_row row_size=&#8221;vc_row_small&#8221; disable_element=&#8221;yes&#8221;][vc_column][vc_bloc_spacer spacer_hauteur=&#8221;20_&#8221; spacer_marge=&#8221;mt&#8221;][vc_bloc_titre_texte alignement=&#8221;centre&#8221;] Get ready for the perfect ski day! When purchasing your ski ticket online, take advantage of the discounted duo or trio meal option. There&#8217;s nothing better than a comforting meal to recharge between runs! This offer will be available on [&hellip;]","og_url":"https:\/\/www.bromontmontagne.com\/en\/restauration\/ski\/","og_site_name":"Bromont, montagne d&#039;exp\u00e9riences","article_modified_time":"2026-04-07T11:47:29+00:00","og_image":[{"width":1200,"height":630,"url":"https:\/\/www.bromontmontagne.com\/wp-content\/uploads\/2020\/08\/BME-partage_FB.jpg","type":"image\/jpeg"}],"twitter_card":"summary_large_image","twitter_misc":{"Est. reading time":"4 minutes"},"schema":{"@context":"https:\/\/schema.org","@graph":[{"@type":"WebPage","@id":"https:\/\/www.bromontmontagne.com\/en\/restauration\/ski\/","url":"https:\/\/www.bromontmontagne.com\/en\/restauration\/ski\/","name":"onglet - Food services - Ski - Bromont, montagne d&#039;exp\u00e9riences","isPartOf":{"@id":"https:\/\/www.bromontmontagne.com\/en\/#website"},"datePublished":"2020-04-01T17:12:25+00:00","dateModified":"2026-04-07T11:47:29+00:00","breadcrumb":{"@id":"https:\/\/www.bromontmontagne.com\/en\/restauration\/ski\/#breadcrumb"},"inLanguage":"en-CA","potentialAction":[{"@type":"ReadAction","target":["https:\/\/www.bromontmontagne.com\/en\/restauration\/ski\/"]}]},{"@type":"BreadcrumbList","@id":"https:\/\/www.bromontmontagne.com\/en\/restauration\/ski\/#breadcrumb","itemListElement":[{"@type":"ListItem","position":1,"name":"Homepage","item":"https:\/\/www.bromontmontagne.com\/en\/"},{"@type":"ListItem","position":2,"name":"Food services","item":"https:\/\/www.bromontmontagne.com\/en\/restauration\/"},{"@type":"ListItem","position":3,"name":"onglet &#8211; Food services &#8211; Ski"}]},{"@type":"WebSite","@id":"https:\/\/www.bromontmontagne.com\/en\/#website","url":"https:\/\/www.bromontmontagne.com\/en\/","name":"Bromont, montagne d&#039;exp\u00e9riences","description":"","potentialAction":[{"@type":"SearchAction","target":{"@type":"EntryPoint","urlTemplate":"https:\/\/www.bromontmontagne.com\/en\/?s={search_term_string}"},"query-input":{"@type":"PropertyValueSpecification","valueRequired":true,"valueName":"search_term_string"}}],"inLanguage":"en-CA"}]}},"_links":{"self":[{"href":"https:\/\/www.bromontmontagne.com\/en\/wp-json\/wp\/v2\/pages\/7929","targetHints":{"allow":["GET"]}}],"collection":[{"href":"https:\/\/www.bromontmontagne.com\/en\/wp-json\/wp\/v2\/pages"}],"about":[{"href":"https:\/\/www.bromontmontagne.com\/en\/wp-json\/wp\/v2\/types\/page"}],"author":[{"embeddable":true,"href":"https:\/\/www.bromontmontagne.com\/en\/wp-json\/wp\/v2\/users\/4"}],"replies":[{"embeddable":true,"href":"https:\/\/www.bromontmontagne.com\/en\/wp-json\/wp\/v2\/comments?post=7929"}],"version-history":[{"count":61,"href":"https:\/\/www.bromontmontagne.com\/en\/wp-json\/wp\/v2\/pages\/7929\/revisions"}],"predecessor-version":[{"id":57834,"href":"https:\/\/www.bromontmontagne.com\/en\/wp-json\/wp\/v2\/pages\/7929\/revisions\/57834"}],"up":[{"embeddable":true,"href":"https:\/\/www.bromontmontagne.com\/en\/wp-json\/wp\/v2\/pages\/7932"}],"wp:attachment":[{"href":"https:\/\/www.bromontmontagne.com\/en\/wp-json\/wp\/v2\/media?parent=7929"}],"curies":[{"name":"wp","href":"https:\/\/api.w.org\/{rel}","templated":true}]}}