{"id":7769,"date":"2020-02-25T09:50:25","date_gmt":"2020-02-25T14:50:25","guid":{"rendered":"https:\/\/www.bromontmontagne.com\/abonnement-ski\/"},"modified":"2026-02-26T16:21:48","modified_gmt":"2026-02-26T21:21:48","slug":"ski-season-passes","status":"publish","type":"page","link":"https:\/\/www.bromontmontagne.com\/en\/ski-season-passes\/","title":{"rendered":"Ski season passes"},"content":{"rendered":"<div class=\"wpb-content-wrapper\"><p>[vc_row disable_element=&#8221;yes&#8221;][vc_column][vc_bloc_prix_v3 titre=&#8221;MOUNTAIN COLLECTIVE PASS&#8221; c1_titre=&#8221;Until<br \/>\nDecember 11&#8243; c1_promo=&#8221;promo&#8221; hide_economie=&#8221;1&#8243; p1_titre=&#8221;Adult (18 &amp; up)&#8221; p1_prix1=&#8221;1029&#8243; p2_titre=&#8221;Young Adult (13-17)&#8221; p2_prix1=&#8221;846&#8243; p3_titre=&#8221;Child (6-12)&#8221; p3_prix1=&#8221;451&#8243; p4_titre=&#8221;Child (5 &amp; less)&#8221; p4_prix1=&#8221;0&#8243; btn_url=&#8221;url:https%3A%2F%2Fmountaincollective.com%2F|title:Buy|target:_blank&#8221; legal=&#8221;Mountain Collective pass valid for the 2025-2026 season. Limited quantities (2000). Prices in Canadian dollars. Taxes not included. Rates subject to change without notice. Non-transferable.&#8221;]<\/p>\n<p data-start=\"0\" data-end=\"83\">Buy your Mountain Collective Pass and discover 27 world-renowned ski resorts!<\/p>\n<p data-start=\"85\" data-end=\"99\" data-is-last-node=\"\" data-is-only-node=\"\"><a href=\"https:\/\/www.bromontmontagne.com\/en\/mountain_collective_en\/\">Learn more<\/a><\/p>\n<p>[\/vc_bloc_prix_v3][vc_bloc_spacer spacer_hauteur=&#8221;30_&#8221;][\/vc_column][\/vc_row][vc_row disable_element=&#8221;yes&#8221;][vc_column][vc_bloc_prix_v3 titre=&#8221;ALPINE TOURING&#8221; c1_titre=&#8221;Rates&#8221; c1_promo=&#8221;promo&#8221; hide_economie=&#8221;1&#8243; p1_titre=&#8221;2025-26 ski season pass holder&#8221; p1_prix1=&#8221;99&#8243; p2_titre=&#8221;6 years old and +&#8221; p2_prix1=&#8221;179&#8243; p3_titre=&#8221;5 years old and -&#8221; p3_prix1=&#8221;0&#8243; idecom1=&#8221;3893&#8243; titre_btn_ecom=&#8221;Buy&#8221; legal=&#8221;Valid for the 2025-26 season. One user per Season Pass. The Season Pass cannot be shared among multiple people.<\/p>\n<p>A valid access pass is required to use the alpine hiking and snowshoe trails, whether you are a day visitor or a season pass holder. You can get it at the Versant du Village Ticket Office or Rental Shop, or at the Versant du Lac Ticket Office.&#8221;]Valid for alpine touring trails from one (1) hour before the opening of the mountainside on which they are located until one (1) hour before it closes.<\/p>\n<p><a href=\"https:\/\/www.bromontmontagne.com\/en\/alpine-touring\/\" target=\"_blank\" rel=\"noopener\">Learn more<\/a>[\/vc_bloc_prix_v3][vc_bloc_spacer spacer_hauteur=&#8221;30_&#8221;][\/vc_column][\/vc_row][vc_row][vc_column][vc_bloc_spacer spacer_hauteur=&#8221;_&#8221; spacer_marge=&#8221;pt&#8221;][vc_bloc_texte_img_2col surtitre=&#8221;10.8M invested at the Water Park&#8221; titre=&#8221;Three new high thrill water slides&#8221; inverse=&#8221;inverse&#8221; img=&#8221;56493&#8243;]<\/p>\n<div class=\"desc wp_editor\">\n<div class=\"flex-shrink-0 flex flex-col relative items-end\">\n<div class=\"pt-0\">\n<div class=\"gizmo-bot-avatar flex h-8 w-8 items-center justify-center overflow-hidden rounded-full\">\n<div class=\"relative p-1 rounded-sm flex items-center justify-center bg-token-main-surface-primary text-token-text-primary h-8 w-8\">This summer, the adrenaline does not melt with the snow. Discover our three new slides worthy of the world\u2019s greatest water parks and extend the thrill well beyond ski season. Starting in late June, get ready for splash filled sensations you will truly feel.<\/div>\n<\/div>\n<\/div>\n<\/div>\n<\/div>\n<p>[\/vc_bloc_texte_img_2col][vc_bloc_spacer spacer_hauteur=&#8221;_&#8221; spacer_marge=&#8221;pt&#8221;][\/vc_column][\/vc_row][vc_row][vc_column][vc_bloc_spacer spacer_hauteur=&#8221;_&#8221; spacer_marge=&#8221;pt&#8221;][vc_bloc_texte_img_2col surtitre=&#8221;Exclusive discounts all season long&#8221; titre=&#8221;Even more benefits with your pass&#8221; btn=&#8221;url:%2Fen%2Fdiscover-the-mountain%2Fdiscount-benefits%2F|title:See%20details&#8221; img=&#8221;56419&#8243;]<\/p>\n<div class=\"desc wp_editor\">\n<div class=\"flex-shrink-0 flex flex-col relative items-end\">\n<div class=\"pt-0\">\n<div class=\"gizmo-bot-avatar flex h-8 w-8 items-center justify-center overflow-hidden rounded-full\">\n<div class=\"relative p-1 rounded-sm flex items-center justify-center bg-token-main-surface-primary text-token-text-primary h-8 w-8\">As a season pass holder, enjoy exclusive discounts at the mountain, partner mountains, and select local businesses.<\/div>\n<\/div>\n<\/div>\n<\/div>\n<\/div>\n<p>[\/vc_bloc_texte_img_2col][vc_bloc_spacer spacer_hauteur=&#8221;_&#8221; spacer_marge=&#8221;pt&#8221;][\/vc_column][\/vc_row][vc_row disable_element=&#8221;yes&#8221;][vc_column][vc_bloc_spacer spacer_hauteur=&#8221;_&#8221; spacer_marge=&#8221;pt&#8221;][vc_bloc_texte_img_2col surtitre=&#8221;Mountain Collective Pass&#8221; titre=&#8221;27 dream destinations&#8221; btn=&#8221;url:https%3A%2F%2Fwww.bromontmontagne.com%2Fen%2Fmountain_collective_en%2F|title:See%20details|target:_blank&#8221; img=&#8221;42935&#8243;]<\/p>\n<div class=\"desc wp_editor\">\n<div class=\"flex-shrink-0 flex flex-col relative items-end\">\n<div class=\"pt-0\">\n<div class=\"gizmo-bot-avatar flex h-8 w-8 items-center justify-center overflow-hidden rounded-full\">\n<div class=\"relative p-1 rounded-sm flex items-center justify-center bg-token-main-surface-primary text-token-text-primary h-8 w-8\">With the Mountain Collective pass, you can make your powder trip to Western Canada and your weekend getaways to the Eastern Townships, Maine or Charlevoix a reality.<\/div>\n<\/div>\n<\/div>\n<\/div>\n<\/div>\n<p>[\/vc_bloc_texte_img_2col][vc_bloc_spacer spacer_hauteur=&#8221;_&#8221; spacer_marge=&#8221;pt&#8221;][\/vc_column][\/vc_row][vc_row][vc_column][vc_bloc_spacer spacer_hauteur=&#8221;_&#8221; spacer_marge=&#8221;pt&#8221;][vc_bloc_texte_img_2col surtitre=&#8221;A sport on the rise&#8221; titre=&#8221;Alpine Touring Season Pass&#8221; inverse=&#8221;inverse&#8221; btn=&#8221;url:https%3A%2F%2Fwww.bromontmontagne.com%2Fen%2Falpine-touring%2F|title:See%20details&#8221; img=&#8221;56427&#8243;]<\/p>\n<div class=\"desc wp_editor\">\n<div class=\"flex-shrink-0 flex flex-col relative items-end\">\n<div class=\"pt-0\">\n<div class=\"gizmo-bot-avatar flex h-8 w-8 items-center justify-center overflow-hidden rounded-full\">\n<div class=\"relative p-1 rounded-sm flex items-center justify-center bg-token-main-surface-primary text-token-text-primary h-8 w-8\">Add this offer to your ski season pass and enjoy the most beautiful mountain scenery along our variety of trails for all levels. Finish strong by skiing down your favorite run\u2026 and do it all over again!<\/div>\n<\/div>\n<\/div>\n<\/div>\n<\/div>\n<p>[\/vc_bloc_texte_img_2col][vc_bloc_spacer spacer_hauteur=&#8221;_&#8221; spacer_marge=&#8221;pt&#8221;][\/vc_column][\/vc_row][vc_row disable_element=&#8221;yes&#8221;][vc_column][vc_bloc_spacer spacer_hauteur=&#8221;_&#8221;][vc_bloc_texte_img_2col surtitre=&#8221;Carte apex&#8221; titre=&#8221;\u00c9conomisez et skiez&#8221; inverse=&#8221;inverse&#8221; btn=&#8221;url:%2Fapex-lest-go%2F|title:Voir%20les%20d%C3%A9tails||&#8221; color_btn=&#8221;lien_cta&#8221; img=&#8221;6095&#8243;]<span style=\"font-weight: 400;\">\u00c9conomisez jusqu\u2019\u00e0 40 % de rabais sur les tarifs r\u00e9guliers de nos billets en vous procurant la carte APEX : 2 \u00e0 8 billets qui vous permettent de skier quand vous voulez.\u00a0<\/span>[\/vc_bloc_texte_img_2col][vc_bloc_spacer spacer_hauteur=&#8221;_&#8221;][\/vc_column][\/vc_row]<\/p>\n<\/div>","protected":false},"excerpt":{"rendered":"<p>[vc_row disable_element=&#8221;yes&#8221;][vc_column][vc_bloc_prix_v3 titre=&#8221;MOUNTAIN COLLECTIVE PASS&#8221; c1_titre=&#8221;Until December 11&#8243; c1_promo=&#8221;promo&#8221; hide_economie=&#8221;1&#8243; p1_titre=&#8221;Adult (18 &amp; up)&#8221; p1_prix1=&#8221;1029&#8243; p2_titre=&#8221;Young Adult (13-17)&#8221; p2_prix1=&#8221;846&#8243; p3_titre=&#8221;Child (6-12)&#8221; p3_prix1=&#8221;451&#8243; p4_titre=&#8221;Child (5 &amp; less)&#8221; p4_prix1=&#8221;0&#8243; btn_url=&#8221;url:https%3A%2F%2Fmountaincollective.com%2F|title:Buy|target:_blank&#8221; legal=&#8221;Mountain Collective pass valid for the 2025-2026 season. Limited quantities (2000). Prices in Canadian dollars. Taxes not included. Rates subject to change without notice. Non-transferable.&#8221;] Buy your [&hellip;]<\/p>\n","protected":false},"author":4,"featured_media":0,"parent":0,"menu_order":183,"comment_status":"closed","ping_status":"closed","template":"template\/template-abonnement-ski.php","meta":{"_acf_changed":false,"footnotes":""},"class_list":["post-7769","page","type-page","status-publish","hentry"],"acf":[],"yoast_head":"<!-- This site is optimized with the Yoast SEO plugin v27.1.1 - https:\/\/yoast.com\/product\/yoast-seo-wordpress\/ -->\n<title>Ski - Season passes - Bromont, montagne d&#039;exp\u00e9riences<\/title>\n<meta name=\"description\" content=\"With 7 different types of season passes, all skiers and snowboarders will find the right fit! Starting at $219+t. Online purchase available.\" \/>\n<meta name=\"robots\" content=\"index, follow, max-snippet:-1, max-image-preview:large, max-video-preview:-1\" \/>\n<link rel=\"canonical\" href=\"https:\/\/www.bromontmontagne.com\/en\/ski-season-passes\/\" \/>\n<meta property=\"og:locale\" content=\"en_US\" \/>\n<meta property=\"og:type\" content=\"article\" \/>\n<meta property=\"og:title\" content=\"Ski - Season passes - Bromont, montagne d&#039;exp\u00e9riences\" \/>\n<meta property=\"og:description\" content=\"With 7 different types of season passes, all skiers and snowboarders will find the right fit! Starting at $219+t. Online purchase available.\" \/>\n<meta property=\"og:url\" content=\"https:\/\/www.bromontmontagne.com\/en\/ski-season-passes\/\" \/>\n<meta property=\"og:site_name\" content=\"Bromont, montagne d&#039;exp\u00e9riences\" \/>\n<meta property=\"article:modified_time\" content=\"2026-02-26T21:21:48+00:00\" \/>\n<meta property=\"og:image\" content=\"https:\/\/www.bromontmontagne.com\/wp-content\/uploads\/2020\/08\/BME-partage_FB.jpg\" \/>\n\t<meta property=\"og:image:width\" content=\"1200\" \/>\n\t<meta property=\"og:image:height\" content=\"630\" \/>\n\t<meta property=\"og:image:type\" content=\"image\/jpeg\" \/>\n<meta name=\"twitter:card\" content=\"summary_large_image\" \/>\n<meta name=\"twitter:label1\" content=\"Est. reading time\" \/>\n\t<meta name=\"twitter:data1\" content=\"4 minutes\" \/>\n<script type=\"application\/ld+json\" class=\"yoast-schema-graph\">{\"@context\":\"https:\/\/schema.org\",\"@graph\":[{\"@type\":\"WebPage\",\"@id\":\"https:\/\/www.bromontmontagne.com\/en\/ski-season-passes\/\",\"url\":\"https:\/\/www.bromontmontagne.com\/en\/ski-season-passes\/\",\"name\":\"Ski - Season passes - Bromont, montagne d&#039;exp\u00e9riences\",\"isPartOf\":{\"@id\":\"https:\/\/www.bromontmontagne.com\/en\/#website\"},\"datePublished\":\"2020-02-25T14:50:25+00:00\",\"dateModified\":\"2026-02-26T21:21:48+00:00\",\"description\":\"With 7 different types of season passes, all skiers and snowboarders will find the right fit! Starting at $219+t. Online purchase available.\",\"breadcrumb\":{\"@id\":\"https:\/\/www.bromontmontagne.com\/en\/ski-season-passes\/#breadcrumb\"},\"inLanguage\":\"en-CA\",\"potentialAction\":[{\"@type\":\"ReadAction\",\"target\":[\"https:\/\/www.bromontmontagne.com\/en\/ski-season-passes\/\"]}]},{\"@type\":\"BreadcrumbList\",\"@id\":\"https:\/\/www.bromontmontagne.com\/en\/ski-season-passes\/#breadcrumb\",\"itemListElement\":[{\"@type\":\"ListItem\",\"position\":1,\"name\":\"Homepage\",\"item\":\"https:\/\/www.bromontmontagne.com\/en\/\"},{\"@type\":\"ListItem\",\"position\":2,\"name\":\"Ski season passes\"}]},{\"@type\":\"WebSite\",\"@id\":\"https:\/\/www.bromontmontagne.com\/en\/#website\",\"url\":\"https:\/\/www.bromontmontagne.com\/en\/\",\"name\":\"Bromont, montagne d&#039;exp\u00e9riences\",\"description\":\"\",\"potentialAction\":[{\"@type\":\"SearchAction\",\"target\":{\"@type\":\"EntryPoint\",\"urlTemplate\":\"https:\/\/www.bromontmontagne.com\/en\/?s={search_term_string}\"},\"query-input\":{\"@type\":\"PropertyValueSpecification\",\"valueRequired\":true,\"valueName\":\"search_term_string\"}}],\"inLanguage\":\"en-CA\"}]}<\/script>\n<!-- \/ Yoast SEO plugin. -->","yoast_head_json":{"title":"Ski - Season passes - Bromont, montagne d&#039;exp\u00e9riences","description":"With 7 different types of season passes, all skiers and snowboarders will find the right fit! Starting at $219+t. Online purchase available.","robots":{"index":"index","follow":"follow","max-snippet":"max-snippet:-1","max-image-preview":"max-image-preview:large","max-video-preview":"max-video-preview:-1"},"canonical":"https:\/\/www.bromontmontagne.com\/en\/ski-season-passes\/","og_locale":"en_US","og_type":"article","og_title":"Ski - Season passes - Bromont, montagne d&#039;exp\u00e9riences","og_description":"With 7 different types of season passes, all skiers and snowboarders will find the right fit! Starting at $219+t. Online purchase available.","og_url":"https:\/\/www.bromontmontagne.com\/en\/ski-season-passes\/","og_site_name":"Bromont, montagne d&#039;exp\u00e9riences","article_modified_time":"2026-02-26T21:21:48+00:00","og_image":[{"width":1200,"height":630,"url":"https:\/\/www.bromontmontagne.com\/wp-content\/uploads\/2020\/08\/BME-partage_FB.jpg","type":"image\/jpeg"}],"twitter_card":"summary_large_image","twitter_misc":{"Est. reading time":"4 minutes"},"schema":{"@context":"https:\/\/schema.org","@graph":[{"@type":"WebPage","@id":"https:\/\/www.bromontmontagne.com\/en\/ski-season-passes\/","url":"https:\/\/www.bromontmontagne.com\/en\/ski-season-passes\/","name":"Ski - Season passes - Bromont, montagne d&#039;exp\u00e9riences","isPartOf":{"@id":"https:\/\/www.bromontmontagne.com\/en\/#website"},"datePublished":"2020-02-25T14:50:25+00:00","dateModified":"2026-02-26T21:21:48+00:00","description":"With 7 different types of season passes, all skiers and snowboarders will find the right fit! Starting at $219+t. Online purchase available.","breadcrumb":{"@id":"https:\/\/www.bromontmontagne.com\/en\/ski-season-passes\/#breadcrumb"},"inLanguage":"en-CA","potentialAction":[{"@type":"ReadAction","target":["https:\/\/www.bromontmontagne.com\/en\/ski-season-passes\/"]}]},{"@type":"BreadcrumbList","@id":"https:\/\/www.bromontmontagne.com\/en\/ski-season-passes\/#breadcrumb","itemListElement":[{"@type":"ListItem","position":1,"name":"Homepage","item":"https:\/\/www.bromontmontagne.com\/en\/"},{"@type":"ListItem","position":2,"name":"Ski season passes"}]},{"@type":"WebSite","@id":"https:\/\/www.bromontmontagne.com\/en\/#website","url":"https:\/\/www.bromontmontagne.com\/en\/","name":"Bromont, montagne d&#039;exp\u00e9riences","description":"","potentialAction":[{"@type":"SearchAction","target":{"@type":"EntryPoint","urlTemplate":"https:\/\/www.bromontmontagne.com\/en\/?s={search_term_string}"},"query-input":{"@type":"PropertyValueSpecification","valueRequired":true,"valueName":"search_term_string"}}],"inLanguage":"en-CA"}]}},"_links":{"self":[{"href":"https:\/\/www.bromontmontagne.com\/en\/wp-json\/wp\/v2\/pages\/7769","targetHints":{"allow":["GET"]}}],"collection":[{"href":"https:\/\/www.bromontmontagne.com\/en\/wp-json\/wp\/v2\/pages"}],"about":[{"href":"https:\/\/www.bromontmontagne.com\/en\/wp-json\/wp\/v2\/types\/page"}],"author":[{"embeddable":true,"href":"https:\/\/www.bromontmontagne.com\/en\/wp-json\/wp\/v2\/users\/4"}],"replies":[{"embeddable":true,"href":"https:\/\/www.bromontmontagne.com\/en\/wp-json\/wp\/v2\/comments?post=7769"}],"version-history":[{"count":20,"href":"https:\/\/www.bromontmontagne.com\/en\/wp-json\/wp\/v2\/pages\/7769\/revisions"}],"predecessor-version":[{"id":56627,"href":"https:\/\/www.bromontmontagne.com\/en\/wp-json\/wp\/v2\/pages\/7769\/revisions\/56627"}],"wp:attachment":[{"href":"https:\/\/www.bromontmontagne.com\/en\/wp-json\/wp\/v2\/media?parent=7769"}],"curies":[{"name":"wp","href":"https:\/\/api.w.org\/{rel}","templated":true}]}}