{"id":46263,"date":"2025-06-17T21:48:25","date_gmt":"2025-06-18T01:48:25","guid":{"rendered":"https:\/\/www.bromontmontagne.com\/?page_id=46263"},"modified":"2026-03-16T15:21:05","modified_gmt":"2026-03-16T19:21:05","slug":"seasonal-program","status":"publish","type":"page","link":"https:\/\/www.bromontmontagne.com\/en\/snow-school\/adult-lessons\/seasonal-program\/","title":{"rendered":"Adult Seasonal Programs"},"content":{"rendered":"<div class=\"wpb-content-wrapper\"><p>[vc_row][vc_column][vc_column_text css=&#8221;&#8221;]<\/p>\n<p style=\"text-align: center;\">Looking for thrills, freedom, and a moment just for you? Our adult lessons are designed for all levels \u2014 whether you\u2019re a beginner or looking to refine your technique. Our passionate instructors combine skill and fun in a motivating, friendly environment.<\/p>\n<p style=\"text-align: center;\">One of your desired lessons is full? Join the waiting list!<\/p>\n<div style=\"text-align: center;\"><strong>The indicated prices are valid for the 2025\u20132026 season.<\/strong><\/div>\n<p>[\/vc_column_text][vc_bloc_bouton nb_bouton=&#8221;2&#8243; bouton_1=&#8221;url:https%3A%2F%2Fbromontmontagne.atlassian.net%2Fservicedesk%2Fcustomer%2Fportal%2F3|title:Waiting%20list|target:_blank&#8221; bouton_2=&#8221;url:https%3A%2F%2Fbromontmontagne.atlassian.net%2Fservicedesk%2Fcustomer%2Fportal%2F3|title:Absence%20from%20lesson|target:_blank&#8221; alignement=&#8221;centre&#8221; color_btn=&#8221;button outline-blue&#8221;][\/vc_column][\/vc_row][vc_row el_id=&#8221;clancheneige&#8221;][vc_column][vc_bloc_titre surtitre=&#8221;10-week program&#8221; titre=&#8221;Clanche-Neige Club&#8221;][\/vc_bloc_titre][vc_column_text css=&#8221;&#8221;]<\/p>\n<p data-start=\"3887\" data-end=\"3953\"><strong data-start=\"3934\" data-end=\"3953\">Ski | Snowboard<\/strong><\/p>\n<p data-start=\"3955\" data-end=\"4146\">Perfect for bringing women 18+ together in a spirit of fun, challenge, and camaraderie. Gates, brushes, carving, snow park and synchronization all in a safe, supportive and fun environment.<\/p>\n<p>[\/vc_column_text][vc_bloc_prix titre=&#8221;INTERMEDIATE TO ADVANCED LEVEL&#8221; pp_prix=&#8221;419&#8243; pp_par=&#8221;pers.&#8221; legal=&#8221;Prices for lessons only. Taxes not included. Full refund available before the start of the program. After the program begins, partial refunds are offered based on the remaining days, minus a fee ($50 + tax or 10% of the balance, whichever is lower). See the general terms and deferral policy at the bottom of the page for full details.&#8221;]<\/p>\n<p data-start=\"4205\" data-end=\"4248\"><strong data-start=\"4205\" data-end=\"4218\">Schedule: <\/strong>Thursdays 7 PM to 9 PM<\/p>\n<p data-start=\"4331\" data-end=\"4359\"><strong>Group size:<\/strong> 6 to 8 per group<\/p>\n<p><strong>Start date :<\/strong> Thursday, December, 11 and\u00a0 Thursay, December, 18 2025. (Lessons resume on January 8, 2026.)<\/p>\n<p data-start=\"4361\" data-end=\"4446\"><strong data-start=\"4361\" data-end=\"4370\">Note:<\/strong> Lift tickets and equipment not included.<\/p>\n<p>[\/vc_bloc_prix][\/vc_column][\/vc_row][vc_row min_height=&#8221;huskiclub&#8221; el_id=&#8221;huskiclub&#8221;][vc_column][vc_bloc_titre surtitre=&#8221;10-week program&#8221; titre=&#8221;Huski Club&#8221;][\/vc_bloc_titre][vc_column_text css=&#8221;&#8221;]<\/p>\n<p data-start=\"4466\" data-end=\"4517\"><strong data-start=\"4505\" data-end=\"4517\">Ski only<\/strong><\/p>\n<p data-start=\"4519\" data-end=\"4697\">The Club Huski brings adult skiers together for challenge and camaraderie. Gates, brushes, carving, snow park and synchronization all in a safe, supportive and fun environment.<\/p>\n<p>[\/vc_column_text][vc_bloc_prix titre=&#8221;INTERMEDIATE TO ADVANCED LEVEL&#8221; pp_prix=&#8221;419&#8243; pp_par=&#8221;pers.&#8221; legal=&#8221;Prices for lessons only. Taxes not included. Full refund available before the start of the program. After the program begins, partial refunds are offered based on the remaining days, minus a fee ($50 + tax or 10% of the balance, whichever is lower). See the general terms and deferral policy at the bottom of the page for full details.&#8221;]<\/p>\n<p data-start=\"4756\" data-end=\"4799\"><strong data-start=\"4756\" data-end=\"4769\">Schedule: <\/strong>Thursdays 7 PM to 9 PM<\/p>\n<p data-start=\"4882\" data-end=\"4910\"><strong>Group size:<\/strong> 6 to 8 per group<\/p>\n<p><strong>Start date :<\/strong> Thursday, December, 11 and\u00a0 Thursay, December, 18 2025. (Lessons resume on January 8, 2026.)<\/p>\n<p data-start=\"4912\" data-end=\"4997\"><strong data-start=\"4912\" data-end=\"4921\">Note:<\/strong> Lift tickets and equipment not included.<\/p>\n<p>[\/vc_bloc_prix][\/vc_column][\/vc_row][vc_row el_id=&#8221;zenitude&#8221;][vc_column][vc_bloc_titre surtitre=&#8221;3-week program&#8221; titre=&#8221;Zenitude&#8221;][\/vc_bloc_titre][vc_column_text css=&#8221;&#8221;]<\/p>\n<p data-start=\"566\" data-end=\"614\"><strong data-start=\"602\" data-end=\"614\">Ski only<\/strong><\/p>\n<p data-start=\"616\" data-end=\"820\">No need to race the clock. This program is designed for those who want to ski in control, at their own pace, while improving technique. Experience true \u201cski zen\u201d by learning to move with purpose and flow.<\/p>\n<p>[\/vc_column_text][vc_bloc_prix titre=&#8221;INTERMEDIATE TO ADVANCED LEVEL&#8221; pp_prix=&#8221;219&#8243; pp_par=&#8221;pers.&#8221; legal=&#8221;Prices for lessons only. Taxes not included. Full refund available before the start of the program. After the program begins, partial refunds are offered based on the remaining days, minus a fee ($50 + tax or 10% of the balance, whichever is lower). See the general terms and deferral policy at the bottom of the page for full details.&#8221;]<\/p>\n<p data-start=\"879\" data-end=\"925\"><strong data-start=\"879\" data-end=\"892\">Schedule: <\/strong>Wednesdays 10 AM to 12 PM<\/p>\n<p data-start=\"927\" data-end=\"1001\">Option 1: January 7 to 21, 2026<br data-start=\"962\" data-end=\"965\" \/>Option 2: February 4 to 18, 2026<\/p>\n<p data-start=\"1003\" data-end=\"1090\"><strong>Group size:<\/strong> approx. 6 to 8 skiers per group<\/p>\n<p data-start=\"1003\" data-end=\"1090\"><strong>Start date:<\/strong> January 7 or February 4, 2026<\/p>\n<p data-start=\"1092\" data-end=\"1177\"><strong data-start=\"1092\" data-end=\"1101\">Note:<\/strong> Lift tickets and equipment not included.<\/p>\n<p>[\/vc_bloc_prix][\/vc_column][\/vc_row][vc_row][vc_column][vc_bloc_titre surtitre=&#8221;8-week program&#8221; titre=&#8221;Regular&#8221;][\/vc_bloc_titre][vc_column_text css=&#8221;&#8221;]<strong>Ski only<\/strong><\/p>\n<p>Discover an exceptional ski area while perfecting your skills. Gain efficiency, confidence, and enjoyment with every run! Group lessons are the perfect opportunity to keep progressing and stay motivated week after week, making the most of the season.[\/vc_column_text][vc_bloc_prix titre=&#8221;NEVER TO ADVANDED LEVEL&#8221; pp_prix=&#8221;449&#8243; pp_par=&#8221;pers.&#8221; legal=&#8221;Prices for lessons only. Taxes not included. Full refund available before the start of the program. After the program begins, partial refunds are offered based on the remaining days, minus a fee ($50 + tax or 10% of the balance, whichever is lower). See the general terms and deferral policy at the bottom of the page for full details.&#8221; btn_txt=&#8221;&#8221;]<\/p>\n<p data-start=\"0\" data-end=\"41\"><strong>Choose the schedule that works for you:<\/strong><\/p>\n<p data-start=\"43\" data-end=\"119\">Saturdays: 9:35 a.m. to 11:25 a.m.<br data-start=\"77\" data-end=\"80\" \/><strong>OR<\/strong><br data-start=\"82\" data-end=\"85\" \/>Sundays: 9:35 a.m. to 11:25 a.m.<\/p>\n<p data-start=\"121\" data-end=\"166\"><strong>Group size:<\/strong> 6 to 8 adults per group<\/p>\n<p data-start=\"168\" data-end=\"236\"><strong>Start date:<\/strong> Saturday, January 10 or Sunday, January 11, 2026<\/p>\n<p data-start=\"238\" data-end=\"290\" data-is-last-node=\"\" data-is-only-node=\"\"><strong>Note:<\/strong> Lift tickets and equipment\u00a0 not included.<\/p>\n<p>[\/vc_bloc_prix][\/vc_column][\/vc_row][vc_row el_id=&#8221;damesdesneiges&#8221;][vc_column][vc_bloc_titre surtitre=&#8221;8-week program&#8221; titre=&#8221;Dames des neiges&#8221;][\/vc_bloc_titre][vc_column_text css=&#8221;&#8221;]<\/p>\n<p data-start=\"1197\" data-end=\"1253\"><strong data-start=\"1241\" data-end=\"1253\">Ski only<\/strong><\/p>\n<p data-start=\"1255\" data-end=\"1425\">A women-only program taught by certified female instructors. Build confidence and improve your technique with tailored strategies in a relaxed and supportive environment.<\/p>\n<p>[\/vc_column_text][vc_bloc_prix titre=&#8221;BEGINNER TO ADVANCED LEVEL&#8221; pp_prix=&#8221;439&#8243; pp_par=&#8221;pers.&#8221; legal=&#8221;Prices for lessons only. Taxes not included. Full refund available before the start of the program. After the program begins, partial refunds are offered based on the remaining days, minus a fee ($50 + tax or 10% of the balance, whichever is lower). See the general terms and deferral policy at the bottom of the page for full details.&#8221; btn_txt=&#8221;&#8221;]<\/p>\n<p data-start=\"1484\" data-end=\"1570\"><strong data-start=\"1484\" data-end=\"1497\">Schedule: <\/strong>Mondays 9:30 AM to 11:30 AM<\/p>\n<p data-start=\"1484\" data-end=\"1570\"><strong>Group size:<\/strong> 6 to 8 adults per group<\/p>\n<p data-start=\"1484\" data-end=\"1570\"><strong>Start date:<\/strong> Monday, January 5, 2026<\/p>\n<p data-start=\"1609\" data-end=\"1694\"><strong data-start=\"1609\" data-end=\"1618\">Note:<\/strong> Lift tickets and equipment not included.<\/p>\n<p>[\/vc_bloc_prix][\/vc_column][\/vc_row][vc_row el_id=&#8221;carving&#8221;][vc_column][vc_bloc_titre surtitre=&#8221;8-week program&#8221; titre=&#8221;Carving&#8221;][\/vc_bloc_titre][vc_column_text css=&#8221;&#8221;]<\/p>\n<p data-start=\"1714\" data-end=\"1761\"><strong data-start=\"1749\" data-end=\"1761\">Ski only<\/strong><\/p>\n<p data-start=\"1763\" data-end=\"1937\">Discover the feel of carving by refining your edge control, coordination, and turn precision. Learn how to get the most out of your skis for smoother and more efficient runs.<\/p>\n<p>[\/vc_column_text][vc_bloc_prix titre=&#8221;INTERMEDIATE TO ADVANCED LEVEL&#8221; pp_prix=&#8221;439&#8243; pp_par=&#8221;pers.&#8221; legal=&#8221;Prices for lessons only. Taxes not included. Full refund available before the start of the program. After the program begins, partial refunds are offered based on the remaining days, minus a fee ($50 + tax or 10% of the balance, whichever is lower). See the general terms and deferral policy at the bottom of the page for full details.&#8221;]<\/p>\n<p data-start=\"1996\" data-end=\"2075\"><strong data-start=\"1996\" data-end=\"2009\">Schedule: <\/strong>Tuesdays 9:30 AM to 11:30 AM<\/p>\n<p data-start=\"2077\" data-end=\"2105\"><strong>Group size:<\/strong> 6 to 8 per group<\/p>\n<p data-start=\"2077\" data-end=\"2105\"><strong>Start date:<\/strong> Tuesday, January 6, 2026<\/p>\n<p data-start=\"2107\" data-end=\"2192\"><strong data-start=\"2107\" data-end=\"2116\">Note:<\/strong> Lift tickets and equipment not included.<\/p>\n<p>[\/vc_bloc_prix][\/vc_column][\/vc_row][vc_row][vc_column][vc_bloc_titre surtitre=&#8221;8-week program&#8221; titre=&#8221;Slalom training&#8221;][\/vc_bloc_titre][vc_column_text css=&#8221;&#8221;]<\/p>\n<p data-start=\"2212\" data-end=\"2265\"><strong data-start=\"2253\" data-end=\"2265\">Ski only<\/strong><\/p>\n<p data-start=\"2267\" data-end=\"2437\">Try gate training or continue to develop in a motivating and technical setting. Sessions cover technique, tactics, slalom and giant slalom, as well as mental preparation.<\/p>\n<p>[\/vc_column_text][vc_bloc_prix titre=&#8221;ADVANCED LEVEL&#8221; pp_prix=&#8221;529&#8243; pp_par=&#8221;pers.&#8221; legal=&#8221;Prices for lessons only. Taxes not included. Full refund available before the start of the program. After the program begins, partial refunds are offered based on the remaining days, minus a fee ($50 + tax or 10% of the balance, whichever is lower). See the general terms and deferral policy at the bottom of the page for full details.&#8221;]<\/p>\n<p data-start=\"2480\" data-end=\"2554\"><strong data-start=\"2480\" data-end=\"2493\">Schedule: <\/strong>Wednesdays 7 PM to 9 PM<\/p>\n<p data-start=\"2480\" data-end=\"2554\"><strong>Start date:<\/strong> Wednesday, January 7, 2026<\/p>\n<p data-start=\"2556\" data-end=\"2599\"><strong>Group size:<\/strong> approx. 6 to 8 skiers per group<\/p>\n<p data-start=\"2601\" data-end=\"2686\"><strong data-start=\"2601\" data-end=\"2610\">Note:<\/strong> Lift tickets and equipment not included.<\/p>\n<p>[\/vc_bloc_prix][\/vc_column][\/vc_row][vc_row][vc_column el_id=&#8221;High-performance&#8221;][vc_bloc_titre surtitre=&#8221;8-week program&#8221; titre=&#8221;HIGH PERFORMANCE CLUB (by Fr\u00e9d\u00e9rik L\u00e9pine)&#8221;][\/vc_bloc_titre][vc_column_text css=&#8221;&#8221;]<strong>Ski only<\/strong><\/p>\n<p data-start=\"0\" data-end=\"370\">High-quality training that will take your technical skills to the next level. The focus is on refining abilities through a variety of development strategies and an innovative approach. Push yourself in an exciting and stimulating group atmosphere! Level 3\u20134 coaches and methods include reflective learning, experiential approaches, video analysis, set turns, and more.<\/p>\n<p data-start=\"372\" data-end=\"425\" data-is-last-node=\"\" data-is-only-node=\"\">Meet the coaches of the High Performance Club <a href=\"https:\/\/www.bromontmontagne.com\/en\/level-3-4-ski-school\/\">here<\/a>.<\/p>\n<p>[\/vc_column_text][vc_bloc_prix titre=&#8221;ADVANCED LEVEL&#8221; pp_prix=&#8221;629&#8243; pp_par=&#8221;pers.&#8221; legal=&#8221;Prices for lessons only. Taxes not included. Full refund available before the start of the program. After the program begins, partial refunds are offered based on the remaining days, minus a fee ($50 + tax or 10% of the balance, whichever is lower). See the general terms and deferral policy at the bottom of the page for full details.&#8221;]<\/p>\n<p data-start=\"0\" data-end=\"40\"><strong>Schedule:<\/strong> Saturdays, 9 a.m. to 12 p.m.<\/p>\n<p data-start=\"42\" data-end=\"93\"><strong>Group size:<\/strong> about 6 to 8 skiers per group<\/p>\n<p data-start=\"95\" data-end=\"141\"><strong>Start date:<\/strong> Saturday, January 10, 2026<\/p>\n<p data-start=\"143\" data-end=\"195\" data-is-last-node=\"\" data-is-only-node=\"\"><strong>Note:<\/strong> Lift tickets and equipment not included.<\/p>\n<p>[\/vc_bloc_prix][\/vc_column][\/vc_row][vc_row disable_element=&#8221;yes&#8221;][vc_column][vc_bloc_titre surtitre=&#8221;8-week program&#8221; titre=&#8221;All-Terrain&#8221;][\/vc_bloc_titre][vc_column_text css=&#8221;&#8221;]<\/p>\n<p data-start=\"3384\" data-end=\"3435\"><strong data-start=\"3423\" data-end=\"3435\">Ski only<\/strong><\/p>\n<p data-start=\"3437\" data-end=\"3612\">Gain confidence in all types of ski conditions. Learn tactics and strategies to improve your skills and enjoyment on moguls, in glades, on fresh snow, steep terrain, and more.<\/p>\n<p>[\/vc_column_text][vc_bloc_prix titre=&#8221;INTERMEDIATE TO ADVANCED LEVEL&#8221; pp_prix=&#8221;429&#8243; pp_par=&#8221;pers.&#8221; legal=&#8221;Prices for lessons only. Taxes not included. Full refund available before the start of the program. After the program begins, partial refunds are offered based on the remaining days, minus a fee ($50 + tax or 10% of the balance, whichever is lower). See the general terms and deferral policy at the bottom of the page for full details.&#8221;]<\/p>\n<p data-start=\"3671\" data-end=\"3750\"><strong data-start=\"3671\" data-end=\"3684\">Schedule:<\/strong><br data-start=\"3684\" data-end=\"3687\" \/>Sundays from 9:30 AM to 11:30 AM<br data-start=\"3719\" data-end=\"3722\" \/>Start date: January 12, 2025<\/p>\n<p data-start=\"3752\" data-end=\"3780\"><strong>Group size:<\/strong> 6 to 8 per group<\/p>\n<p data-start=\"3782\" data-end=\"3867\"><strong data-start=\"3782\" data-end=\"3791\">Note:<\/strong> Lift tickets and equipment not included. No refunds after December 2, 2024.<\/p>\n<p>[\/vc_bloc_prix][\/vc_column][\/vc_row]<\/p>\n<\/div>","protected":false},"excerpt":{"rendered":"<p>[vc_row][vc_column][vc_column_text css=&#8221;&#8221;] Looking for thrills, freedom, and a moment just for you? Our adult lessons are designed for all levels \u2014 whether you\u2019re a beginner or looking to refine your technique. Our passionate instructors combine skill and fun in a motivating, friendly environment. One of your desired lessons is full? Join the waiting list! The [&hellip;]<\/p>\n","protected":false},"author":4,"featured_media":0,"parent":47848,"menu_order":113,"comment_status":"closed","ping_status":"closed","template":"","meta":{"_acf_changed":false,"footnotes":""},"class_list":["post-46263","page","type-page","status-publish","hentry"],"acf":[],"yoast_head":"<!-- This site is optimized with the Yoast SEO plugin v27.1.1 - https:\/\/yoast.com\/product\/yoast-seo-wordpress\/ -->\n<title>Adult Seasonal Programs - Bromont, montagne d&#039;exp\u00e9riences<\/title>\n<meta name=\"description\" content=\"Improve your skiing or snowboarding skills with our adult seasonal programs at Bromont. Small group lessons, guaranteed progress.\" \/>\n<meta name=\"robots\" content=\"index, follow, max-snippet:-1, max-image-preview:large, max-video-preview:-1\" \/>\n<link rel=\"canonical\" href=\"https:\/\/www.bromontmontagne.com\/en\/snow-school\/adult-lessons\/seasonal-program\/\" \/>\n<meta property=\"og:locale\" content=\"en_US\" \/>\n<meta property=\"og:type\" content=\"article\" \/>\n<meta property=\"og:title\" content=\"Adult Seasonal Programs - Bromont, montagne d&#039;exp\u00e9riences\" \/>\n<meta property=\"og:description\" content=\"Improve your skiing or snowboarding skills with our adult seasonal programs at Bromont. Small group lessons, guaranteed progress.\" \/>\n<meta property=\"og:url\" content=\"https:\/\/www.bromontmontagne.com\/en\/snow-school\/adult-lessons\/seasonal-program\/\" \/>\n<meta property=\"og:site_name\" content=\"Bromont, montagne d&#039;exp\u00e9riences\" \/>\n<meta property=\"article:modified_time\" content=\"2026-03-16T19:21:05+00:00\" \/>\n<meta property=\"og:image\" content=\"https:\/\/www.bromontmontagne.com\/wp-content\/uploads\/2020\/08\/BME-partage_FB.jpg\" \/>\n\t<meta property=\"og:image:width\" content=\"1200\" \/>\n\t<meta property=\"og:image:height\" content=\"630\" \/>\n\t<meta property=\"og:image:type\" content=\"image\/jpeg\" \/>\n<meta name=\"twitter:card\" content=\"summary_large_image\" \/>\n<meta name=\"twitter:label1\" content=\"Est. reading time\" \/>\n\t<meta name=\"twitter:data1\" content=\"7 minutes\" \/>\n<script type=\"application\/ld+json\" class=\"yoast-schema-graph\">{\"@context\":\"https:\/\/schema.org\",\"@graph\":[{\"@type\":\"WebPage\",\"@id\":\"https:\/\/www.bromontmontagne.com\/en\/snow-school\/adult-lessons\/seasonal-program\/\",\"url\":\"https:\/\/www.bromontmontagne.com\/en\/snow-school\/adult-lessons\/seasonal-program\/\",\"name\":\"Adult Seasonal Programs - Bromont, montagne d&#039;exp\u00e9riences\",\"isPartOf\":{\"@id\":\"https:\/\/www.bromontmontagne.com\/en\/#website\"},\"datePublished\":\"2025-06-18T01:48:25+00:00\",\"dateModified\":\"2026-03-16T19:21:05+00:00\",\"description\":\"Improve your skiing or snowboarding skills with our adult seasonal programs at Bromont. Small group lessons, guaranteed progress.\",\"breadcrumb\":{\"@id\":\"https:\/\/www.bromontmontagne.com\/en\/snow-school\/adult-lessons\/seasonal-program\/#breadcrumb\"},\"inLanguage\":\"en-CA\",\"potentialAction\":[{\"@type\":\"ReadAction\",\"target\":[\"https:\/\/www.bromontmontagne.com\/en\/snow-school\/adult-lessons\/seasonal-program\/\"]}]},{\"@type\":\"BreadcrumbList\",\"@id\":\"https:\/\/www.bromontmontagne.com\/en\/snow-school\/adult-lessons\/seasonal-program\/#breadcrumb\",\"itemListElement\":[{\"@type\":\"ListItem\",\"position\":1,\"name\":\"Homepage\",\"item\":\"https:\/\/www.bromontmontagne.com\/en\/\"},{\"@type\":\"ListItem\",\"position\":2,\"name\":\"Snow School\",\"item\":\"https:\/\/www.bromontmontagne.com\/en\/snow-school\/\"},{\"@type\":\"ListItem\",\"position\":3,\"name\":\"Adult Lessons\",\"item\":\"https:\/\/www.bromontmontagne.com\/en\/snow-school\/adult-lessons\/\"},{\"@type\":\"ListItem\",\"position\":4,\"name\":\"Adult Seasonal Programs\"}]},{\"@type\":\"WebSite\",\"@id\":\"https:\/\/www.bromontmontagne.com\/en\/#website\",\"url\":\"https:\/\/www.bromontmontagne.com\/en\/\",\"name\":\"Bromont, montagne d&#039;exp\u00e9riences\",\"description\":\"\",\"potentialAction\":[{\"@type\":\"SearchAction\",\"target\":{\"@type\":\"EntryPoint\",\"urlTemplate\":\"https:\/\/www.bromontmontagne.com\/en\/?s={search_term_string}\"},\"query-input\":{\"@type\":\"PropertyValueSpecification\",\"valueRequired\":true,\"valueName\":\"search_term_string\"}}],\"inLanguage\":\"en-CA\"}]}<\/script>\n<!-- \/ Yoast SEO plugin. -->","yoast_head_json":{"title":"Adult Seasonal Programs - Bromont, montagne d&#039;exp\u00e9riences","description":"Improve your skiing or snowboarding skills with our adult seasonal programs at Bromont. Small group lessons, guaranteed progress.","robots":{"index":"index","follow":"follow","max-snippet":"max-snippet:-1","max-image-preview":"max-image-preview:large","max-video-preview":"max-video-preview:-1"},"canonical":"https:\/\/www.bromontmontagne.com\/en\/snow-school\/adult-lessons\/seasonal-program\/","og_locale":"en_US","og_type":"article","og_title":"Adult Seasonal Programs - Bromont, montagne d&#039;exp\u00e9riences","og_description":"Improve your skiing or snowboarding skills with our adult seasonal programs at Bromont. Small group lessons, guaranteed progress.","og_url":"https:\/\/www.bromontmontagne.com\/en\/snow-school\/adult-lessons\/seasonal-program\/","og_site_name":"Bromont, montagne d&#039;exp\u00e9riences","article_modified_time":"2026-03-16T19:21:05+00:00","og_image":[{"width":1200,"height":630,"url":"https:\/\/www.bromontmontagne.com\/wp-content\/uploads\/2020\/08\/BME-partage_FB.jpg","type":"image\/jpeg"}],"twitter_card":"summary_large_image","twitter_misc":{"Est. reading time":"7 minutes"},"schema":{"@context":"https:\/\/schema.org","@graph":[{"@type":"WebPage","@id":"https:\/\/www.bromontmontagne.com\/en\/snow-school\/adult-lessons\/seasonal-program\/","url":"https:\/\/www.bromontmontagne.com\/en\/snow-school\/adult-lessons\/seasonal-program\/","name":"Adult Seasonal Programs - Bromont, montagne d&#039;exp\u00e9riences","isPartOf":{"@id":"https:\/\/www.bromontmontagne.com\/en\/#website"},"datePublished":"2025-06-18T01:48:25+00:00","dateModified":"2026-03-16T19:21:05+00:00","description":"Improve your skiing or snowboarding skills with our adult seasonal programs at Bromont. Small group lessons, guaranteed progress.","breadcrumb":{"@id":"https:\/\/www.bromontmontagne.com\/en\/snow-school\/adult-lessons\/seasonal-program\/#breadcrumb"},"inLanguage":"en-CA","potentialAction":[{"@type":"ReadAction","target":["https:\/\/www.bromontmontagne.com\/en\/snow-school\/adult-lessons\/seasonal-program\/"]}]},{"@type":"BreadcrumbList","@id":"https:\/\/www.bromontmontagne.com\/en\/snow-school\/adult-lessons\/seasonal-program\/#breadcrumb","itemListElement":[{"@type":"ListItem","position":1,"name":"Homepage","item":"https:\/\/www.bromontmontagne.com\/en\/"},{"@type":"ListItem","position":2,"name":"Snow School","item":"https:\/\/www.bromontmontagne.com\/en\/snow-school\/"},{"@type":"ListItem","position":3,"name":"Adult Lessons","item":"https:\/\/www.bromontmontagne.com\/en\/snow-school\/adult-lessons\/"},{"@type":"ListItem","position":4,"name":"Adult Seasonal Programs"}]},{"@type":"WebSite","@id":"https:\/\/www.bromontmontagne.com\/en\/#website","url":"https:\/\/www.bromontmontagne.com\/en\/","name":"Bromont, montagne d&#039;exp\u00e9riences","description":"","potentialAction":[{"@type":"SearchAction","target":{"@type":"EntryPoint","urlTemplate":"https:\/\/www.bromontmontagne.com\/en\/?s={search_term_string}"},"query-input":{"@type":"PropertyValueSpecification","valueRequired":true,"valueName":"search_term_string"}}],"inLanguage":"en-CA"}]}},"_links":{"self":[{"href":"https:\/\/www.bromontmontagne.com\/en\/wp-json\/wp\/v2\/pages\/46263","targetHints":{"allow":["GET"]}}],"collection":[{"href":"https:\/\/www.bromontmontagne.com\/en\/wp-json\/wp\/v2\/pages"}],"about":[{"href":"https:\/\/www.bromontmontagne.com\/en\/wp-json\/wp\/v2\/types\/page"}],"author":[{"embeddable":true,"href":"https:\/\/www.bromontmontagne.com\/en\/wp-json\/wp\/v2\/users\/4"}],"replies":[{"embeddable":true,"href":"https:\/\/www.bromontmontagne.com\/en\/wp-json\/wp\/v2\/comments?post=46263"}],"version-history":[{"count":11,"href":"https:\/\/www.bromontmontagne.com\/en\/wp-json\/wp\/v2\/pages\/46263\/revisions"}],"predecessor-version":[{"id":57159,"href":"https:\/\/www.bromontmontagne.com\/en\/wp-json\/wp\/v2\/pages\/46263\/revisions\/57159"}],"up":[{"embeddable":true,"href":"https:\/\/www.bromontmontagne.com\/en\/wp-json\/wp\/v2\/pages\/47848"}],"wp:attachment":[{"href":"https:\/\/www.bromontmontagne.com\/en\/wp-json\/wp\/v2\/media?parent=46263"}],"curies":[{"name":"wp","href":"https:\/\/api.w.org\/{rel}","templated":true}]}}