{"id":38235,"date":"2024-04-19T12:10:09","date_gmt":"2024-04-19T16:10:09","guid":{"rendered":"https:\/\/www.bromontmontagne.com\/?page_id=38235"},"modified":"2024-04-19T12:10:09","modified_gmt":"2024-04-19T16:10:09","slug":"formulaire-corvee-velo-2024","status":"publish","type":"page","link":"https:\/\/www.bromontmontagne.com\/en\/formulaire-corvee-velo-2024\/","title":{"rendered":"Formulaire: Corv\u00e9e v\u00e9lo 2024 EN"},"content":{"rendered":"<div class=\"wpb-content-wrapper\"><p>[vc_row disable_element=&#8221;yes&#8221;][vc_column][vc_bloc_info]<\/p>\n<p style=\"text-align: center;\"><strong>The contest is now closed! Only the winners will be contacted by email or phone. Thank you!<\/strong><\/p>\n<p>[\/vc_bloc_info][\/vc_column][\/vc_row][vc_row][vc_column][vc_bloc_info]<\/p>\n<p style=\"text-align: center;\">On Saturday, May 11, join our Trail Maintenance team for the last sprint before the season starts! We need your help to clean, repair and make the trails perfect for riding at opening on Saturday, May 17. Leave your lunch at home, we&#8217;ll take care of it! Bring your tools (rake, leaf rake, round\/square shovel, pickaxe) and your bike&#8230; you never know! \ud83d\ude09<\/p>\n<p style=\"text-align: center;\">By taking part in this activity, you&#8217;ll have the chance to be paired up with different employees and learn more about the mountain. You must be at least 14 years old, capable of hiking in the mountains, and have suitable clothing for the day.<\/p>\n<p style=\"text-align: center;\">Participants are expected at the mountain from 9 a.m., and the task will finish around 12 p.m. Since places are limited, only randomly selected participants will be contacted by email to receive all the details. We look forward to seeing you there!<\/p>\n<p>[\/vc_bloc_info][\/vc_column][\/vc_row][vc_row][vc_column][\/vc_column][\/vc_row]<\/p>\n<\/div>","protected":false},"excerpt":{"rendered":"<p>[vc_row disable_element=&#8221;yes&#8221;][vc_column][vc_bloc_info] The contest is now closed! Only the winners will be contacted by email or phone. Thank you! [\/vc_bloc_info][\/vc_column][\/vc_row][vc_row][vc_column][vc_bloc_info] On Saturday, May 11, join our Trail Maintenance team for the last sprint before the season starts! We need your help to clean, repair and make the trails perfect for riding at opening on Saturday, [&hellip;]<\/p>\n","protected":false},"author":6,"featured_media":0,"parent":0,"menu_order":237,"comment_status":"closed","ping_status":"closed","template":"","meta":{"_acf_changed":false,"footnotes":""},"class_list":["post-38235","page","type-page","status-publish","hentry"],"acf":[],"yoast_head":"<!-- This site is optimized with the Yoast SEO plugin v27.1.1 - https:\/\/yoast.com\/product\/yoast-seo-wordpress\/ -->\n<title>Formulaire: Corv\u00e9e v\u00e9lo 2024 EN - Bromont, montagne d&#039;exp\u00e9riences<\/title>\n<meta name=\"robots\" content=\"index, follow, max-snippet:-1, max-image-preview:large, max-video-preview:-1\" \/>\n<link rel=\"canonical\" href=\"https:\/\/www.bromontmontagne.com\/en\/formulaire-corvee-velo-2024\/\" \/>\n<meta property=\"og:locale\" content=\"en_US\" \/>\n<meta property=\"og:type\" content=\"article\" \/>\n<meta property=\"og:title\" content=\"Formulaire: Corv\u00e9e v\u00e9lo 2024 EN - Bromont, montagne d&#039;exp\u00e9riences\" \/>\n<meta property=\"og:description\" content=\"[vc_row disable_element=&#8221;yes&#8221;][vc_column][vc_bloc_info] The contest is now closed! Only the winners will be contacted by email or phone. Thank you! [\/vc_bloc_info][\/vc_column][\/vc_row][vc_row][vc_column][vc_bloc_info] On Saturday, May 11, join our Trail Maintenance team for the last sprint before the season starts! We need your help to clean, repair and make the trails perfect for riding at opening on Saturday, [&hellip;]\" \/>\n<meta property=\"og:url\" content=\"https:\/\/www.bromontmontagne.com\/en\/formulaire-corvee-velo-2024\/\" \/>\n<meta property=\"og:site_name\" content=\"Bromont, montagne d&#039;exp\u00e9riences\" \/>\n<meta property=\"og:image\" content=\"https:\/\/www.bromontmontagne.com\/wp-content\/uploads\/2020\/08\/BME-partage_FB.jpg\" \/>\n\t<meta property=\"og:image:width\" content=\"1200\" \/>\n\t<meta property=\"og:image:height\" content=\"630\" \/>\n\t<meta property=\"og:image:type\" content=\"image\/jpeg\" \/>\n<meta name=\"twitter:card\" content=\"summary_large_image\" \/>\n<meta name=\"twitter:label1\" content=\"Est. reading time\" \/>\n\t<meta name=\"twitter:data1\" content=\"1 minute\" \/>\n<script type=\"application\/ld+json\" class=\"yoast-schema-graph\">{\"@context\":\"https:\/\/schema.org\",\"@graph\":[{\"@type\":\"WebPage\",\"@id\":\"https:\/\/www.bromontmontagne.com\/en\/formulaire-corvee-velo-2024\/\",\"url\":\"https:\/\/www.bromontmontagne.com\/en\/formulaire-corvee-velo-2024\/\",\"name\":\"Formulaire: Corv\u00e9e v\u00e9lo 2024 EN - Bromont, montagne d&#039;exp\u00e9riences\",\"isPartOf\":{\"@id\":\"https:\/\/www.bromontmontagne.com\/en\/#website\"},\"datePublished\":\"2024-04-19T16:10:09+00:00\",\"breadcrumb\":{\"@id\":\"https:\/\/www.bromontmontagne.com\/en\/formulaire-corvee-velo-2024\/#breadcrumb\"},\"inLanguage\":\"en-CA\",\"potentialAction\":[{\"@type\":\"ReadAction\",\"target\":[\"https:\/\/www.bromontmontagne.com\/en\/formulaire-corvee-velo-2024\/\"]}]},{\"@type\":\"BreadcrumbList\",\"@id\":\"https:\/\/www.bromontmontagne.com\/en\/formulaire-corvee-velo-2024\/#breadcrumb\",\"itemListElement\":[{\"@type\":\"ListItem\",\"position\":1,\"name\":\"Homepage\",\"item\":\"https:\/\/www.bromontmontagne.com\/en\/\"},{\"@type\":\"ListItem\",\"position\":2,\"name\":\"Formulaire: Corv\u00e9e v\u00e9lo 2024 EN\"}]},{\"@type\":\"WebSite\",\"@id\":\"https:\/\/www.bromontmontagne.com\/en\/#website\",\"url\":\"https:\/\/www.bromontmontagne.com\/en\/\",\"name\":\"Bromont, montagne d&#039;exp\u00e9riences\",\"description\":\"\",\"potentialAction\":[{\"@type\":\"SearchAction\",\"target\":{\"@type\":\"EntryPoint\",\"urlTemplate\":\"https:\/\/www.bromontmontagne.com\/en\/?s={search_term_string}\"},\"query-input\":{\"@type\":\"PropertyValueSpecification\",\"valueRequired\":true,\"valueName\":\"search_term_string\"}}],\"inLanguage\":\"en-CA\"}]}<\/script>\n<!-- \/ Yoast SEO plugin. -->","yoast_head_json":{"title":"Formulaire: Corv\u00e9e v\u00e9lo 2024 EN - Bromont, montagne d&#039;exp\u00e9riences","robots":{"index":"index","follow":"follow","max-snippet":"max-snippet:-1","max-image-preview":"max-image-preview:large","max-video-preview":"max-video-preview:-1"},"canonical":"https:\/\/www.bromontmontagne.com\/en\/formulaire-corvee-velo-2024\/","og_locale":"en_US","og_type":"article","og_title":"Formulaire: Corv\u00e9e v\u00e9lo 2024 EN - Bromont, montagne d&#039;exp\u00e9riences","og_description":"[vc_row disable_element=&#8221;yes&#8221;][vc_column][vc_bloc_info] The contest is now closed! Only the winners will be contacted by email or phone. Thank you! [\/vc_bloc_info][\/vc_column][\/vc_row][vc_row][vc_column][vc_bloc_info] On Saturday, May 11, join our Trail Maintenance team for the last sprint before the season starts! We need your help to clean, repair and make the trails perfect for riding at opening on Saturday, [&hellip;]","og_url":"https:\/\/www.bromontmontagne.com\/en\/formulaire-corvee-velo-2024\/","og_site_name":"Bromont, montagne d&#039;exp\u00e9riences","og_image":[{"width":1200,"height":630,"url":"https:\/\/www.bromontmontagne.com\/wp-content\/uploads\/2020\/08\/BME-partage_FB.jpg","type":"image\/jpeg"}],"twitter_card":"summary_large_image","twitter_misc":{"Est. reading time":"1 minute"},"schema":{"@context":"https:\/\/schema.org","@graph":[{"@type":"WebPage","@id":"https:\/\/www.bromontmontagne.com\/en\/formulaire-corvee-velo-2024\/","url":"https:\/\/www.bromontmontagne.com\/en\/formulaire-corvee-velo-2024\/","name":"Formulaire: Corv\u00e9e v\u00e9lo 2024 EN - Bromont, montagne d&#039;exp\u00e9riences","isPartOf":{"@id":"https:\/\/www.bromontmontagne.com\/en\/#website"},"datePublished":"2024-04-19T16:10:09+00:00","breadcrumb":{"@id":"https:\/\/www.bromontmontagne.com\/en\/formulaire-corvee-velo-2024\/#breadcrumb"},"inLanguage":"en-CA","potentialAction":[{"@type":"ReadAction","target":["https:\/\/www.bromontmontagne.com\/en\/formulaire-corvee-velo-2024\/"]}]},{"@type":"BreadcrumbList","@id":"https:\/\/www.bromontmontagne.com\/en\/formulaire-corvee-velo-2024\/#breadcrumb","itemListElement":[{"@type":"ListItem","position":1,"name":"Homepage","item":"https:\/\/www.bromontmontagne.com\/en\/"},{"@type":"ListItem","position":2,"name":"Formulaire: Corv\u00e9e v\u00e9lo 2024 EN"}]},{"@type":"WebSite","@id":"https:\/\/www.bromontmontagne.com\/en\/#website","url":"https:\/\/www.bromontmontagne.com\/en\/","name":"Bromont, montagne d&#039;exp\u00e9riences","description":"","potentialAction":[{"@type":"SearchAction","target":{"@type":"EntryPoint","urlTemplate":"https:\/\/www.bromontmontagne.com\/en\/?s={search_term_string}"},"query-input":{"@type":"PropertyValueSpecification","valueRequired":true,"valueName":"search_term_string"}}],"inLanguage":"en-CA"}]}},"_links":{"self":[{"href":"https:\/\/www.bromontmontagne.com\/en\/wp-json\/wp\/v2\/pages\/38235","targetHints":{"allow":["GET"]}}],"collection":[{"href":"https:\/\/www.bromontmontagne.com\/en\/wp-json\/wp\/v2\/pages"}],"about":[{"href":"https:\/\/www.bromontmontagne.com\/en\/wp-json\/wp\/v2\/types\/page"}],"author":[{"embeddable":true,"href":"https:\/\/www.bromontmontagne.com\/en\/wp-json\/wp\/v2\/users\/6"}],"replies":[{"embeddable":true,"href":"https:\/\/www.bromontmontagne.com\/en\/wp-json\/wp\/v2\/comments?post=38235"}],"version-history":[{"count":1,"href":"https:\/\/www.bromontmontagne.com\/en\/wp-json\/wp\/v2\/pages\/38235\/revisions"}],"predecessor-version":[{"id":38237,"href":"https:\/\/www.bromontmontagne.com\/en\/wp-json\/wp\/v2\/pages\/38235\/revisions\/38237"}],"wp:attachment":[{"href":"https:\/\/www.bromontmontagne.com\/en\/wp-json\/wp\/v2\/media?parent=38235"}],"curies":[{"name":"wp","href":"https:\/\/api.w.org\/{rel}","templated":true}]}}