{"id":35763,"date":"2024-01-26T12:54:22","date_gmt":"2024-01-26T17:54:22","guid":{"rendered":"https:\/\/www.bromontmontagne.com\/?page_id=35763"},"modified":"2024-02-01T10:38:33","modified_gmt":"2024-02-01T15:38:33","slug":"formulaire-vip-zone-apres-ski-contest","status":"publish","type":"page","link":"https:\/\/www.bromontmontagne.com\/en\/formulaire-vip-zone-apres-ski-contest\/","title":{"rendered":"Formulaire: VIP Zone Apr\u00e8s-ski &#8211; Contest"},"content":{"rendered":"<div class=\"wpb-content-wrapper\"><p>[vc_row][vc_column][vc_bloc_info]<\/p>\n<p style=\"text-align: center;\"><strong>Discover our new VIP Zone during the Apr\u00e8s-ski outdoor shows!<\/strong><\/p>\n<p style=\"text-align: center;\">By having a valid season pass on Saturday, February 3rd, or by purchasing an Apr\u00e8s-ski ticket for Loud, you have the chance to win your spot in the VIP Zone with 3 guests! Here&#8217;s what&#8217;s included:<\/p>\n<p style=\"text-align: center;\">&#8211; Exclusive festive area with a high view of the show<br \/>\n&#8211; 1 bucket with 8 coronas for the winner and guests<br \/>\n&#8211; Bromont collection item for the winner<br \/>\n&#8211; Access to a fireplace<br \/>\n&#8211; Adirondack chairs<br \/>\n&#8211; Surprises on-site<\/p>\n<p style=\"text-align: center;\"><span style=\"color: #ee2737;\">To participate, you must have a valid 2023-24 ski season pass on Saturday evening, February 3rd, starting at 5:00 PM, or have purchased a valid Apr\u00e8s-ski ticket on February 3rd. Proof of ticket purchase will be required to be eligible for the contest, both for the winner and their guests.<\/span><\/p>\n<p>[\/vc_bloc_info][\/vc_column][\/vc_row][vc_row][vc_column][vc_bloc_info]<\/p>\n<p style=\"text-align: center;\"><strong>The contest is now closed! Only the winners will be contacted by email or phone. Thank you!<\/strong><\/p>\n<p>[\/vc_bloc_info][\/vc_column][\/vc_row][vc_row disable_element=&#8221;yes&#8221;][vc_column][\/vc_column][\/vc_row]<\/p>\n<\/div>","protected":false},"excerpt":{"rendered":"<p>[vc_row][vc_column][vc_bloc_info] Discover our new VIP Zone during the Apr\u00e8s-ski outdoor shows! By having a valid season pass on Saturday, February 3rd, or by purchasing an Apr\u00e8s-ski ticket for Loud, you have the chance to win your spot in the VIP Zone with 3 guests! Here&#8217;s what&#8217;s included: &#8211; Exclusive festive area with a high view [&hellip;]<\/p>\n","protected":false},"author":6,"featured_media":0,"parent":0,"menu_order":281,"comment_status":"closed","ping_status":"closed","template":"","meta":{"_acf_changed":false,"footnotes":""},"class_list":["post-35763","page","type-page","status-publish","hentry"],"acf":[],"yoast_head":"<!-- This site is optimized with the Yoast SEO plugin v27.1.1 - https:\/\/yoast.com\/product\/yoast-seo-wordpress\/ -->\n<title>Formulaire: VIP Zone Apr\u00e8s-ski - Contest - Bromont, montagne d&#039;exp\u00e9riences<\/title>\n<meta name=\"robots\" content=\"index, follow, max-snippet:-1, max-image-preview:large, max-video-preview:-1\" \/>\n<link rel=\"canonical\" href=\"https:\/\/www.bromontmontagne.com\/en\/formulaire-vip-zone-apres-ski-contest\/\" \/>\n<meta property=\"og:locale\" content=\"en_US\" \/>\n<meta property=\"og:type\" content=\"article\" \/>\n<meta property=\"og:title\" content=\"Formulaire: VIP Zone Apr\u00e8s-ski - Contest - Bromont, montagne d&#039;exp\u00e9riences\" \/>\n<meta property=\"og:description\" content=\"[vc_row][vc_column][vc_bloc_info] Discover our new VIP Zone during the Apr\u00e8s-ski outdoor shows! By having a valid season pass on Saturday, February 3rd, or by purchasing an Apr\u00e8s-ski ticket for Loud, you have the chance to win your spot in the VIP Zone with 3 guests! Here&#8217;s what&#8217;s included: &#8211; Exclusive festive area with a high view [&hellip;]\" \/>\n<meta property=\"og:url\" content=\"https:\/\/www.bromontmontagne.com\/en\/formulaire-vip-zone-apres-ski-contest\/\" \/>\n<meta property=\"og:site_name\" content=\"Bromont, montagne d&#039;exp\u00e9riences\" \/>\n<meta property=\"article:modified_time\" content=\"2024-02-01T15:38:33+00:00\" \/>\n<meta property=\"og:image\" content=\"https:\/\/www.bromontmontagne.com\/wp-content\/uploads\/2020\/08\/BME-partage_FB.jpg\" \/>\n\t<meta property=\"og:image:width\" content=\"1200\" \/>\n\t<meta property=\"og:image:height\" content=\"630\" \/>\n\t<meta property=\"og:image:type\" content=\"image\/jpeg\" \/>\n<meta name=\"twitter:card\" content=\"summary_large_image\" \/>\n<meta name=\"twitter:label1\" content=\"Est. reading time\" \/>\n\t<meta name=\"twitter:data1\" content=\"2 minutes\" \/>\n<script type=\"application\/ld+json\" class=\"yoast-schema-graph\">{\"@context\":\"https:\/\/schema.org\",\"@graph\":[{\"@type\":\"WebPage\",\"@id\":\"https:\/\/www.bromontmontagne.com\/en\/formulaire-vip-zone-apres-ski-contest\/\",\"url\":\"https:\/\/www.bromontmontagne.com\/en\/formulaire-vip-zone-apres-ski-contest\/\",\"name\":\"Formulaire: VIP Zone Apr\u00e8s-ski - Contest - Bromont, montagne d&#039;exp\u00e9riences\",\"isPartOf\":{\"@id\":\"https:\/\/www.bromontmontagne.com\/en\/#website\"},\"datePublished\":\"2024-01-26T17:54:22+00:00\",\"dateModified\":\"2024-02-01T15:38:33+00:00\",\"breadcrumb\":{\"@id\":\"https:\/\/www.bromontmontagne.com\/en\/formulaire-vip-zone-apres-ski-contest\/#breadcrumb\"},\"inLanguage\":\"en-CA\",\"potentialAction\":[{\"@type\":\"ReadAction\",\"target\":[\"https:\/\/www.bromontmontagne.com\/en\/formulaire-vip-zone-apres-ski-contest\/\"]}]},{\"@type\":\"BreadcrumbList\",\"@id\":\"https:\/\/www.bromontmontagne.com\/en\/formulaire-vip-zone-apres-ski-contest\/#breadcrumb\",\"itemListElement\":[{\"@type\":\"ListItem\",\"position\":1,\"name\":\"Homepage\",\"item\":\"https:\/\/www.bromontmontagne.com\/en\/\"},{\"@type\":\"ListItem\",\"position\":2,\"name\":\"Formulaire: VIP Zone Apr\u00e8s-ski &#8211; Contest\"}]},{\"@type\":\"WebSite\",\"@id\":\"https:\/\/www.bromontmontagne.com\/en\/#website\",\"url\":\"https:\/\/www.bromontmontagne.com\/en\/\",\"name\":\"Bromont, montagne d&#039;exp\u00e9riences\",\"description\":\"\",\"potentialAction\":[{\"@type\":\"SearchAction\",\"target\":{\"@type\":\"EntryPoint\",\"urlTemplate\":\"https:\/\/www.bromontmontagne.com\/en\/?s={search_term_string}\"},\"query-input\":{\"@type\":\"PropertyValueSpecification\",\"valueRequired\":true,\"valueName\":\"search_term_string\"}}],\"inLanguage\":\"en-CA\"}]}<\/script>\n<!-- \/ Yoast SEO plugin. -->","yoast_head_json":{"title":"Formulaire: VIP Zone Apr\u00e8s-ski - Contest - Bromont, montagne d&#039;exp\u00e9riences","robots":{"index":"index","follow":"follow","max-snippet":"max-snippet:-1","max-image-preview":"max-image-preview:large","max-video-preview":"max-video-preview:-1"},"canonical":"https:\/\/www.bromontmontagne.com\/en\/formulaire-vip-zone-apres-ski-contest\/","og_locale":"en_US","og_type":"article","og_title":"Formulaire: VIP Zone Apr\u00e8s-ski - Contest - Bromont, montagne d&#039;exp\u00e9riences","og_description":"[vc_row][vc_column][vc_bloc_info] Discover our new VIP Zone during the Apr\u00e8s-ski outdoor shows! By having a valid season pass on Saturday, February 3rd, or by purchasing an Apr\u00e8s-ski ticket for Loud, you have the chance to win your spot in the VIP Zone with 3 guests! Here&#8217;s what&#8217;s included: &#8211; Exclusive festive area with a high view [&hellip;]","og_url":"https:\/\/www.bromontmontagne.com\/en\/formulaire-vip-zone-apres-ski-contest\/","og_site_name":"Bromont, montagne d&#039;exp\u00e9riences","article_modified_time":"2024-02-01T15:38:33+00:00","og_image":[{"width":1200,"height":630,"url":"https:\/\/www.bromontmontagne.com\/wp-content\/uploads\/2020\/08\/BME-partage_FB.jpg","type":"image\/jpeg"}],"twitter_card":"summary_large_image","twitter_misc":{"Est. reading time":"2 minutes"},"schema":{"@context":"https:\/\/schema.org","@graph":[{"@type":"WebPage","@id":"https:\/\/www.bromontmontagne.com\/en\/formulaire-vip-zone-apres-ski-contest\/","url":"https:\/\/www.bromontmontagne.com\/en\/formulaire-vip-zone-apres-ski-contest\/","name":"Formulaire: VIP Zone Apr\u00e8s-ski - Contest - Bromont, montagne d&#039;exp\u00e9riences","isPartOf":{"@id":"https:\/\/www.bromontmontagne.com\/en\/#website"},"datePublished":"2024-01-26T17:54:22+00:00","dateModified":"2024-02-01T15:38:33+00:00","breadcrumb":{"@id":"https:\/\/www.bromontmontagne.com\/en\/formulaire-vip-zone-apres-ski-contest\/#breadcrumb"},"inLanguage":"en-CA","potentialAction":[{"@type":"ReadAction","target":["https:\/\/www.bromontmontagne.com\/en\/formulaire-vip-zone-apres-ski-contest\/"]}]},{"@type":"BreadcrumbList","@id":"https:\/\/www.bromontmontagne.com\/en\/formulaire-vip-zone-apres-ski-contest\/#breadcrumb","itemListElement":[{"@type":"ListItem","position":1,"name":"Homepage","item":"https:\/\/www.bromontmontagne.com\/en\/"},{"@type":"ListItem","position":2,"name":"Formulaire: VIP Zone Apr\u00e8s-ski &#8211; Contest"}]},{"@type":"WebSite","@id":"https:\/\/www.bromontmontagne.com\/en\/#website","url":"https:\/\/www.bromontmontagne.com\/en\/","name":"Bromont, montagne d&#039;exp\u00e9riences","description":"","potentialAction":[{"@type":"SearchAction","target":{"@type":"EntryPoint","urlTemplate":"https:\/\/www.bromontmontagne.com\/en\/?s={search_term_string}"},"query-input":{"@type":"PropertyValueSpecification","valueRequired":true,"valueName":"search_term_string"}}],"inLanguage":"en-CA"}]}},"_links":{"self":[{"href":"https:\/\/www.bromontmontagne.com\/en\/wp-json\/wp\/v2\/pages\/35763","targetHints":{"allow":["GET"]}}],"collection":[{"href":"https:\/\/www.bromontmontagne.com\/en\/wp-json\/wp\/v2\/pages"}],"about":[{"href":"https:\/\/www.bromontmontagne.com\/en\/wp-json\/wp\/v2\/types\/page"}],"author":[{"embeddable":true,"href":"https:\/\/www.bromontmontagne.com\/en\/wp-json\/wp\/v2\/users\/6"}],"replies":[{"embeddable":true,"href":"https:\/\/www.bromontmontagne.com\/en\/wp-json\/wp\/v2\/comments?post=35763"}],"version-history":[{"count":7,"href":"https:\/\/www.bromontmontagne.com\/en\/wp-json\/wp\/v2\/pages\/35763\/revisions"}],"predecessor-version":[{"id":36014,"href":"https:\/\/www.bromontmontagne.com\/en\/wp-json\/wp\/v2\/pages\/35763\/revisions\/36014"}],"wp:attachment":[{"href":"https:\/\/www.bromontmontagne.com\/en\/wp-json\/wp\/v2\/media?parent=35763"}],"curies":[{"name":"wp","href":"https:\/\/api.w.org\/{rel}","templated":true}]}}