{"id":35314,"date":"2023-12-01T13:22:50","date_gmt":"2023-12-01T18:22:50","guid":{"rendered":"https:\/\/www.bromontmontagne.com\/niveau-3-4-ecole-ski\/"},"modified":"2024-01-09T14:41:18","modified_gmt":"2024-01-09T19:41:18","slug":"level-3-4-ski-school","status":"publish","type":"page","link":"https:\/\/www.bromontmontagne.com\/en\/level-3-4-ski-school\/","title":{"rendered":"Niveau 3-4 \u00c9cole ski &#8211; EN"},"content":{"rendered":"<div class=\"wpb-content-wrapper\"><p>[vc_row][vc_column][vc_bloc_spacer spacer_hauteur=&#8221;100_&#8221;][\/vc_column][\/vc_row][vc_row row_size=&#8221;vc_row_defaut&#8221;][vc_column width=&#8221;1\/2&#8243;][vc_bloc_equipe nom=&#8221;St\u00e9phanie Perras&#8221; position=&#8221;Ski instructor at Bromont since 2009&#8243; resume=&#8221;Professional background:<\/p>\n<p>Instructor for 21 years. Certifications: Level 4 CSIA, Level 1 ACA and level 2 CSIA course conductor. She also represented the Canadian Ski Instructors\u2019 Alliance (CSIA) at Interski 2023 in Finland.<\/p>\n<p>Establishing a two-way communication between her students and herself is a priority for St\u00e9phanie. In order to achieve best results on snow, she likes to teach at slower speed and work on perfecting the basics. She has a very soft touch on the snow, which allows her to have great precision at higher speeds. Stephanie loves performance skiing!<br \/>\n&#8221; titremoment=&#8221;Her favourite ski trail &#8221; moment=&#8221;&#8220;My favorite trail at Bromont when I\u2019m instructing, is the \u2018Knowlton\u2019! Its different gradients allow me to teach a variety of techniques. When I\u2019m skiing, I&#8217;d say the \u2018Coupe du monde\u2019. This trail is wide and long \u2013 the ideal terrain for skiing at top speed!\u201d&#8221; photo=&#8221;34219&#8243;][vc_bloc_spacer spacer_hauteur=&#8221;100_&#8221;][\/vc_column][vc_column width=&#8221;1\/2&#8243;][vc_bloc_equipe nom=&#8221;Maxime Goulet Bourdon&#8221; position=&#8221;Ski instructor at Bromont since 2008&#8243; resume=&#8221;Professional background:<\/p>\n<p>Certifications: Level 4 CSIA, Level 1 snow park instructor and certified coach for introduction to freestyle and racing.<\/p>\n<p>Maxime enjoys taking his students out of their comfort zone. He encourages them to push beyond what they believe are their limits \u2013 showing them new turn shape, helping them explore a variety of ways to control their speed, introducing them to the snow park or riding moguls for the very first time! Maxime believes it\u2019s always possible to learn something new.<br \/>\n&#8221; titremoment=&#8221;His favourite ski trail&#8221; moment=&#8221;&#8220;My favorite trail is the \u2018Sherbrooke\u2019. It never fails to challenge and surprise me and that forces me to always be on my guard!\u201d&#8221; photo=&#8221;34225&#8243;][vc_bloc_spacer spacer_hauteur=&#8221;100_&#8221;][\/vc_column][\/vc_row][vc_row row_size=&#8221;vc_row_defaut&#8221;][vc_column width=&#8221;1\/2&#8243;][vc_bloc_equipe nom=&#8221;Laurie St-Michel&#8221; position=&#8221;Ski instructor at Bromont since 2012&#8243; resume=&#8221;Professional background:<\/p>\n<p>Certifications: Level 3 CSIA, Coach 1, Level 2 avalanche safety course and off-piste skiing enthusiast.<\/p>\n<p>With her students, Laurie likes to create a collaborative climate during which they can exchange ideas and focus on tactical strategies rather than just technique. She is very passionate and has loads of energy which really comes across to her students. She loves to work on a variety of terrains.<br \/>\n&#8221; titremoment=&#8221;Her favourite ski trail &#8221; moment=&#8221;&#8220;My favourite is the \u2018Montreal\u2019 because of its lovely long pitch and the moguls that have formed by the end of the season!&#8220;&#8221; photo=&#8221;34230&#8243;][vc_bloc_spacer spacer_hauteur=&#8221;100_&#8221;][\/vc_column][vc_column width=&#8221;1\/2&#8243;][vc_bloc_equipe nom=&#8221;Fr\u00e9d\u00e9rik L\u00e9pine&#8221; position=&#8221;Ski instructor at Bromont since 1997&#8243; resume=&#8221;Professional background:<\/p>\n<p>Certifications: CSIA Level 4 and ACA Level 2 Trainer, participated in Interski 2015 in Ushuaia, Argentina and 2019 in Pamporovo, Bulgaria, representing the Canadian Ski Instructors\u2019 Alliance (CSIA). Fr\u00e9d\u00e9rik is also a kinesiologist, accredited by the F\u00e9deration des kinesiologues du Qu\u00e9bec (FKQ).<\/p>\n<p>Fr\u00e9d\u00e9rick comes from a family of avid skiers, and he loves to share insider tips with his students. He is a firm believer in each individual\u2019s potential and takes every opportunity to spend time in the great outdoors. His motto is \u201cSoyons meilleur ensemble\u201d (&#8220;Let&#8217;s be better together&#8220;) and he has a talent for creating a collaborative team environment with his students. Fr\u00e9d\u00e9rick is always delighted when they succeed in mastering new techniques or tactical approaches to the sport.<br \/>\n&#8221; titremoment=&#8221;His favourite ski trail &#8221; moment=&#8221;&#8220;My favorite trail is definitely the \u2018Waterloo\u2019. I love skiing down this long, expert-level run with its challenging twists and turns.\u201d&#8221; photo=&#8221;34232&#8243;][vc_bloc_spacer spacer_hauteur=&#8221;100_&#8221;][\/vc_column][\/vc_row][vc_row row_size=&#8221;vc_row_defaut&#8221;][vc_column width=&#8221;1\/2&#8243;][vc_bloc_equipe nom=&#8221;Eric Bisaillon&#8221; position=&#8221;Ski instructor at Bromont since 1990&#8243; resume=&#8221;Professional background:<\/p>\n<p>Certifications: Level 4 CSIA, Level 2 CSCF, Technical Director at Bromont Ski School in 2004, Level 1 CSIA Trainer and Bromont Ski School Trainer of the Year in 2022-2023.<\/p>\n<p>\u00c9ric\u2019s focus is primarily on his client\u2019s needs. He likes when things run smoothly! Interaction with students and exchanging ideas are at the heart of his teaching philosophy. He values successes in a positive mindset. Each lesson brings its own challenges and triumphs but what \u00c9ric likes best is teaching short-radius turns and moguls!<br \/>\n&#8221; titremoment=&#8221;His favorite ski trail &#8221; moment=&#8221; &#8220;The \u2018Waterloo\u2019 for the gradient of the trail with its three abrupt changes in pitch, allowing for sharp turns on expert-level terrain.\u201d &#8221; photo=&#8221;34234&#8243;][\/vc_column][vc_column width=&#8221;1\/2&#8243;][\/vc_column][\/vc_row]<\/p>\n<\/div>","protected":false},"excerpt":{"rendered":"<p>[vc_row][vc_column][vc_bloc_spacer spacer_hauteur=&#8221;100_&#8221;][\/vc_column][\/vc_row][vc_row row_size=&#8221;vc_row_defaut&#8221;][vc_column width=&#8221;1\/2&#8243;][vc_bloc_equipe nom=&#8221;St\u00e9phanie Perras&#8221; position=&#8221;Ski instructor at Bromont since 2009&#8243; resume=&#8221;Professional background: Instructor for 21 years. Certifications: Level 4 CSIA, Level 1 ACA and level 2 CSIA course conductor. She also represented the Canadian Ski Instructors\u2019 Alliance (CSIA) at Interski 2023 in Finland. Establishing a two-way communication between her students and herself is [&hellip;]<\/p>\n","protected":false},"author":4,"featured_media":0,"parent":0,"menu_order":473,"comment_status":"closed","ping_status":"closed","template":"","meta":{"_acf_changed":false,"footnotes":""},"class_list":["post-35314","page","type-page","status-publish","hentry"],"acf":[],"yoast_head":"<!-- This site is optimized with the Yoast SEO plugin v27.1.1 - https:\/\/yoast.com\/product\/yoast-seo-wordpress\/ -->\n<title>Niveau 3-4 \u00c9cole ski - EN - Bromont, montagne d&#039;exp\u00e9riences<\/title>\n<meta name=\"robots\" content=\"noindex, nofollow\" \/>\n<meta property=\"og:locale\" content=\"en_US\" \/>\n<meta property=\"og:type\" content=\"article\" \/>\n<meta property=\"og:title\" content=\"Niveau 3-4 \u00c9cole ski - EN - Bromont, montagne d&#039;exp\u00e9riences\" \/>\n<meta property=\"og:description\" content=\"[vc_row][vc_column][vc_bloc_spacer spacer_hauteur=&#8221;100_&#8221;][\/vc_column][\/vc_row][vc_row row_size=&#8221;vc_row_defaut&#8221;][vc_column width=&#8221;1\/2&#8243;][vc_bloc_equipe nom=&#8221;St\u00e9phanie Perras&#8221; position=&#8221;Ski instructor at Bromont since 2009&#8243; resume=&#8221;Professional background: Instructor for 21 years. Certifications: Level 4 CSIA, Level 1 ACA and level 2 CSIA course conductor. She also represented the Canadian Ski Instructors\u2019 Alliance (CSIA) at Interski 2023 in Finland. Establishing a two-way communication between her students and herself is [&hellip;]\" \/>\n<meta property=\"og:url\" content=\"https:\/\/www.bromontmontagne.com\/en\/level-3-4-ski-school\/\" \/>\n<meta property=\"og:site_name\" content=\"Bromont, montagne d&#039;exp\u00e9riences\" \/>\n<meta property=\"article:modified_time\" content=\"2024-01-09T19:41:18+00:00\" \/>\n<meta property=\"og:image\" content=\"https:\/\/www.bromontmontagne.com\/wp-content\/uploads\/2020\/08\/BME-partage_FB.jpg\" \/>\n\t<meta property=\"og:image:width\" content=\"1200\" \/>\n\t<meta property=\"og:image:height\" content=\"630\" \/>\n\t<meta property=\"og:image:type\" content=\"image\/jpeg\" \/>\n<meta name=\"twitter:card\" content=\"summary_large_image\" \/>\n<meta name=\"twitter:label1\" content=\"Est. reading time\" \/>\n\t<meta name=\"twitter:data1\" content=\"4 minutes\" \/>\n<script type=\"application\/ld+json\" class=\"yoast-schema-graph\">{\"@context\":\"https:\/\/schema.org\",\"@graph\":[{\"@type\":\"WebPage\",\"@id\":\"https:\/\/www.bromontmontagne.com\/en\/level-3-4-ski-school\/\",\"url\":\"https:\/\/www.bromontmontagne.com\/en\/level-3-4-ski-school\/\",\"name\":\"Niveau 3-4 \u00c9cole ski - EN - Bromont, montagne d&#039;exp\u00e9riences\",\"isPartOf\":{\"@id\":\"https:\/\/www.bromontmontagne.com\/en\/#website\"},\"datePublished\":\"2023-12-01T18:22:50+00:00\",\"dateModified\":\"2024-01-09T19:41:18+00:00\",\"breadcrumb\":{\"@id\":\"https:\/\/www.bromontmontagne.com\/en\/level-3-4-ski-school\/#breadcrumb\"},\"inLanguage\":\"en-CA\",\"potentialAction\":[{\"@type\":\"ReadAction\",\"target\":[\"https:\/\/www.bromontmontagne.com\/en\/level-3-4-ski-school\/\"]}]},{\"@type\":\"BreadcrumbList\",\"@id\":\"https:\/\/www.bromontmontagne.com\/en\/level-3-4-ski-school\/#breadcrumb\",\"itemListElement\":[{\"@type\":\"ListItem\",\"position\":1,\"name\":\"Homepage\",\"item\":\"https:\/\/www.bromontmontagne.com\/en\/\"},{\"@type\":\"ListItem\",\"position\":2,\"name\":\"Niveau 3-4 \u00c9cole ski &#8211; EN\"}]},{\"@type\":\"WebSite\",\"@id\":\"https:\/\/www.bromontmontagne.com\/en\/#website\",\"url\":\"https:\/\/www.bromontmontagne.com\/en\/\",\"name\":\"Bromont, montagne d&#039;exp\u00e9riences\",\"description\":\"\",\"potentialAction\":[{\"@type\":\"SearchAction\",\"target\":{\"@type\":\"EntryPoint\",\"urlTemplate\":\"https:\/\/www.bromontmontagne.com\/en\/?s={search_term_string}\"},\"query-input\":{\"@type\":\"PropertyValueSpecification\",\"valueRequired\":true,\"valueName\":\"search_term_string\"}}],\"inLanguage\":\"en-CA\"}]}<\/script>\n<!-- \/ Yoast SEO plugin. -->","yoast_head_json":{"title":"Niveau 3-4 \u00c9cole ski - EN - Bromont, montagne d&#039;exp\u00e9riences","robots":{"index":"noindex","follow":"nofollow"},"og_locale":"en_US","og_type":"article","og_title":"Niveau 3-4 \u00c9cole ski - EN - Bromont, montagne d&#039;exp\u00e9riences","og_description":"[vc_row][vc_column][vc_bloc_spacer spacer_hauteur=&#8221;100_&#8221;][\/vc_column][\/vc_row][vc_row row_size=&#8221;vc_row_defaut&#8221;][vc_column width=&#8221;1\/2&#8243;][vc_bloc_equipe nom=&#8221;St\u00e9phanie Perras&#8221; position=&#8221;Ski instructor at Bromont since 2009&#8243; resume=&#8221;Professional background: Instructor for 21 years. Certifications: Level 4 CSIA, Level 1 ACA and level 2 CSIA course conductor. She also represented the Canadian Ski Instructors\u2019 Alliance (CSIA) at Interski 2023 in Finland. Establishing a two-way communication between her students and herself is [&hellip;]","og_url":"https:\/\/www.bromontmontagne.com\/en\/level-3-4-ski-school\/","og_site_name":"Bromont, montagne d&#039;exp\u00e9riences","article_modified_time":"2024-01-09T19:41:18+00:00","og_image":[{"width":1200,"height":630,"url":"https:\/\/www.bromontmontagne.com\/wp-content\/uploads\/2020\/08\/BME-partage_FB.jpg","type":"image\/jpeg"}],"twitter_card":"summary_large_image","twitter_misc":{"Est. reading time":"4 minutes"},"schema":{"@context":"https:\/\/schema.org","@graph":[{"@type":"WebPage","@id":"https:\/\/www.bromontmontagne.com\/en\/level-3-4-ski-school\/","url":"https:\/\/www.bromontmontagne.com\/en\/level-3-4-ski-school\/","name":"Niveau 3-4 \u00c9cole ski - EN - Bromont, montagne d&#039;exp\u00e9riences","isPartOf":{"@id":"https:\/\/www.bromontmontagne.com\/en\/#website"},"datePublished":"2023-12-01T18:22:50+00:00","dateModified":"2024-01-09T19:41:18+00:00","breadcrumb":{"@id":"https:\/\/www.bromontmontagne.com\/en\/level-3-4-ski-school\/#breadcrumb"},"inLanguage":"en-CA","potentialAction":[{"@type":"ReadAction","target":["https:\/\/www.bromontmontagne.com\/en\/level-3-4-ski-school\/"]}]},{"@type":"BreadcrumbList","@id":"https:\/\/www.bromontmontagne.com\/en\/level-3-4-ski-school\/#breadcrumb","itemListElement":[{"@type":"ListItem","position":1,"name":"Homepage","item":"https:\/\/www.bromontmontagne.com\/en\/"},{"@type":"ListItem","position":2,"name":"Niveau 3-4 \u00c9cole ski &#8211; EN"}]},{"@type":"WebSite","@id":"https:\/\/www.bromontmontagne.com\/en\/#website","url":"https:\/\/www.bromontmontagne.com\/en\/","name":"Bromont, montagne d&#039;exp\u00e9riences","description":"","potentialAction":[{"@type":"SearchAction","target":{"@type":"EntryPoint","urlTemplate":"https:\/\/www.bromontmontagne.com\/en\/?s={search_term_string}"},"query-input":{"@type":"PropertyValueSpecification","valueRequired":true,"valueName":"search_term_string"}}],"inLanguage":"en-CA"}]}},"_links":{"self":[{"href":"https:\/\/www.bromontmontagne.com\/en\/wp-json\/wp\/v2\/pages\/35314","targetHints":{"allow":["GET"]}}],"collection":[{"href":"https:\/\/www.bromontmontagne.com\/en\/wp-json\/wp\/v2\/pages"}],"about":[{"href":"https:\/\/www.bromontmontagne.com\/en\/wp-json\/wp\/v2\/types\/page"}],"author":[{"embeddable":true,"href":"https:\/\/www.bromontmontagne.com\/en\/wp-json\/wp\/v2\/users\/4"}],"replies":[{"embeddable":true,"href":"https:\/\/www.bromontmontagne.com\/en\/wp-json\/wp\/v2\/comments?post=35314"}],"version-history":[{"count":4,"href":"https:\/\/www.bromontmontagne.com\/en\/wp-json\/wp\/v2\/pages\/35314\/revisions"}],"predecessor-version":[{"id":35320,"href":"https:\/\/www.bromontmontagne.com\/en\/wp-json\/wp\/v2\/pages\/35314\/revisions\/35320"}],"wp:attachment":[{"href":"https:\/\/www.bromontmontagne.com\/en\/wp-json\/wp\/v2\/media?parent=35314"}],"curies":[{"name":"wp","href":"https:\/\/api.w.org\/{rel}","templated":true}]}}