{"id":26766,"date":"2023-02-09T15:27:39","date_gmt":"2023-02-09T20:27:39","guid":{"rendered":"https:\/\/www.bromontmontagne.com\/?page_id=26766"},"modified":"2025-12-18T09:43:43","modified_gmt":"2025-12-18T14:43:43","slug":"formulaire-contest-chateau-bromont","status":"publish","type":"page","link":"https:\/\/www.bromontmontagne.com\/en\/formulaire-contest-chateau-bromont\/","title":{"rendered":"Formulaire: Contest Domaine Ch\u00e2teau-Bromont"},"content":{"rendered":"<div class=\"wpb-content-wrapper\"><p>[vc_row][vc_column][vc_column_text css=&#8221;&#8221;]<\/p>\n<p style=\"text-align: center;\">The mountain and Domaine Ch\u00e2teau-Bromont are teaming up to give you the chance to win one night at the hotel for 4 people + 4 full-day ski tickets for the 2025\u20132026 season!* To enter, simply fill out the form below. The contest ends on December 18. Good luck!<\/p>\n<p class=\"txt-legal\" style=\"text-align: center;\">*The overnight stay is not valid from December 20, 2025 to January 3, 2026, and from February 27 to March 7, 2026. Contest open to ages 18 and over.<\/p>\n<p>[\/vc_column_text][\/vc_column][\/vc_row][vc_row][vc_column][vc_column_text css=&#8221;&#8221;]<\/p>\n<p style=\"text-align: center;\"><strong>The contest is now closed! Only the winner will be contacted by e-mail and\/or telephone. Thank you!<\/strong><\/p>\n<p>[\/vc_column_text][\/vc_column][\/vc_row][vc_row disable_element=&#8221;yes&#8221;][vc_column][\/vc_column][\/vc_row]<\/p>\n<\/div>","protected":false},"excerpt":{"rendered":"<p>[vc_row][vc_column][vc_column_text css=&#8221;&#8221;] The mountain and Domaine Ch\u00e2teau-Bromont are teaming up to give you the chance to win one night at the hotel for 4 people + 4 full-day ski tickets for the 2025\u20132026 season!* To enter, simply fill out the form below. The contest ends on December 18. Good luck! *The overnight stay is not [&hellip;]<\/p>\n","protected":false},"author":6,"featured_media":0,"parent":0,"menu_order":319,"comment_status":"closed","ping_status":"closed","template":"","meta":{"_acf_changed":false,"footnotes":""},"class_list":["post-26766","page","type-page","status-publish","hentry"],"acf":[],"yoast_head":"<!-- This site is optimized with the Yoast SEO plugin v27.1.1 - https:\/\/yoast.com\/product\/yoast-seo-wordpress\/ -->\n<title>Formulaire: Contest Domaine Ch\u00e2teau-Bromont - Bromont, montagne d&#039;exp\u00e9riences<\/title>\n<meta name=\"robots\" content=\"index, follow, max-snippet:-1, max-image-preview:large, max-video-preview:-1\" \/>\n<link rel=\"canonical\" href=\"https:\/\/www.bromontmontagne.com\/en\/formulaire-contest-chateau-bromont\/\" \/>\n<meta property=\"og:locale\" content=\"en_US\" \/>\n<meta property=\"og:type\" content=\"article\" \/>\n<meta property=\"og:title\" content=\"Formulaire: Contest Domaine Ch\u00e2teau-Bromont - Bromont, montagne d&#039;exp\u00e9riences\" \/>\n<meta property=\"og:description\" content=\"[vc_row][vc_column][vc_column_text css=&#8221;&#8221;] The mountain and Domaine Ch\u00e2teau-Bromont are teaming up to give you the chance to win one night at the hotel for 4 people + 4 full-day ski tickets for the 2025\u20132026 season!* To enter, simply fill out the form below. The contest ends on December 18. Good luck! *The overnight stay is not [&hellip;]\" \/>\n<meta property=\"og:url\" content=\"https:\/\/www.bromontmontagne.com\/en\/formulaire-contest-chateau-bromont\/\" \/>\n<meta property=\"og:site_name\" content=\"Bromont, montagne d&#039;exp\u00e9riences\" \/>\n<meta property=\"article:modified_time\" content=\"2025-12-18T14:43:43+00:00\" \/>\n<meta property=\"og:image\" content=\"https:\/\/www.bromontmontagne.com\/wp-content\/uploads\/2020\/08\/BME-partage_FB.jpg\" \/>\n\t<meta property=\"og:image:width\" content=\"1200\" \/>\n\t<meta property=\"og:image:height\" content=\"630\" \/>\n\t<meta property=\"og:image:type\" content=\"image\/jpeg\" \/>\n<meta name=\"twitter:card\" content=\"summary_large_image\" \/>\n<meta name=\"twitter:label1\" content=\"Est. reading time\" \/>\n\t<meta name=\"twitter:data1\" content=\"1 minute\" \/>\n<script type=\"application\/ld+json\" class=\"yoast-schema-graph\">{\"@context\":\"https:\/\/schema.org\",\"@graph\":[{\"@type\":\"WebPage\",\"@id\":\"https:\/\/www.bromontmontagne.com\/en\/formulaire-contest-chateau-bromont\/\",\"url\":\"https:\/\/www.bromontmontagne.com\/en\/formulaire-contest-chateau-bromont\/\",\"name\":\"Formulaire: Contest Domaine Ch\u00e2teau-Bromont - Bromont, montagne d&#039;exp\u00e9riences\",\"isPartOf\":{\"@id\":\"https:\/\/www.bromontmontagne.com\/en\/#website\"},\"datePublished\":\"2023-02-09T20:27:39+00:00\",\"dateModified\":\"2025-12-18T14:43:43+00:00\",\"breadcrumb\":{\"@id\":\"https:\/\/www.bromontmontagne.com\/en\/formulaire-contest-chateau-bromont\/#breadcrumb\"},\"inLanguage\":\"en-CA\",\"potentialAction\":[{\"@type\":\"ReadAction\",\"target\":[\"https:\/\/www.bromontmontagne.com\/en\/formulaire-contest-chateau-bromont\/\"]}]},{\"@type\":\"BreadcrumbList\",\"@id\":\"https:\/\/www.bromontmontagne.com\/en\/formulaire-contest-chateau-bromont\/#breadcrumb\",\"itemListElement\":[{\"@type\":\"ListItem\",\"position\":1,\"name\":\"Homepage\",\"item\":\"https:\/\/www.bromontmontagne.com\/en\/\"},{\"@type\":\"ListItem\",\"position\":2,\"name\":\"Formulaire: Contest Domaine Ch\u00e2teau-Bromont\"}]},{\"@type\":\"WebSite\",\"@id\":\"https:\/\/www.bromontmontagne.com\/en\/#website\",\"url\":\"https:\/\/www.bromontmontagne.com\/en\/\",\"name\":\"Bromont, montagne d&#039;exp\u00e9riences\",\"description\":\"\",\"potentialAction\":[{\"@type\":\"SearchAction\",\"target\":{\"@type\":\"EntryPoint\",\"urlTemplate\":\"https:\/\/www.bromontmontagne.com\/en\/?s={search_term_string}\"},\"query-input\":{\"@type\":\"PropertyValueSpecification\",\"valueRequired\":true,\"valueName\":\"search_term_string\"}}],\"inLanguage\":\"en-CA\"}]}<\/script>\n<!-- \/ Yoast SEO plugin. -->","yoast_head_json":{"title":"Formulaire: Contest Domaine Ch\u00e2teau-Bromont - Bromont, montagne d&#039;exp\u00e9riences","robots":{"index":"index","follow":"follow","max-snippet":"max-snippet:-1","max-image-preview":"max-image-preview:large","max-video-preview":"max-video-preview:-1"},"canonical":"https:\/\/www.bromontmontagne.com\/en\/formulaire-contest-chateau-bromont\/","og_locale":"en_US","og_type":"article","og_title":"Formulaire: Contest Domaine Ch\u00e2teau-Bromont - Bromont, montagne d&#039;exp\u00e9riences","og_description":"[vc_row][vc_column][vc_column_text css=&#8221;&#8221;] The mountain and Domaine Ch\u00e2teau-Bromont are teaming up to give you the chance to win one night at the hotel for 4 people + 4 full-day ski tickets for the 2025\u20132026 season!* To enter, simply fill out the form below. The contest ends on December 18. Good luck! *The overnight stay is not [&hellip;]","og_url":"https:\/\/www.bromontmontagne.com\/en\/formulaire-contest-chateau-bromont\/","og_site_name":"Bromont, montagne d&#039;exp\u00e9riences","article_modified_time":"2025-12-18T14:43:43+00:00","og_image":[{"width":1200,"height":630,"url":"https:\/\/www.bromontmontagne.com\/wp-content\/uploads\/2020\/08\/BME-partage_FB.jpg","type":"image\/jpeg"}],"twitter_card":"summary_large_image","twitter_misc":{"Est. reading time":"1 minute"},"schema":{"@context":"https:\/\/schema.org","@graph":[{"@type":"WebPage","@id":"https:\/\/www.bromontmontagne.com\/en\/formulaire-contest-chateau-bromont\/","url":"https:\/\/www.bromontmontagne.com\/en\/formulaire-contest-chateau-bromont\/","name":"Formulaire: Contest Domaine Ch\u00e2teau-Bromont - Bromont, montagne d&#039;exp\u00e9riences","isPartOf":{"@id":"https:\/\/www.bromontmontagne.com\/en\/#website"},"datePublished":"2023-02-09T20:27:39+00:00","dateModified":"2025-12-18T14:43:43+00:00","breadcrumb":{"@id":"https:\/\/www.bromontmontagne.com\/en\/formulaire-contest-chateau-bromont\/#breadcrumb"},"inLanguage":"en-CA","potentialAction":[{"@type":"ReadAction","target":["https:\/\/www.bromontmontagne.com\/en\/formulaire-contest-chateau-bromont\/"]}]},{"@type":"BreadcrumbList","@id":"https:\/\/www.bromontmontagne.com\/en\/formulaire-contest-chateau-bromont\/#breadcrumb","itemListElement":[{"@type":"ListItem","position":1,"name":"Homepage","item":"https:\/\/www.bromontmontagne.com\/en\/"},{"@type":"ListItem","position":2,"name":"Formulaire: Contest Domaine Ch\u00e2teau-Bromont"}]},{"@type":"WebSite","@id":"https:\/\/www.bromontmontagne.com\/en\/#website","url":"https:\/\/www.bromontmontagne.com\/en\/","name":"Bromont, montagne d&#039;exp\u00e9riences","description":"","potentialAction":[{"@type":"SearchAction","target":{"@type":"EntryPoint","urlTemplate":"https:\/\/www.bromontmontagne.com\/en\/?s={search_term_string}"},"query-input":{"@type":"PropertyValueSpecification","valueRequired":true,"valueName":"search_term_string"}}],"inLanguage":"en-CA"}]}},"_links":{"self":[{"href":"https:\/\/www.bromontmontagne.com\/en\/wp-json\/wp\/v2\/pages\/26766","targetHints":{"allow":["GET"]}}],"collection":[{"href":"https:\/\/www.bromontmontagne.com\/en\/wp-json\/wp\/v2\/pages"}],"about":[{"href":"https:\/\/www.bromontmontagne.com\/en\/wp-json\/wp\/v2\/types\/page"}],"author":[{"embeddable":true,"href":"https:\/\/www.bromontmontagne.com\/en\/wp-json\/wp\/v2\/users\/6"}],"replies":[{"embeddable":true,"href":"https:\/\/www.bromontmontagne.com\/en\/wp-json\/wp\/v2\/comments?post=26766"}],"version-history":[{"count":10,"href":"https:\/\/www.bromontmontagne.com\/en\/wp-json\/wp\/v2\/pages\/26766\/revisions"}],"predecessor-version":[{"id":54458,"href":"https:\/\/www.bromontmontagne.com\/en\/wp-json\/wp\/v2\/pages\/26766\/revisions\/54458"}],"wp:attachment":[{"href":"https:\/\/www.bromontmontagne.com\/en\/wp-json\/wp\/v2\/media?parent=26766"}],"curies":[{"name":"wp","href":"https:\/\/api.w.org\/{rel}","templated":true}]}}