{"id":26300,"date":"2023-01-17T15:55:49","date_gmt":"2023-01-17T20:55:49","guid":{"rendered":"https:\/\/www.bromontmontagne.com\/?page_id=26300"},"modified":"2024-09-06T13:49:28","modified_gmt":"2024-09-06T17:49:28","slug":"mont-soleil","status":"publish","type":"page","link":"https:\/\/www.bromontmontagne.com\/en\/mont-soleil\/","title":{"rendered":"Onglet &#8211; tickets Mont soleil"},"content":{"rendered":"<div class=\"wpb-content-wrapper\"><p>[vc_row][vc_column][vc_bloc_spacer spacer_hauteur=&#8221;100_&#8221;][vc_bloc_info titre=&#8221;Make your visit easier with our pick-up boxes&#8221; btn_1_lien=&#8221;url:https%3A%2F%2Fwww.bromontmontagne.com%2Fen%2Fgeneral-information%2Fnew-pick-up-boxes%2F|title:See%20details&#8221;]<\/p>\n<p style=\"text-align: center;\">Buy a ticket online, pick up your reusable card without going through the Ticket Booth and go straight to the chairlifts.<\/p>\n<p>[\/vc_bloc_info][vc_bloc_spacer spacer_hauteur=&#8221;100_&#8221;][\/vc_column][\/vc_row][vc_row][vc_column][vc_bloc_titre titre=&#8221;FIXE DATE TICKETS&#8221;]Select your visit date at time of purchase. The presale rate applies when you purchase a ticket at least the day before your visit.[\/vc_bloc_titre][vc_tta_accordion title_tag=&#8221;h4&#8243; style=&#8221;flat&#8221; shape=&#8221;square&#8221; active_section=&#8221;1&#8243; no_fill=&#8221;true&#8221;][vc_tta_section title=&#8221;8-hour block&#8221; tab_id=&#8221;1721158975699-c352860b-cd65&#8243;][vc_bloc_billet tarif=&#8221;13215&#8243; hide_btn=&#8221;hide_achat,hide_recharge&#8221;][vc_bloc_billet tarif=&#8221;12900&#8243; hide_btn=&#8221;hide_achat,hide_recharge&#8221;][\/vc_tta_section][vc_tta_section title=&#8221;Half-day&#8221; tab_id=&#8221;1721158975711-d605f574-4494&#8243;][vc_bloc_billet tarif=&#8221;19285&#8243; hide_btn=&#8221;hide_achat,hide_recharge&#8221;][vc_bloc_billet tarif=&#8221;19287&#8243; hide_btn=&#8221;hide_achat,hide_recharge&#8221;][\/vc_tta_section][vc_tta_section title=&#8221;Night &#8211; As of 3 pm&#8221; tab_id=&#8221;1721163186844-6e1f1784-5533&#8243;][vc_bloc_billet tarif=&#8221;19289&#8243; hide_btn=&#8221;hide_achat,hide_recharge&#8221; ancre=&#8221;#tarif-4944&#8243;][vc_bloc_billet tarif=&#8221;19291&#8243; hide_btn=&#8221;hide_achat,hide_recharge&#8221;][\/vc_tta_section][vc_tta_section title=&#8221;Night &#8211; As of 5 pm&#8221; tab_id=&#8221;1725564851991-03c9a55c-3b73&#8243;][vc_bloc_billet tarif=&#8221;19295&#8243; hide_btn=&#8221;hide_achat,hide_recharge&#8221;][vc_bloc_billet tarif=&#8221;19293&#8243; hide_btn=&#8221;hide_achat,hide_recharge&#8221;][\/vc_tta_section][\/vc_tta_accordion][vc_bloc_spacer spacer_hauteur=&#8221;_&#8221;][\/vc_column][\/vc_row][vc_row][vc_column][vc_bloc_titre titre=&#8221;FIXE DATE TICKETS&#8221;]Select your visit date at time of purchase. The presale rate applies when you purchase a ticket at least the day before your visit.[\/vc_bloc_titre][\/vc_column][\/vc_row][vc_row disable_element=&#8221;yes&#8221;][vc_column][vc_bloc_titre_texte titre=&#8221;Spring Break promo &#8211; Fixed date&#8221; alignement=&#8221;centre&#8221;]<span style=\"color: #ee2737;\"><strong>Monday, Feb. 27 to Friday, March 3, 2023 only!<\/strong><\/span><\/p>\n<p><span style=\"color: #ee2737;\"><strong>Starting Feb. 27, toddlers (5 years old and -) ski for free at Mont Soleil!<\/strong><\/span>[\/vc_bloc_titre_texte][vc_bloc_billet tarif=&#8221;26961&#8243; hide_btn=&#8221;hide_recharge&#8221; ancre=&#8221;#tarif-9624&#8243;][vc_bloc_billet tarif=&#8221;26963&#8243; hide_btn=&#8221;hide_recharge&#8221;][vc_bloc_billet tarif=&#8221;26965&#8243; hide_btn=&#8221;hide_recharge&#8221;][vc_bloc_billet tarif=&#8221;26967&#8243; hide_btn=&#8221;hide_recharge&#8221;][\/vc_column][\/vc_row][vc_row disable_element=&#8221;yes&#8221;][vc_column][vc_bloc_titre titre=&#8221;E-tickets &#8211; MONT SOLEIL&#8221;]Fixed date. The presale rate applies when you purchase a ticket at least the day before your visit.[\/vc_bloc_titre][vc_bloc_billet tarif=&#8221;12900&#8243; hide_btn=&#8221;hide_recharge&#8221; ancre=&#8221;#tarif-9624&#8243;][vc_bloc_billet tarif=&#8221;19287&#8243; hide_btn=&#8221;hide_recharge&#8221;][vc_bloc_billet tarif=&#8221;19291&#8243; hide_btn=&#8221;hide_recharge&#8221;][vc_bloc_billet tarif=&#8221;19293&#8243; hide_btn=&#8221;hide_recharge&#8221;][\/vc_column][\/vc_row][vc_row disable_element=&#8221;yes&#8221;][vc_column][vc_bloc_titre titre=&#8221;FIXED DATE &#8211; HALF DAY&#8221;]Select your visit date at time of purchase. The presale rate applies when you purchase a ticket at least the day before your visit.[\/vc_bloc_titre][vc_bloc_billet tarif=&#8221;19285&#8243; hide_btn=&#8221;hide_achat,hide_recharge&#8221;][vc_bloc_billet tarif=&#8221;19287&#8243; hide_btn=&#8221;hide_achat,hide_recharge&#8221;][\/vc_column][\/vc_row][vc_row disable_element=&#8221;yes&#8221; el_id=&#8221;soleilday&#8221;][vc_column][vc_bloc_titre titre=&#8221;FIXED DATE &#8211; 8-HOUR BLOCK&#8221;]Select your visit date at time of purchase. The presale rate applies when you purchase a ticket at least the day before your visit.[\/vc_bloc_titre][vc_bloc_billet tarif=&#8221;13215&#8243; hide_btn=&#8221;hide_achat,hide_recharge&#8221;][vc_bloc_billet tarif=&#8221;12900&#8243; hide_btn=&#8221;hide_achat,hide_recharge&#8221;][\/vc_column][\/vc_row][vc_row disable_element=&#8221;yes&#8221; el_id=&#8221;soleilnight&#8221;][vc_column][vc_bloc_titre titre=&#8221;NIGHT &#8211; AS OF 3 PM&#8221;]Select your visit date at time of purchase. The presale rate applies when you purchase a ticket at least the day before your visit.[\/vc_bloc_titre][vc_bloc_billet tarif=&#8221;19289&#8243; hide_btn=&#8221;hide_achat,hide_recharge&#8221;][vc_bloc_billet tarif=&#8221;19291&#8243; hide_btn=&#8221;hide_achat,hide_recharge&#8221;][vc_bloc_spacer spacer_hauteur=&#8221;30_&#8221;][\/vc_column][\/vc_row][vc_row disable_element=&#8221;yes&#8221;][vc_column][vc_bloc_titre titre=&#8221;NIGHT &#8211; AS OF 5 PM&#8221;]Select your visit date at time of purchase. The presale rate applies when you purchase a ticket at least the day before your visit.[\/vc_bloc_titre][vc_bloc_billet tarif=&#8221;19295&#8243; hide_btn=&#8221;hide_achat,hide_recharge&#8221; ancre=&#8221;#tarif-19295&#8243;][vc_bloc_billet tarif=&#8221;19293&#8243; hide_btn=&#8221;hide_achat,hide_recharge&#8221;][vc_bloc_spacer spacer_hauteur=&#8221;30_&#8221;][\/vc_column][\/vc_row][vc_row disable_element=&#8221;yes&#8221;][vc_column][vc_bloc_levier_achat titre=&#8221;Deferral or refund&#8221; btn_1_lien=&#8221;url:%2Fen%2Fdeferral-or-refund-tickets%2F|title:Make%20a%20request&#8221;]You may defer your ticket to a later date or request a refund up to 5:00 pm the day before your visit. Fill out the form to apply.[\/vc_bloc_levier_achat][\/vc_column][\/vc_row][vc_row disable_element=&#8221;yes&#8221;][vc_column][vc_bloc_spacer spacer_hauteur=&#8221;100_&#8221;][vc_bloc_levier_achat titre=&#8221;Want to ski at all costs?&#8221; btn_1_lien=&#8221;url:%2Fen%2Fequipement-rental%2Fski%2F|title:See%20rental%20packages&#8221;]Ski ticket available for rental of<br \/>\nregular or high performance equipment.<br \/>\nStarting at $64.[\/vc_bloc_levier_achat][\/vc_column][\/vc_row][vc_row disable_element=&#8221;yes&#8221;][vc_column][vc_bloc_texte_img_2col surtitre=&#8221;Carte Apex&#8221; titre=&#8221;\u00c9conomisez et skiez&#8221; btn=&#8221;url:%2Fapex-lest-go%2F|title:Voir%20les%20d%C3%A9tails||&#8221; color_btn=&#8221;lien_cta&#8221; img=&#8221;6095&#8243;]\u00c9conomisez jusqu\u2019\u00e0 40 % de rabais sur les tarifs r\u00e9guliers de nos billets en vous procurant la carte APEX : 2 \u00e0 8 billets qui vous permettent de skier quand vous voulez.[\/vc_bloc_texte_img_2col][vc_bloc_spacer spacer_hauteur=&#8221;_&#8221;][\/vc_column][\/vc_row][vc_row disable_element=&#8221;yes&#8221;][vc_column][vc_bloc_spacer spacer_hauteur=&#8221;_&#8221;][vc_bloc_texte_img_2col surtitre=&#8221;EVENTS&#8221; titre=&#8221;They are back!&#8221; inverse=&#8221;inverse&#8221; btn=&#8221;url:https%3A%2F%2Fwww.bromontmontagne.com%2Fen%2Fevents%2F|title:See%20details&#8221; img=&#8221;25079&#8243;]<\/p>\n<div class=\"desc wp_editor\">\n<p>Spend an evening on the slopes until 1 am and come enjoy with your friends: DJ, Zone d\u00e9fi,\u00a0 animation and surprises on site for the perfect experience.<\/p>\n<\/div>\n<p>[\/vc_bloc_texte_img_2col][vc_bloc_spacer spacer_hauteur=&#8221;100_&#8221;][\/vc_column][\/vc_row][vc_row][vc_column][vc_bloc_levier_service nb_service=&#8221;3&#8243; titre_lv1=&#8221;You hate<br \/>\nlunches?&#8221; content_lv1=&#8221;That&#8217;s good because there&#8217;s no shortage of meal choices here.&#8221; btn_lien_lv1=&#8221;url:%2Fen%2Frestauration%2F|title:Explore%20our%20restos&#8221; titre_lv2=&#8221;Need equipment?&#8221; content_lv2=&#8221;Want to try high performance skis? Forgot your poles? We have everything you need.&#8221; btn_lien_lv2=&#8221;url:%2Fen%2Frepair-shop%2F|title:Explore%20the%20Repair%20Shop&#8221; titre_lv3=&#8221;You don&#8217;t know<br \/>\nskiing?&#8221; content_lv3=&#8221;That&#8217;s not a real excuse. Our 250 monitors are here to help you.&#8221; btn_lien_lv3=&#8221;url:%2Fen%2Fski-school%2F|title:Explore%20the%20Ski%20School&#8221;][\/vc_column][\/vc_row]<\/p>\n<\/div>","protected":false},"excerpt":{"rendered":"<p>[vc_row][vc_column][vc_bloc_spacer spacer_hauteur=&#8221;100_&#8221;][vc_bloc_info titre=&#8221;Make your visit easier with our pick-up boxes&#8221; btn_1_lien=&#8221;url:https%3A%2F%2Fwww.bromontmontagne.com%2Fen%2Fgeneral-information%2Fnew-pick-up-boxes%2F|title:See%20details&#8221;] Buy a ticket online, pick up your reusable card without going through the Ticket Booth and go straight to the chairlifts. [\/vc_bloc_info][vc_bloc_spacer spacer_hauteur=&#8221;100_&#8221;][\/vc_column][\/vc_row][vc_row][vc_column][vc_bloc_titre titre=&#8221;FIXE DATE TICKETS&#8221;]Select your visit date at time of purchase. The presale rate applies when you purchase a ticket at least [&hellip;]<\/p>\n","protected":false},"author":4,"featured_media":0,"parent":0,"menu_order":491,"comment_status":"closed","ping_status":"closed","template":"","meta":{"_acf_changed":false,"footnotes":""},"class_list":["post-26300","page","type-page","status-publish","hentry"],"acf":[],"yoast_head":"<!-- This site is optimized with the Yoast SEO plugin v27.1.1 - https:\/\/yoast.com\/product\/yoast-seo-wordpress\/ -->\n<title>Lift ticket - Ski - Bromont, montagne d&#039;exp\u00e9riences<\/title>\n<meta name=\"description\" content=\"Discover all types of tickets. Day or evening skiing. Save by buying online, at the latest the day before your visit.\" \/>\n<meta name=\"robots\" content=\"index, follow, max-snippet:-1, max-image-preview:large, max-video-preview:-1\" \/>\n<link rel=\"canonical\" href=\"https:\/\/www.bromontmontagne.com\/en\/mont-soleil\/\" \/>\n<meta property=\"og:locale\" content=\"en_US\" \/>\n<meta property=\"og:type\" content=\"article\" \/>\n<meta property=\"og:title\" content=\"Lift ticket - Ski - Bromont, montagne d&#039;exp\u00e9riences\" \/>\n<meta property=\"og:description\" content=\"Discover all types of tickets. Day or evening skiing. Save by buying online, at the latest the day before your visit.\" \/>\n<meta property=\"og:url\" content=\"https:\/\/www.bromontmontagne.com\/en\/mont-soleil\/\" \/>\n<meta property=\"og:site_name\" content=\"Bromont, montagne d&#039;exp\u00e9riences\" \/>\n<meta property=\"article:modified_time\" content=\"2024-09-06T17:49:28+00:00\" \/>\n<meta property=\"og:image\" content=\"https:\/\/www.bromontmontagne.com\/wp-content\/uploads\/2020\/08\/BME-partage_FB.jpg\" \/>\n\t<meta property=\"og:image:width\" content=\"1200\" \/>\n\t<meta property=\"og:image:height\" content=\"630\" \/>\n\t<meta property=\"og:image:type\" content=\"image\/jpeg\" \/>\n<meta name=\"twitter:card\" content=\"summary_large_image\" \/>\n<meta name=\"twitter:label1\" content=\"Est. reading time\" \/>\n\t<meta name=\"twitter:data1\" content=\"4 minutes\" \/>\n<script type=\"application\/ld+json\" class=\"yoast-schema-graph\">{\"@context\":\"https:\/\/schema.org\",\"@graph\":[{\"@type\":\"WebPage\",\"@id\":\"https:\/\/www.bromontmontagne.com\/en\/mont-soleil\/\",\"url\":\"https:\/\/www.bromontmontagne.com\/en\/mont-soleil\/\",\"name\":\"Lift ticket - Ski - Bromont, montagne d&#039;exp\u00e9riences\",\"isPartOf\":{\"@id\":\"https:\/\/www.bromontmontagne.com\/en\/#website\"},\"datePublished\":\"2023-01-17T20:55:49+00:00\",\"dateModified\":\"2024-09-06T17:49:28+00:00\",\"description\":\"Discover all types of tickets. Day or evening skiing. Save by buying online, at the latest the day before your visit.\",\"breadcrumb\":{\"@id\":\"https:\/\/www.bromontmontagne.com\/en\/mont-soleil\/#breadcrumb\"},\"inLanguage\":\"en-CA\",\"potentialAction\":[{\"@type\":\"ReadAction\",\"target\":[\"https:\/\/www.bromontmontagne.com\/en\/mont-soleil\/\"]}]},{\"@type\":\"BreadcrumbList\",\"@id\":\"https:\/\/www.bromontmontagne.com\/en\/mont-soleil\/#breadcrumb\",\"itemListElement\":[{\"@type\":\"ListItem\",\"position\":1,\"name\":\"Homepage\",\"item\":\"https:\/\/www.bromontmontagne.com\/en\/\"},{\"@type\":\"ListItem\",\"position\":2,\"name\":\"Onglet &#8211; tickets Mont soleil\"}]},{\"@type\":\"WebSite\",\"@id\":\"https:\/\/www.bromontmontagne.com\/en\/#website\",\"url\":\"https:\/\/www.bromontmontagne.com\/en\/\",\"name\":\"Bromont, montagne d&#039;exp\u00e9riences\",\"description\":\"\",\"potentialAction\":[{\"@type\":\"SearchAction\",\"target\":{\"@type\":\"EntryPoint\",\"urlTemplate\":\"https:\/\/www.bromontmontagne.com\/en\/?s={search_term_string}\"},\"query-input\":{\"@type\":\"PropertyValueSpecification\",\"valueRequired\":true,\"valueName\":\"search_term_string\"}}],\"inLanguage\":\"en-CA\"}]}<\/script>\n<!-- \/ Yoast SEO plugin. -->","yoast_head_json":{"title":"Lift ticket - Ski - Bromont, montagne d&#039;exp\u00e9riences","description":"Discover all types of tickets. Day or evening skiing. Save by buying online, at the latest the day before your visit.","robots":{"index":"index","follow":"follow","max-snippet":"max-snippet:-1","max-image-preview":"max-image-preview:large","max-video-preview":"max-video-preview:-1"},"canonical":"https:\/\/www.bromontmontagne.com\/en\/mont-soleil\/","og_locale":"en_US","og_type":"article","og_title":"Lift ticket - Ski - Bromont, montagne d&#039;exp\u00e9riences","og_description":"Discover all types of tickets. Day or evening skiing. Save by buying online, at the latest the day before your visit.","og_url":"https:\/\/www.bromontmontagne.com\/en\/mont-soleil\/","og_site_name":"Bromont, montagne d&#039;exp\u00e9riences","article_modified_time":"2024-09-06T17:49:28+00:00","og_image":[{"width":1200,"height":630,"url":"https:\/\/www.bromontmontagne.com\/wp-content\/uploads\/2020\/08\/BME-partage_FB.jpg","type":"image\/jpeg"}],"twitter_card":"summary_large_image","twitter_misc":{"Est. reading time":"4 minutes"},"schema":{"@context":"https:\/\/schema.org","@graph":[{"@type":"WebPage","@id":"https:\/\/www.bromontmontagne.com\/en\/mont-soleil\/","url":"https:\/\/www.bromontmontagne.com\/en\/mont-soleil\/","name":"Lift ticket - Ski - Bromont, montagne d&#039;exp\u00e9riences","isPartOf":{"@id":"https:\/\/www.bromontmontagne.com\/en\/#website"},"datePublished":"2023-01-17T20:55:49+00:00","dateModified":"2024-09-06T17:49:28+00:00","description":"Discover all types of tickets. Day or evening skiing. Save by buying online, at the latest the day before your visit.","breadcrumb":{"@id":"https:\/\/www.bromontmontagne.com\/en\/mont-soleil\/#breadcrumb"},"inLanguage":"en-CA","potentialAction":[{"@type":"ReadAction","target":["https:\/\/www.bromontmontagne.com\/en\/mont-soleil\/"]}]},{"@type":"BreadcrumbList","@id":"https:\/\/www.bromontmontagne.com\/en\/mont-soleil\/#breadcrumb","itemListElement":[{"@type":"ListItem","position":1,"name":"Homepage","item":"https:\/\/www.bromontmontagne.com\/en\/"},{"@type":"ListItem","position":2,"name":"Onglet &#8211; tickets Mont soleil"}]},{"@type":"WebSite","@id":"https:\/\/www.bromontmontagne.com\/en\/#website","url":"https:\/\/www.bromontmontagne.com\/en\/","name":"Bromont, montagne d&#039;exp\u00e9riences","description":"","potentialAction":[{"@type":"SearchAction","target":{"@type":"EntryPoint","urlTemplate":"https:\/\/www.bromontmontagne.com\/en\/?s={search_term_string}"},"query-input":{"@type":"PropertyValueSpecification","valueRequired":true,"valueName":"search_term_string"}}],"inLanguage":"en-CA"}]}},"_links":{"self":[{"href":"https:\/\/www.bromontmontagne.com\/en\/wp-json\/wp\/v2\/pages\/26300","targetHints":{"allow":["GET"]}}],"collection":[{"href":"https:\/\/www.bromontmontagne.com\/en\/wp-json\/wp\/v2\/pages"}],"about":[{"href":"https:\/\/www.bromontmontagne.com\/en\/wp-json\/wp\/v2\/types\/page"}],"author":[{"embeddable":true,"href":"https:\/\/www.bromontmontagne.com\/en\/wp-json\/wp\/v2\/users\/4"}],"replies":[{"embeddable":true,"href":"https:\/\/www.bromontmontagne.com\/en\/wp-json\/wp\/v2\/comments?post=26300"}],"version-history":[{"count":11,"href":"https:\/\/www.bromontmontagne.com\/en\/wp-json\/wp\/v2\/pages\/26300\/revisions"}],"predecessor-version":[{"id":40977,"href":"https:\/\/www.bromontmontagne.com\/en\/wp-json\/wp\/v2\/pages\/26300\/revisions\/40977"}],"wp:attachment":[{"href":"https:\/\/www.bromontmontagne.com\/en\/wp-json\/wp\/v2\/media?parent=26300"}],"curies":[{"name":"wp","href":"https:\/\/api.w.org\/{rel}","templated":true}]}}